{"id":2642,"date":"2026-01-21T13:13:48","date_gmt":"2026-01-21T13:13:48","guid":{"rendered":"https:\/\/thebestofflorianopolis.com\/?page_id=2642"},"modified":"2026-04-02T16:46:50","modified_gmt":"2026-04-02T16:46:50","slug":"passeio-de-caiaque-em-floripa-trilha-aquatica-na-lagoa-e-rio-vermelho","status":"publish","type":"page","link":"https:\/\/thebestofflorianopolis.com\/es\/passeio-de-caiaque-em-floripa-trilha-aquatica-na-lagoa-e-rio-vermelho\/","title":{"rendered":"Passeio de Caiaque em Floripa: Trilha Aqu\u00e1tica na Lagoa e Rio Vermelho"},"content":{"rendered":"<div data-elementor-type=\"wp-page\" data-elementor-id=\"2642\" class=\"elementor elementor-2642\">\n\t\t\t\t<div class=\"elementor-element elementor-element-4a552ebb e-flex e-con-boxed e-con e-parent\" data-id=\"4a552ebb\" data-element_type=\"container\" data-e-type=\"container\">\n\t\t\t\t\t<div class=\"e-con-inner\">\n\t\t\t\t<div class=\"elementor-element elementor-element-69337269 elementor-widget elementor-widget-heading\" data-id=\"69337269\" data-element_type=\"widget\" data-e-type=\"widget\" data-widget_type=\"heading.default\">\n\t\t\t\t<div class=\"elementor-widget-container\">\n\t\t\t\t\t<h2 class=\"elementor-heading-title elementor-size-default\">Passeio de Caiaque em Floripa\n<\/h2>\t\t\t\t<\/div>\n\t\t\t\t<\/div>\n\t\t\t\t\t<\/div>\n\t\t\t\t<\/div>\n\t\t<div class=\"elementor-element elementor-element-21681437 e-flex e-con-boxed e-con e-parent\" data-id=\"21681437\" data-element_type=\"container\" data-e-type=\"container\">\n\t\t\t\t\t<div class=\"e-con-inner\">\n\t\t\t\t<div class=\"elementor-element elementor-element-7aefa5d5 elementor-widget elementor-widget-heading\" data-id=\"7aefa5d5\" data-element_type=\"widget\" data-e-type=\"widget\" data-widget_type=\"heading.default\">\n\t\t\t\t<div class=\"elementor-widget-container\">\n\t\t\t\t\t<h3 class=\"elementor-heading-title elementor-size-default\">Trilha Aqu\u00e1tica na Lagoa e Rio Vermelho<\/h3>\t\t\t\t<\/div>\n\t\t\t\t<\/div>\n\t\t\t\t\t<\/div>\n\t\t\t\t<\/div>\n\t\t<div class=\"elementor-element elementor-element-42142c4b e-flex e-con-boxed e-con e-parent\" data-id=\"42142c4b\" data-element_type=\"container\" data-e-type=\"container\">\n\t\t\t\t\t<div class=\"e-con-inner\">\n\t\t\t\t<div class=\"elementor-element elementor-element-17df8bf0 elementor-widget-divider--view-line elementor-widget elementor-widget-divider\" data-id=\"17df8bf0\" data-element_type=\"widget\" data-e-type=\"widget\" data-widget_type=\"divider.default\">\n\t\t\t\t<div class=\"elementor-widget-container\">\n\t\t\t\t\t\t\t<div class=\"elementor-divider\">\n\t\t\t<span class=\"elementor-divider-separator\">\n\t\t\t\t\t\t<\/span>\n\t\t<\/div>\n\t\t\t\t\t\t<\/div>\n\t\t\t\t<\/div>\n\t\t\t\t\t<\/div>\n\t\t\t\t<\/div>\n\t\t<div class=\"elementor-element elementor-element-4e6bd3d5 e-flex e-con-boxed e-con e-parent\" data-id=\"4e6bd3d5\" data-element_type=\"container\" data-e-type=\"container\">\n\t\t\t\t\t<div class=\"e-con-inner\">\n\t\t\t\t<div class=\"elementor-element elementor-element-17610d19 elementor-widget elementor-widget-heading\" data-id=\"17610d19\" data-element_type=\"widget\" data-e-type=\"widget\" data-widget_type=\"heading.default\">\n\t\t\t\t<div class=\"elementor-widget-container\">\n\t\t\t\t\t<h5 class=\"elementor-heading-title elementor-size-default\"><i>30 de Mar\u00e7o de 2026<\/i><\/h5>\t\t\t\t<\/div>\n\t\t\t\t<\/div>\n\t\t\t\t\t<\/div>\n\t\t\t\t<\/div>\n\t\t<div class=\"elementor-element elementor-element-6ab565fa e-flex e-con-boxed e-con e-parent\" data-id=\"6ab565fa\" data-element_type=\"container\" data-e-type=\"container\">\n\t\t\t\t\t<div class=\"e-con-inner\">\n\t\t\t\t<div class=\"elementor-element elementor-element-335ab76d elementor-widget elementor-widget-text-editor\" data-id=\"335ab76d\" data-element_type=\"widget\" data-e-type=\"widget\" data-widget_type=\"text-editor.default\">\n\t\t\t\t<div class=\"elementor-widget-container\">\n\t\t\t\t\t\t\t\t\t<p>Entre praias, trilhas e mirantes, <strong>Florian\u00f3polis<\/strong> tamb\u00e9m guarda um roteiro pouco \u00f3bvio: uma <strong>trilha aqu\u00e1tica<\/strong> feita de <strong>caiaque<\/strong>, em \u00e1guas tranquilas, passando pela <strong>Lagoa da Concei\u00e7\u00e3o<\/strong> e pelo <strong>Rio Vermelho<\/strong>. A trilha aqu\u00e1tica \u00e9 conduzida pela Adrenailha e acontece em \u00e1reas naturais protegidas, oferecendo um passeio seguro e cheio de paisagens bonitas (que n\u00e3o s\u00e3o acess\u00edveis a p\u00e9)!<\/p><p>Quer viver essa experi\u00eancia em Floripa? Vale a pena <span style=\"text-decoration: underline;\"><strong><a href=\"https:\/\/www.viator.com\/tours\/Florianopolis\/Water-Trail-Lagoon-and-Red-River-by-Adrenailha\/d22387-199897P1?pid=P00134303&amp;mcid=42383&amp;medium=link&amp;campaign=caiaque\">Reservar<\/a><\/strong><\/span> com anteced\u00eancia!<\/p>\t\t\t\t\t\t\t\t<\/div>\n\t\t\t\t<\/div>\n\t\t\t\t\t<\/div>\n\t\t\t\t<\/div>\n\t\t<div class=\"elementor-element elementor-element-5f12af54 e-flex e-con-boxed e-con e-parent\" data-id=\"5f12af54\" data-element_type=\"container\" data-e-type=\"container\">\n\t\t\t\t\t<div class=\"e-con-inner\">\n\t\t\t\t<div class=\"elementor-element elementor-element-16f0ddf5 elementor-widget elementor-widget-image\" data-id=\"16f0ddf5\" data-element_type=\"widget\" data-e-type=\"widget\" data-widget_type=\"image.default\">\n\t\t\t\t<div class=\"elementor-widget-container\">\n\t\t\t\t\t\t\t\t\t\t\t\t<figure class=\"wp-caption\">\n\t\t\t\t\t\t\t\t\t\t<img decoding=\"async\" src=\"https:\/\/dynamic-media.tacdn.com\/media\/photo-o\/2f\/37\/e1\/44\/caption.jpg?w=1100&#038;h=800&#038;s=1\" title=\"\" alt=\"\" loading=\"lazy\" \/>\t\t\t\t\t\t\t\t\t\t\t<figcaption class=\"widget-image-caption wp-caption-text\">Trilha Aqu\u00e1tica de Caiaque (Adrenailha), Leste de Florian\u00f3polis.<\/figcaption>\n\t\t\t\t\t\t\t\t\t\t<\/figure>\n\t\t\t\t\t\t\t\t\t<\/div>\n\t\t\t\t<\/div>\n\t\t\t\t\t<\/div>\n\t\t\t\t<\/div>\n\t\t<div class=\"elementor-element elementor-element-1844f5ca e-flex e-con-boxed e-con e-parent\" data-id=\"1844f5ca\" data-element_type=\"container\" data-e-type=\"container\">\n\t\t\t\t\t<div class=\"e-con-inner\">\n\t\t\t\t<div class=\"elementor-element elementor-element-824304 elementor-widget elementor-widget-heading\" data-id=\"824304\" data-element_type=\"widget\" data-e-type=\"widget\" data-widget_type=\"heading.default\">\n\t\t\t\t<div class=\"elementor-widget-container\">\n\t\t\t\t\t<h2 class=\"elementor-heading-title elementor-size-default\"><h2 style=\"font-style: normal\"><span style=\"font-size: 1.875rem;font-style: inherit\">O que \u00e9 o passeio de caiaque na Lagoa e Rio Vermelho?\n<\/span><span style=\"font-size: 1.875rem;font-style: inherit\"><\/span><\/h2><\/h2>\t\t\t\t<\/div>\n\t\t\t\t<\/div>\n\t\t\t\t\t<\/div>\n\t\t\t\t<\/div>\n\t\t<div class=\"elementor-element elementor-element-6fe65039 e-flex e-con-boxed e-con e-parent\" data-id=\"6fe65039\" data-element_type=\"container\" data-e-type=\"container\">\n\t\t\t\t\t<div class=\"e-con-inner\">\n\t\t\t\t<div class=\"elementor-element elementor-element-7b3c03f0 elementor-widget elementor-widget-text-editor\" data-id=\"7b3c03f0\" data-element_type=\"widget\" data-e-type=\"widget\" data-widget_type=\"text-editor.default\">\n\t\t\t\t<div class=\"elementor-widget-container\">\n\t\t\t\t\t\t\t\t\t<p data-start=\"673\" data-end=\"1122\">O passeio de caiaque na Lagoa e Rio Vermelho \u00e9 uma atividade guiada com dura\u00e7\u00e3o aproximada de <strong>2 horas<\/strong>, realizada em \u00e1guas calmas, ideal para quem nunca remou antes. O trajeto passa por trechos da Lagoa da Concei\u00e7\u00e3o e por rios cercados de vegeta\u00e7\u00e3o nativa, dentro de uma \u00e1rea ambiental preservada de Florian\u00f3polis. Durante todo o percurso, o grupo \u00e9 acompanhado por um <strong>guia experiente<\/strong>, que orienta a remada e compartilha curiosidades sobre o ecossistema local.<\/p>\t\t\t\t\t\t\t\t<\/div>\n\t\t\t\t<\/div>\n\t\t\t\t\t<\/div>\n\t\t\t\t<\/div>\n\t\t<div class=\"elementor-element elementor-element-7da03f7e e-flex e-con-boxed e-con e-parent\" data-id=\"7da03f7e\" data-element_type=\"container\" data-e-type=\"container\">\n\t\t\t\t\t<div class=\"e-con-inner\">\n\t\t\t\t<div class=\"elementor-element elementor-element-543e05b8 elementor-widget elementor-widget-image\" data-id=\"543e05b8\" data-element_type=\"widget\" data-e-type=\"widget\" data-widget_type=\"image.default\">\n\t\t\t\t<div class=\"elementor-widget-container\">\n\t\t\t\t\t\t\t\t\t\t\t\t<figure class=\"wp-caption\">\n\t\t\t\t\t\t\t\t\t\t<img decoding=\"async\" src=\"https:\/\/dynamic-media.tacdn.com\/media\/photo-o\/2f\/37\/ec\/16\/caption.jpg?w=1400&#038;h=1000&#038;s=1\" title=\"\" alt=\"\" loading=\"lazy\" \/>\t\t\t\t\t\t\t\t\t\t\t<figcaption class=\"widget-image-caption wp-caption-text\">Trilha Aqu\u00e1tica de Caiaque (Adrenailha), Leste de Florian\u00f3polis.<\/figcaption>\n\t\t\t\t\t\t\t\t\t\t<\/figure>\n\t\t\t\t\t\t\t\t\t<\/div>\n\t\t\t\t<\/div>\n\t\t\t\t\t<\/div>\n\t\t\t\t<\/div>\n\t\t<div class=\"elementor-element elementor-element-55a14ef2 e-flex e-con-boxed e-con e-parent\" data-id=\"55a14ef2\" data-element_type=\"container\" data-e-type=\"container\">\n\t\t\t\t\t<div class=\"e-con-inner\">\n\t\t\t\t<div class=\"elementor-element elementor-element-33ddd1f6 elementor-widget elementor-widget-heading\" data-id=\"33ddd1f6\" data-element_type=\"widget\" data-e-type=\"widget\" data-widget_type=\"heading.default\">\n\t\t\t\t<div class=\"elementor-widget-container\">\n\t\t\t\t\t<h2 class=\"elementor-heading-title elementor-size-default\"><h2 style=\"font-style: normal\"><span style=\"font-size: 1.875rem;font-style: inherit\">Como funciona o passeio?<\/span><span style=\"font-size: 1.875rem;font-style: inherit\"><\/span><\/h2><\/h2>\t\t\t\t<\/div>\n\t\t\t\t<\/div>\n\t\t\t\t\t<\/div>\n\t\t\t\t<\/div>\n\t\t<div class=\"elementor-element elementor-element-6bd89f4f e-flex e-con-boxed e-con e-parent\" data-id=\"6bd89f4f\" data-element_type=\"container\" data-e-type=\"container\">\n\t\t\t\t\t<div class=\"e-con-inner\">\n\t\t\t\t<div class=\"elementor-element elementor-element-9ddc5a1 elementor-widget elementor-widget-text-editor\" data-id=\"9ddc5a1\" data-element_type=\"widget\" data-e-type=\"widget\" data-widget_type=\"text-editor.default\">\n\t\t\t\t<div class=\"elementor-widget-container\">\n\t\t\t\t\t\t\t\t\t<p>O passeio de caiaque come\u00e7a na <strong>base da Adrenailha<\/strong>, no bairro S\u00e3o Jo\u00e3o do Rio Vermelho. Antes de entrar na \u00e1gua, os participantes recebem <strong>orienta\u00e7\u00f5es b\u00e1sicas de seguran\u00e7a e t\u00e9cnica de remada<\/strong>. A trilha aqu\u00e1tica acontece em ritmo tranquilo, com pausas para descanso, fotos e observa\u00e7\u00e3o da paisagem. O trajeto passa por \u00e1reas de dif\u00edcil acesso por terra, o que torna a experi\u00eancia ainda mais especial!<\/p><p>O esfor\u00e7o f\u00edsico \u00e9 <strong>leve a moderado<\/strong>, sendo um passeio acess\u00edvel para a maioria das pessoas, desde que estejam dispostas a remar por cerca de duas horas.<\/p><p>O que est\u00e1 inclu\u00eddo no passeio?<\/p><ul><li>Caiaque<\/li><li>Remo e colete salva-vidas<\/li><li>Guia especializado durante todo o percurso<\/li><\/ul>\t\t\t\t\t\t\t\t<\/div>\n\t\t\t\t<\/div>\n\t\t\t\t<div class=\"elementor-element elementor-element-4bbeb50d elementor-widget elementor-widget-image\" data-id=\"4bbeb50d\" data-element_type=\"widget\" data-e-type=\"widget\" data-widget_type=\"image.default\">\n\t\t\t\t<div class=\"elementor-widget-container\">\n\t\t\t\t\t\t\t\t\t\t\t\t<figure class=\"wp-caption\">\n\t\t\t\t\t\t\t\t\t\t<img decoding=\"async\" src=\"https:\/\/dynamic-media.tacdn.com\/media\/photo-o\/2f\/37\/fd\/d6\/caption.jpg?w=1400&#038;h=1000&#038;s=1\" title=\"\" alt=\"\" loading=\"lazy\" \/>\t\t\t\t\t\t\t\t\t\t\t<figcaption class=\"widget-image-caption wp-caption-text\">Trilha Aqu\u00e1tica de Caiaque (Adrenailha), Leste de Florian\u00f3polis.<\/figcaption>\n\t\t\t\t\t\t\t\t\t\t<\/figure>\n\t\t\t\t\t\t\t\t\t<\/div>\n\t\t\t\t<\/div>\n\t\t\t\t\t<\/div>\n\t\t\t\t<\/div>\n\t\t<div class=\"elementor-element elementor-element-67c4a36 e-flex e-con-boxed e-con e-parent\" data-id=\"67c4a36\" data-element_type=\"container\" data-e-type=\"container\">\n\t\t\t\t\t<div class=\"e-con-inner\">\n\t\t\t\t<div class=\"elementor-element elementor-element-3797e26 elementor-widget elementor-widget-heading\" data-id=\"3797e26\" data-element_type=\"widget\" data-e-type=\"widget\" data-widget_type=\"heading.default\">\n\t\t\t\t<div class=\"elementor-widget-container\">\n\t\t\t\t\t<h2 class=\"elementor-heading-title elementor-size-default\">Dicas antes de reservar o passeio<\/h2>\t\t\t\t<\/div>\n\t\t\t\t<\/div>\n\t\t\t\t\t<\/div>\n\t\t\t\t<\/div>\n\t\t<div class=\"elementor-element elementor-element-50119454 e-flex e-con-boxed e-con e-parent\" data-id=\"50119454\" data-element_type=\"container\" data-e-type=\"container\">\n\t\t\t\t\t<div class=\"e-con-inner\">\n\t\t\t\t<div class=\"elementor-element elementor-element-ff46a0d elementor-widget elementor-widget-text-editor\" data-id=\"ff46a0d\" data-element_type=\"widget\" data-e-type=\"widget\" data-widget_type=\"text-editor.default\">\n\t\t\t\t<div class=\"elementor-widget-container\">\n\t\t\t\t\t\t\t\t\t<ul><li>Reserve com anteced\u00eancia, especialmente na alta temporada;<\/li><li>Leve protetor solar, repelente e \u00e1gua;<\/li><li>Use roupas confort\u00e1veis e que possam molhar;<\/li><li>Chegue alguns minutos antes do hor\u00e1rio marcado.<\/li><\/ul>\t\t\t\t\t\t\t\t<\/div>\n\t\t\t\t<\/div>\n\t\t\t\t\t<\/div>\n\t\t\t\t<\/div>\n\t\t<div class=\"elementor-element elementor-element-2238737a e-con-full e-flex e-con e-parent\" data-id=\"2238737a\" data-element_type=\"container\" data-e-type=\"container\">\n\t\t\t\t<div class=\"elementor-element elementor-element-7b3f934a elementor-widget__width-initial elementor-widget elementor-widget-image\" data-id=\"7b3f934a\" data-element_type=\"widget\" data-e-type=\"widget\" data-widget_type=\"image.default\">\n\t\t\t\t<div class=\"elementor-widget-container\">\n\t\t\t\t\t\t\t\t\t\t\t\t<figure class=\"wp-caption\">\n\t\t\t\t\t\t\t\t\t\t<img decoding=\"async\" src=\"https:\/\/dynamic-media.tacdn.com\/media\/photo-o\/2f\/3a\/12\/ae\/caption.jpg?w=1400&#038;h=1000&#038;s=1\" title=\"\" alt=\"\" loading=\"lazy\" \/>\t\t\t\t\t\t\t\t\t\t\t<figcaption class=\"widget-image-caption wp-caption-text\">Trilha Aqu\u00e1tica de Caiaque (Adrenailha), Leste de Florian\u00f3polis.<\/figcaption>\n\t\t\t\t\t\t\t\t\t\t<\/figure>\n\t\t\t\t\t\t\t\t\t<\/div>\n\t\t\t\t<\/div>\n\t\t\t\t<\/div>\n\t\t<div class=\"elementor-element elementor-element-7e8867ec e-flex e-con-boxed e-con e-parent\" data-id=\"7e8867ec\" data-element_type=\"container\" data-e-type=\"container\">\n\t\t\t\t\t<div class=\"e-con-inner\">\n\t\t\t\t<div class=\"elementor-element elementor-element-2c4adf70 elementor-widget elementor-widget-heading\" data-id=\"2c4adf70\" data-element_type=\"widget\" data-e-type=\"widget\" data-widget_type=\"heading.default\">\n\t\t\t\t<div class=\"elementor-widget-container\">\n\t\t\t\t\t<h2 class=\"elementor-heading-title elementor-size-default\">Por que esse passeio de caiaque vale a pena?\n<\/h2>\t\t\t\t<\/div>\n\t\t\t\t<\/div>\n\t\t\t\t<div class=\"elementor-element elementor-element-5c7ca5ef elementor-widget elementor-widget-text-editor\" data-id=\"5c7ca5ef\" data-element_type=\"widget\" data-e-type=\"widget\" data-widget_type=\"text-editor.default\">\n\t\t\t\t<div class=\"elementor-widget-container\">\n\t\t\t\t\t\t\t\t\t<p><span style=\"font-weight: 400;\">Porque ele \u00e9 diferente de tudo que voc\u00ea costuma fazer em Floripa: um jeito de conhecer um lado da ilha que a maioria dos turistas nunca v\u00ea! Nada de praia lotada ou tr\u00e2nsito\u2026\u00a0<\/span><\/p><p data-start=\"2596\" data-end=\"2877\">\u00a0<\/p><p><span style=\"font-weight: 400;\">Porque \u00e9 tranquilo e divertido (mesmo se voc\u00ea nunca pegou um caiaque antes).<\/span><\/p><p data-start=\"2596\" data-end=\"2877\">\u00a0<\/p><p><span style=\"font-weight: 400;\">E porque, no fim, \u00e9 daquelas experi\u00eancias que ficam na mem\u00f3ria!<\/span><\/p><p data-start=\"2596\" data-end=\"2877\"><br \/><span style=\"font-weight: 400;\">Quer garantir sua vaga e viver essa experi\u00eancia em Floripa? <\/span><span style=\"text-decoration: underline;\"><strong><a href=\"https:\/\/www.viator.com\/tours\/Florianopolis\/Water-Trail-Lagoon-and-Red-River-by-Adrenailha\/d22387-199897P1?pid=P00134303&amp;mcid=42383&amp;medium=link&amp;campaign=caiaque\">Clique Aqui<\/a><\/strong><\/span><span style=\"font-weight: 400;\"> para reservar o passeio!<\/span><\/p><p data-start=\"2947\" data-end=\"3062\">\u00a0<\/p>\t\t\t\t\t\t\t\t<\/div>\n\t\t\t\t<\/div>\n\t\t\t\t<div class=\"elementor-element elementor-element-46c42865 elementor-widget elementor-widget-spacer\" data-id=\"46c42865\" data-element_type=\"widget\" data-e-type=\"widget\" data-widget_type=\"spacer.default\">\n\t\t\t\t<div class=\"elementor-widget-container\">\n\t\t\t\t\t\t\t<div class=\"elementor-spacer\">\n\t\t\t<div class=\"elementor-spacer-inner\"><\/div>\n\t\t<\/div>\n\t\t\t\t\t\t<\/div>\n\t\t\t\t<\/div>\n\t\t\t\t\t<\/div>\n\t\t\t\t<\/div>\n\t\t<div class=\"elementor-element elementor-element-1a825e00 e-flex e-con-boxed e-con e-parent\" data-id=\"1a825e00\" data-element_type=\"container\" data-e-type=\"container\">\n\t\t\t\t\t<div class=\"e-con-inner\">\n\t\t<div class=\"elementor-element elementor-element-4105a3d9 e-con-full e-flex e-con e-child\" data-id=\"4105a3d9\" data-element_type=\"container\" data-e-type=\"container\">\n\t\t\t\t<div class=\"elementor-element elementor-element-55942c4a elementor-widget__width-initial elementor-widget elementor-widget-image\" data-id=\"55942c4a\" data-element_type=\"widget\" data-e-type=\"widget\" data-widget_type=\"image.default\">\n\t\t\t\t<div class=\"elementor-widget-container\">\n\t\t\t\t\t\t\t\t\t\t\t\t\t\t\t<img fetchpriority=\"high\" decoding=\"async\" width=\"1024\" height=\"1024\" src=\"https:\/\/thebestofflorianopolis.com\/wp-content\/uploads\/2025\/08\/20250803_164311-edited-1-1024x1024.jpg\" class=\"attachment-large size-large wp-image-2265\" alt=\"\" srcset=\"https:\/\/thebestofflorianopolis.com\/wp-content\/uploads\/2025\/08\/20250803_164311-edited-1-1024x1024.jpg 1024w, https:\/\/thebestofflorianopolis.com\/wp-content\/uploads\/2025\/08\/20250803_164311-edited-1-300x300.jpg 300w, https:\/\/thebestofflorianopolis.com\/wp-content\/uploads\/2025\/08\/20250803_164311-edited-1-150x150.jpg 150w, https:\/\/thebestofflorianopolis.com\/wp-content\/uploads\/2025\/08\/20250803_164311-edited-1-768x769.jpg 768w, https:\/\/thebestofflorianopolis.com\/wp-content\/uploads\/2025\/08\/20250803_164311-edited-1-1536x1536.jpg 1536w, https:\/\/thebestofflorianopolis.com\/wp-content\/uploads\/2025\/08\/20250803_164311-edited-1-2046x2048.jpg 2046w, https:\/\/thebestofflorianopolis.com\/wp-content\/uploads\/2025\/08\/20250803_164311-edited-1-12x12.jpg 12w\" sizes=\"(max-width: 1024px) 100vw, 1024px\" \/>\t\t\t\t\t\t\t\t\t\t\t\t\t\t\t<\/div>\n\t\t\t\t<\/div>\n\t\t\t\t<\/div>\n\t\t<div class=\"elementor-element elementor-element-518cbf90 e-con-full e-flex e-con e-child\" data-id=\"518cbf90\" data-element_type=\"container\" data-e-type=\"container\">\n\t\t\t\t<div class=\"elementor-element elementor-element-6e81acbe elementor-widget elementor-widget-text-editor\" data-id=\"6e81acbe\" data-element_type=\"widget\" data-e-type=\"widget\" data-widget_type=\"text-editor.default\">\n\t\t\t\t<div class=\"elementor-widget-container\">\n\t\t\t\t\t\t\t\t\t<p><b>Gabriela Scherer Sim\u00f5es Lopes<\/b><\/p>\t\t\t\t\t\t\t\t<\/div>\n\t\t\t\t<\/div>\n\t\t\t\t<div class=\"elementor-element elementor-element-5f985761 elementor-widget elementor-widget-text-editor\" data-id=\"5f985761\" data-element_type=\"widget\" data-e-type=\"widget\" data-widget_type=\"text-editor.default\">\n\t\t\t\t<div class=\"elementor-widget-container\">\n\t\t\t\t\t\t\t\t\t<p><i>Autora<\/i><\/p>\t\t\t\t\t\t\t\t<\/div>\n\t\t\t\t<\/div>\n\t\t\t\t<div class=\"elementor-element elementor-element-67dda08b elementor-widget elementor-widget-text-editor\" data-id=\"67dda08b\" data-element_type=\"widget\" data-e-type=\"widget\" data-widget_type=\"text-editor.default\">\n\t\t\t\t<div class=\"elementor-widget-container\">\n\t\t\t\t\t\t\t\t\t<p data-start=\"54\" data-end=\"288\">Sou estudante de cinema, apaixonada por cultura e hist\u00f3rias que conectam pessoas. Dan\u00e7o h\u00e1 mais de sete anos e j\u00e1 explorei sete pa\u00edses em busca de novas inspira\u00e7\u00f5es. Entre uma foto e uma boa conversa, sigo vivendo a arte todos os dias.<\/p>\t\t\t\t\t\t\t\t<\/div>\n\t\t\t\t<\/div>\n\t\t\t\t<\/div>\n\t\t\t\t\t<\/div>\n\t\t\t\t<\/div>\n\t\t\t\t<\/div>","protected":false},"excerpt":{"rendered":"<p>Passeio de Caiaque em Floripa Trilha Aqu\u00e1tica na Lagoa e Rio Vermelho 30 de Mar\u00e7o de 2026 Entre praias, trilhas e mirantes, Florian\u00f3polis tamb\u00e9m guarda um roteiro pouco \u00f3bvio: uma trilha aqu\u00e1tica feita de caiaque, em \u00e1guas tranquilas, passando pela Lagoa da Concei\u00e7\u00e3o e pelo Rio Vermelho. A trilha aqu\u00e1tica \u00e9 conduzida pela Adrenailha e &hellip;<\/p>\n<p class=\"read-more\"> <a class=\"\" href=\"https:\/\/thebestofflorianopolis.com\/es\/passeio-de-caiaque-em-floripa-trilha-aquatica-na-lagoa-e-rio-vermelho\/\"> <span class=\"screen-reader-text\">Passeio de Caiaque em Floripa: Trilha Aqu\u00e1tica na Lagoa e Rio Vermelho<\/span> Leer m\u00e1s &raquo;<\/a><\/p>","protected":false},"author":1,"featured_media":0,"parent":0,"menu_order":0,"comment_status":"closed","ping_status":"closed","template":"","meta":{"site-sidebar-layout":"no-sidebar","site-content-layout":"page-builder","ast-site-content-layout":"full-width-container","site-content-style":"default","site-sidebar-style":"default","ast-global-header-display":"","ast-banner-title-visibility":"","ast-main-header-display":"","ast-hfb-above-header-display":"","ast-hfb-below-header-display":"","ast-hfb-mobile-header-display":"","site-post-title":"disabled","ast-breadcrumbs-content":"","ast-featured-img":"disabled","footer-sml-layout":"","theme-transparent-header-meta":"","adv-header-id-meta":"","stick-header-meta":"","header-above-stick-meta":"","header-main-stick-meta":"","header-below-stick-meta":"","astra-migrate-meta-layouts":"set","footnotes":""},"class_list":["post-2642","page","type-page","status-publish","hentry"],"_links":{"self":[{"href":"https:\/\/thebestofflorianopolis.com\/es\/wp-json\/wp\/v2\/pages\/2642","targetHints":{"allow":["GET"]}}],"collection":[{"href":"https:\/\/thebestofflorianopolis.com\/es\/wp-json\/wp\/v2\/pages"}],"about":[{"href":"https:\/\/thebestofflorianopolis.com\/es\/wp-json\/wp\/v2\/types\/page"}],"author":[{"embeddable":true,"href":"https:\/\/thebestofflorianopolis.com\/es\/wp-json\/wp\/v2\/users\/1"}],"replies":[{"embeddable":true,"href":"https:\/\/thebestofflorianopolis.com\/es\/wp-json\/wp\/v2\/comments?post=2642"}],"version-history":[{"count":10,"href":"https:\/\/thebestofflorianopolis.com\/es\/wp-json\/wp\/v2\/pages\/2642\/revisions"}],"predecessor-version":[{"id":2912,"href":"https:\/\/thebestofflorianopolis.com\/es\/wp-json\/wp\/v2\/pages\/2642\/revisions\/2912"}],"wp:attachment":[{"href":"https:\/\/thebestofflorianopolis.com\/es\/wp-json\/wp\/v2\/media?parent=2642"}],"curies":[{"name":"wp","href":"https:\/\/api.w.org\/{rel}","templated":true}]}}