{"id":2630,"date":"2026-01-15T20:48:41","date_gmt":"2026-01-15T20:48:41","guid":{"rendered":"https:\/\/thebestofflorianopolis.com\/?page_id=2630"},"modified":"2026-04-02T16:51:55","modified_gmt":"2026-04-02T16:51:55","slug":"aprenda-a-surfar-na-ilha-da-magia-aula-de-surf-com-instrutor-qualificado-em-florianopolis","status":"publish","type":"page","link":"https:\/\/thebestofflorianopolis.com\/es\/aprenda-a-surfar-na-ilha-da-magia-aula-de-surf-com-instrutor-qualificado-em-florianopolis\/","title":{"rendered":"Aprenda a Surfar na Ilha da Magia: Aula de Surf com Instrutor Qualificado em Florian\u00f3polis"},"content":{"rendered":"<div data-elementor-type=\"wp-page\" data-elementor-id=\"2630\" class=\"elementor elementor-2630\">\n\t\t\t\t<div class=\"elementor-element elementor-element-6ee9335d e-flex e-con-boxed e-con e-parent\" data-id=\"6ee9335d\" data-element_type=\"container\" data-e-type=\"container\">\n\t\t\t\t\t<div class=\"e-con-inner\">\n\t\t\t\t<div class=\"elementor-element elementor-element-2d7df655 elementor-widget elementor-widget-heading\" data-id=\"2d7df655\" data-element_type=\"widget\" data-e-type=\"widget\" data-widget_type=\"heading.default\">\n\t\t\t\t<div class=\"elementor-widget-container\">\n\t\t\t\t\t<h2 class=\"elementor-heading-title elementor-size-default\">Aprenda a Surfar na Ilha da Magia!<\/h2>\t\t\t\t<\/div>\n\t\t\t\t<\/div>\n\t\t\t\t\t<\/div>\n\t\t\t\t<\/div>\n\t\t<div class=\"elementor-element elementor-element-782fe7e e-flex e-con-boxed e-con e-parent\" data-id=\"782fe7e\" data-element_type=\"container\" data-e-type=\"container\">\n\t\t\t\t\t<div class=\"e-con-inner\">\n\t\t\t\t<div class=\"elementor-element elementor-element-1a66673e elementor-widget elementor-widget-heading\" data-id=\"1a66673e\" data-element_type=\"widget\" data-e-type=\"widget\" data-widget_type=\"heading.default\">\n\t\t\t\t<div class=\"elementor-widget-container\">\n\t\t\t\t\t<h3 class=\"elementor-heading-title elementor-size-default\">Aula de Surf com Instrutor Qualificado em Florian\u00f3polis<\/h3>\t\t\t\t<\/div>\n\t\t\t\t<\/div>\n\t\t\t\t\t<\/div>\n\t\t\t\t<\/div>\n\t\t<div class=\"elementor-element elementor-element-2b442ae6 e-flex e-con-boxed e-con e-parent\" data-id=\"2b442ae6\" data-element_type=\"container\" data-e-type=\"container\">\n\t\t\t\t\t<div class=\"e-con-inner\">\n\t\t\t\t<div class=\"elementor-element elementor-element-30e13878 elementor-widget-divider--view-line elementor-widget elementor-widget-divider\" data-id=\"30e13878\" data-element_type=\"widget\" data-e-type=\"widget\" data-widget_type=\"divider.default\">\n\t\t\t\t<div class=\"elementor-widget-container\">\n\t\t\t\t\t\t\t<div class=\"elementor-divider\">\n\t\t\t<span class=\"elementor-divider-separator\">\n\t\t\t\t\t\t<\/span>\n\t\t<\/div>\n\t\t\t\t\t\t<\/div>\n\t\t\t\t<\/div>\n\t\t\t\t\t<\/div>\n\t\t\t\t<\/div>\n\t\t<div class=\"elementor-element elementor-element-69c86c07 e-flex e-con-boxed e-con e-parent\" data-id=\"69c86c07\" data-element_type=\"container\" data-e-type=\"container\">\n\t\t\t\t\t<div class=\"e-con-inner\">\n\t\t\t\t<div class=\"elementor-element elementor-element-3916e86d elementor-widget elementor-widget-heading\" data-id=\"3916e86d\" data-element_type=\"widget\" data-e-type=\"widget\" data-widget_type=\"heading.default\">\n\t\t\t\t<div class=\"elementor-widget-container\">\n\t\t\t\t\t<h5 class=\"elementor-heading-title elementor-size-default\"><i>4 de Fevereiro de 2026<\/i><\/h5>\t\t\t\t<\/div>\n\t\t\t\t<\/div>\n\t\t\t\t\t<\/div>\n\t\t\t\t<\/div>\n\t\t<div class=\"elementor-element elementor-element-2eef048d e-flex e-con-boxed e-con e-parent\" data-id=\"2eef048d\" data-element_type=\"container\" data-e-type=\"container\">\n\t\t\t\t\t<div class=\"e-con-inner\">\n\t\t\t\t<div class=\"elementor-element elementor-element-57832dd7 elementor-widget elementor-widget-text-editor\" data-id=\"57832dd7\" data-element_type=\"widget\" data-e-type=\"widget\" data-widget_type=\"text-editor.default\">\n\t\t\t\t<div class=\"elementor-widget-container\">\n\t\t\t\t\t\t\t\t\t<p><span style=\"font-weight: 400;\"><strong>Florian\u00f3polis<\/strong> \u00e9 um dos destinos mais desejados do Brasil quando o assunto \u00e9 praia, natureza e esportes ao ar livre. E se tem uma atividade que combina perfeitamente com o esp\u00edrito da ilha, \u00e9 o<strong> surf<\/strong>. Fazer uma aula de surf com um <strong>instrutor qualificado<\/strong> em Florian\u00f3polis \u00e9 a oportunidade ideal para quem sempre teve vontade de entrar no mar e pegar a primeira onda!<\/span><\/p><p><span style=\"font-weight: 400;\">Essa experi\u00eancia acontece na <strong>Barra da Lagoa<\/strong>, uma das praias mais tradicionais da cidade e conhecida justamente por oferecer ondas mais suaves, ideais para iniciantes. Com <strong>dura\u00e7\u00e3o aproximada de 1h30<\/strong> (e oferecidas em <strong>portugu\u00eas, espanhol ou ingl\u00eas<\/strong>), a aula \u00e9 pensada para que voc\u00ea aprenda de forma segura, divertida e sem press\u00e3o, respeitando seu ritmo e n\u00edvel de habilidade.<\/span><\/p><p><a href=\"https:\/\/www.viator.com\/tours\/Florianopolis\/Surf-Lesson-with-Qualified-Instructor-in-Florianopolis\/d22387-218068P2?pid=P00134303&amp;mcid=42383&amp;medium=link&amp;campaign=surf\"><span style=\"font-weight: 400;\"><span style=\"text-decoration: underline;\"><strong>Clique Aqui<\/strong><\/span><\/span><\/a><span style=\"font-weight: 400;\"> e viva a experi\u00eancia do surf na Ilha da Magia!<\/span><\/p>\t\t\t\t\t\t\t\t<\/div>\n\t\t\t\t<\/div>\n\t\t\t\t\t<\/div>\n\t\t\t\t<\/div>\n\t\t<div class=\"elementor-element elementor-element-7eb3c235 e-flex e-con-boxed e-con e-parent\" data-id=\"7eb3c235\" data-element_type=\"container\" data-e-type=\"container\">\n\t\t\t\t\t<div class=\"e-con-inner\">\n\t\t\t\t<div class=\"elementor-element elementor-element-3663e220 elementor-widget elementor-widget-image\" data-id=\"3663e220\" data-element_type=\"widget\" data-e-type=\"widget\" data-widget_type=\"image.default\">\n\t\t\t\t<div class=\"elementor-widget-container\">\n\t\t\t\t\t\t\t\t\t\t\t\t<figure class=\"wp-caption\">\n\t\t\t\t\t\t\t\t\t\t<img decoding=\"async\" src=\"https:\/\/dynamic-media.tacdn.com\/media\/photo-o\/2f\/37\/dd\/68\/caption.jpg?w=1400&#038;h=1000&#038;s=1\" title=\"\" alt=\"\" loading=\"lazy\" \/>\t\t\t\t\t\t\t\t\t\t\t<figcaption class=\"widget-image-caption wp-caption-text\">Aula de Surf, Barra da Lagoa. Foto: Viator.<\/figcaption>\n\t\t\t\t\t\t\t\t\t\t<\/figure>\n\t\t\t\t\t\t\t\t\t<\/div>\n\t\t\t\t<\/div>\n\t\t\t\t\t<\/div>\n\t\t\t\t<\/div>\n\t\t<div class=\"elementor-element elementor-element-d2967d5 e-flex e-con-boxed e-con e-parent\" data-id=\"d2967d5\" data-element_type=\"container\" data-e-type=\"container\">\n\t\t\t\t\t<div class=\"e-con-inner\">\n\t\t\t\t<div class=\"elementor-element elementor-element-5a5cc0d2 elementor-widget elementor-widget-heading\" data-id=\"5a5cc0d2\" data-element_type=\"widget\" data-e-type=\"widget\" data-widget_type=\"heading.default\">\n\t\t\t\t<div class=\"elementor-widget-container\">\n\t\t\t\t\t<h2 class=\"elementor-heading-title elementor-size-default\"><h2 style=\"font-style: normal\"><span style=\"font-size: 1.875rem;font-style: inherit\">Como funciona a aula de surf?\n<\/span><span style=\"font-size: 1.875rem;font-style: inherit\"><\/span><\/h2><\/h2>\t\t\t\t<\/div>\n\t\t\t\t<\/div>\n\t\t\t\t\t<\/div>\n\t\t\t\t<\/div>\n\t\t<div class=\"elementor-element elementor-element-3c5be58f e-flex e-con-boxed e-con e-parent\" data-id=\"3c5be58f\" data-element_type=\"container\" data-e-type=\"container\">\n\t\t\t\t\t<div class=\"e-con-inner\">\n\t\t\t\t<div class=\"elementor-element elementor-element-647067c9 elementor-widget elementor-widget-text-editor\" data-id=\"647067c9\" data-element_type=\"widget\" data-e-type=\"widget\" data-widget_type=\"text-editor.default\">\n\t\t\t\t<div class=\"elementor-widget-container\">\n\t\t\t\t\t\t\t\t\t<p><span style=\"font-weight: 400;\">A atividade come\u00e7a com uma <strong>parte te\u00f3rica<\/strong> na areia, onde o instrutor explica no\u00e7\u00f5es b\u00e1sicas de seguran\u00e7a, posicionamento na prancha e t\u00e9cnicas fundamentais para se levantar corretamente. Depois dessa introdu\u00e7\u00e3o, \u00e9 <strong>hora de ir para o mar<\/strong> e colocar tudo em pr\u00e1tica. O instrutor acompanha de perto, dando orienta\u00e7\u00f5es individualizadas e ajudando voc\u00ea a pegar suas primeiras ondas.<\/span><\/p><p><span style=\"font-weight: 400;\">Todo o equipamento necess\u00e1rio j\u00e1 est\u00e1 inclu\u00eddo na experi\u00eancia, como <strong>prancha de surf e roupa de borracha<\/strong>, o que traz mais conforto e tranquilidade, especialmente para quem nunca surfou antes. Al\u00e9m disso, as aulas s\u00e3o realizadas em grupos pequenos, o que garante mais aten\u00e7\u00e3o do instrutor!<\/span><\/p>\t\t\t\t\t\t\t\t<\/div>\n\t\t\t\t<\/div>\n\t\t\t\t\t<\/div>\n\t\t\t\t<\/div>\n\t\t<div class=\"elementor-element elementor-element-7ad5a15a e-flex e-con-boxed e-con e-parent\" data-id=\"7ad5a15a\" data-element_type=\"container\" data-e-type=\"container\">\n\t\t\t\t\t<div class=\"e-con-inner\">\n\t\t\t\t<div class=\"elementor-element elementor-element-5f10cacc elementor-widget elementor-widget-image\" data-id=\"5f10cacc\" data-element_type=\"widget\" data-e-type=\"widget\" data-widget_type=\"image.default\">\n\t\t\t\t<div class=\"elementor-widget-container\">\n\t\t\t\t\t\t\t\t\t\t\t\t<figure class=\"wp-caption\">\n\t\t\t\t\t\t\t\t\t\t<img decoding=\"async\" src=\"https:\/\/dynamic-media.tacdn.com\/media\/photo-o\/2f\/37\/e1\/9e\/caption.jpg?w=1400&#038;h=1000&#038;s=1\" title=\"\" alt=\"\" loading=\"lazy\" \/>\t\t\t\t\t\t\t\t\t\t\t<figcaption class=\"widget-image-caption wp-caption-text\">Aula de Surf, Barra da Lagoa. Foto: Viator.<\/figcaption>\n\t\t\t\t\t\t\t\t\t\t<\/figure>\n\t\t\t\t\t\t\t\t\t<\/div>\n\t\t\t\t<\/div>\n\t\t\t\t\t<\/div>\n\t\t\t\t<\/div>\n\t\t<div class=\"elementor-element elementor-element-623e9d27 e-flex e-con-boxed e-con e-parent\" data-id=\"623e9d27\" data-element_type=\"container\" data-e-type=\"container\">\n\t\t\t\t\t<div class=\"e-con-inner\">\n\t\t\t\t<div class=\"elementor-element elementor-element-77394230 elementor-widget elementor-widget-heading\" data-id=\"77394230\" data-element_type=\"widget\" data-e-type=\"widget\" data-widget_type=\"heading.default\">\n\t\t\t\t<div class=\"elementor-widget-container\">\n\t\t\t\t\t<h2 class=\"elementor-heading-title elementor-size-default\"><h2 style=\"font-style: normal\"><span style=\"font-size: 1.875rem;font-style: inherit\">Para quem essa experi\u00eancia \u00e9 indicada?<\/span><span style=\"font-size: 1.875rem;font-style: inherit\"><\/span><\/h2><\/h2>\t\t\t\t<\/div>\n\t\t\t\t<\/div>\n\t\t\t\t\t<\/div>\n\t\t\t\t<\/div>\n\t\t<div class=\"elementor-element elementor-element-12b9deea e-flex e-con-boxed e-con e-parent\" data-id=\"12b9deea\" data-element_type=\"container\" data-e-type=\"container\">\n\t\t\t\t\t<div class=\"e-con-inner\">\n\t\t\t\t<div class=\"elementor-element elementor-element-1345714c elementor-widget elementor-widget-text-editor\" data-id=\"1345714c\" data-element_type=\"widget\" data-e-type=\"widget\" data-widget_type=\"text-editor.default\">\n\t\t\t\t<div class=\"elementor-widget-container\">\n\t\t\t\t\t\t\t\t\t<p><span style=\"font-weight: 400;\">A aula de surf em Florian\u00f3polis \u00e9 perfeita para quem est\u00e1 <strong>surfando pela primeira vez<\/strong>, mas tamb\u00e9m pode agradar quem j\u00e1 tentou alguma vez e quer melhorar a t\u00e9cnica. \u00c9 uma atividade muito procurada por viajantes solo, casais e at\u00e9 grupos de amigos que querem viver algo diferente durante a viagem. N\u00e3o \u00e9 preciso ter preparo f\u00edsico espec\u00edfico, apenas disposi\u00e7\u00e3o para se divertir e aproveitar o mar.<\/span><\/p><p><span style=\"font-weight: 400;\">Outro ponto positivo \u00e9 a flexibilidade: caso seus planos mudem, o passeio oferece <strong>cancelamento gratuito at\u00e9 24 horas antes<\/strong>, o que d\u00e1 mais seguran\u00e7a na hora de reservar.<\/span><\/p>\t\t\t\t\t\t\t\t<\/div>\n\t\t\t\t<\/div>\n\t\t\t\t<div class=\"elementor-element elementor-element-4ea333bd elementor-widget elementor-widget-image\" data-id=\"4ea333bd\" data-element_type=\"widget\" data-e-type=\"widget\" data-widget_type=\"image.default\">\n\t\t\t\t<div class=\"elementor-widget-container\">\n\t\t\t\t\t\t\t\t\t\t\t\t<figure class=\"wp-caption\">\n\t\t\t\t\t\t\t\t\t\t<img decoding=\"async\" src=\"https:\/\/media.tacdn.com\/media\/photo-m\/1280\/2b\/41\/67\/57\/caption.jpg\" title=\"\" alt=\"\" loading=\"lazy\" \/>\t\t\t\t\t\t\t\t\t\t\t<figcaption class=\"widget-image-caption wp-caption-text\">Aula de Surf, Barra da Lagoa. Foto: Viator.<\/figcaption>\n\t\t\t\t\t\t\t\t\t\t<\/figure>\n\t\t\t\t\t\t\t\t\t<\/div>\n\t\t\t\t<\/div>\n\t\t\t\t\t<\/div>\n\t\t\t\t<\/div>\n\t\t<div class=\"elementor-element elementor-element-5d66550 e-flex e-con-boxed e-con e-parent\" data-id=\"5d66550\" data-element_type=\"container\" data-e-type=\"container\">\n\t\t\t\t\t<div class=\"e-con-inner\">\n\t\t\t\t<div class=\"elementor-element elementor-element-d0d8c19 elementor-widget elementor-widget-heading\" data-id=\"d0d8c19\" data-element_type=\"widget\" data-e-type=\"widget\" data-widget_type=\"heading.default\">\n\t\t\t\t<div class=\"elementor-widget-container\">\n\t\t\t\t\t<h2 class=\"elementor-heading-title elementor-size-default\">Vale a pena reservar?<\/h2>\t\t\t\t<\/div>\n\t\t\t\t<\/div>\n\t\t\t\t\t<\/div>\n\t\t\t\t<\/div>\n\t\t<div class=\"elementor-element elementor-element-581f9678 e-flex e-con-boxed e-con e-parent\" data-id=\"581f9678\" data-element_type=\"container\" data-e-type=\"container\">\n\t\t\t\t\t<div class=\"e-con-inner\">\n\t\t\t\t<div class=\"elementor-element elementor-element-2e638a9d elementor-widget elementor-widget-text-editor\" data-id=\"2e638a9d\" data-element_type=\"widget\" data-e-type=\"widget\" data-widget_type=\"text-editor.default\">\n\t\t\t\t<div class=\"elementor-widget-container\">\n\t\t\t\t\t\t\t\t\t<p><span style=\"font-weight: 400;\">Se voc\u00ea quer incluir uma atividade diferente, divertida e com a cara de Florian\u00f3polis no seu roteiro, a aula de surf na Barra \u00e9 uma excelente escolha! E se voc\u00ea sempre teve curiosidade de surfar, mas nunca se sentiu confiante para tentar, essa \u00e9 a oportunidade perfeita.<\/span><\/p><p><br \/><span style=\"text-decoration: underline;\"><strong><a href=\"https:\/\/www.viator.com\/tours\/Florianopolis\/Surf-Lesson-with-Qualified-Instructor-in-Florianopolis\/d22387-218068P2?pid=P00134303&amp;mcid=42383&amp;medium=link&amp;campaign=surf\">Reserve Aqui<\/a><\/strong><\/span><span style=\"font-weight: 400;\"> sua aula de surf agora e garanta sua vaga!<\/span><\/p>\t\t\t\t\t\t\t\t<\/div>\n\t\t\t\t<\/div>\n\t\t\t\t<div class=\"elementor-element elementor-element-a5ab524 elementor-widget elementor-widget-spacer\" data-id=\"a5ab524\" data-element_type=\"widget\" data-e-type=\"widget\" data-widget_type=\"spacer.default\">\n\t\t\t\t<div class=\"elementor-widget-container\">\n\t\t\t\t\t\t\t<div class=\"elementor-spacer\">\n\t\t\t<div class=\"elementor-spacer-inner\"><\/div>\n\t\t<\/div>\n\t\t\t\t\t\t<\/div>\n\t\t\t\t<\/div>\n\t\t\t\t\t<\/div>\n\t\t\t\t<\/div>\n\t\t<div class=\"elementor-element elementor-element-63bfd1f4 e-flex e-con-boxed e-con e-parent\" data-id=\"63bfd1f4\" data-element_type=\"container\" data-e-type=\"container\">\n\t\t\t\t\t<div class=\"e-con-inner\">\n\t\t<div class=\"elementor-element elementor-element-3c90e10c e-con-full e-flex e-con e-child\" data-id=\"3c90e10c\" data-element_type=\"container\" data-e-type=\"container\">\n\t\t\t\t<div class=\"elementor-element elementor-element-50345246 elementor-widget__width-initial elementor-widget elementor-widget-image\" data-id=\"50345246\" data-element_type=\"widget\" data-e-type=\"widget\" data-widget_type=\"image.default\">\n\t\t\t\t<div class=\"elementor-widget-container\">\n\t\t\t\t\t\t\t\t\t\t\t\t\t\t\t<img fetchpriority=\"high\" decoding=\"async\" width=\"1024\" height=\"1024\" src=\"https:\/\/thebestofflorianopolis.com\/wp-content\/uploads\/2025\/08\/20250803_164311-edited-1-1024x1024.jpg\" class=\"attachment-large size-large wp-image-2265\" alt=\"\" srcset=\"https:\/\/thebestofflorianopolis.com\/wp-content\/uploads\/2025\/08\/20250803_164311-edited-1-1024x1024.jpg 1024w, https:\/\/thebestofflorianopolis.com\/wp-content\/uploads\/2025\/08\/20250803_164311-edited-1-300x300.jpg 300w, https:\/\/thebestofflorianopolis.com\/wp-content\/uploads\/2025\/08\/20250803_164311-edited-1-150x150.jpg 150w, https:\/\/thebestofflorianopolis.com\/wp-content\/uploads\/2025\/08\/20250803_164311-edited-1-768x769.jpg 768w, https:\/\/thebestofflorianopolis.com\/wp-content\/uploads\/2025\/08\/20250803_164311-edited-1-1536x1536.jpg 1536w, https:\/\/thebestofflorianopolis.com\/wp-content\/uploads\/2025\/08\/20250803_164311-edited-1-2046x2048.jpg 2046w, https:\/\/thebestofflorianopolis.com\/wp-content\/uploads\/2025\/08\/20250803_164311-edited-1-12x12.jpg 12w\" sizes=\"(max-width: 1024px) 100vw, 1024px\" \/>\t\t\t\t\t\t\t\t\t\t\t\t\t\t\t<\/div>\n\t\t\t\t<\/div>\n\t\t\t\t<\/div>\n\t\t<div class=\"elementor-element elementor-element-4abb2bd8 e-con-full e-flex e-con e-child\" data-id=\"4abb2bd8\" data-element_type=\"container\" data-e-type=\"container\">\n\t\t\t\t<div class=\"elementor-element elementor-element-15478665 elementor-widget elementor-widget-text-editor\" data-id=\"15478665\" data-element_type=\"widget\" data-e-type=\"widget\" data-widget_type=\"text-editor.default\">\n\t\t\t\t<div class=\"elementor-widget-container\">\n\t\t\t\t\t\t\t\t\t<p><b>Gabriela Scherer Sim\u00f5es Lopes<\/b><\/p>\t\t\t\t\t\t\t\t<\/div>\n\t\t\t\t<\/div>\n\t\t\t\t<div class=\"elementor-element elementor-element-7eb4290f elementor-widget elementor-widget-text-editor\" data-id=\"7eb4290f\" data-element_type=\"widget\" data-e-type=\"widget\" data-widget_type=\"text-editor.default\">\n\t\t\t\t<div class=\"elementor-widget-container\">\n\t\t\t\t\t\t\t\t\t<p><i>Autora<\/i><\/p>\t\t\t\t\t\t\t\t<\/div>\n\t\t\t\t<\/div>\n\t\t\t\t<div class=\"elementor-element elementor-element-6f41625f elementor-widget elementor-widget-text-editor\" data-id=\"6f41625f\" data-element_type=\"widget\" data-e-type=\"widget\" data-widget_type=\"text-editor.default\">\n\t\t\t\t<div class=\"elementor-widget-container\">\n\t\t\t\t\t\t\t\t\t<p data-start=\"54\" data-end=\"288\">Sou estudante de cinema, apaixonada por cultura e hist\u00f3rias que conectam pessoas. Dan\u00e7o h\u00e1 mais de sete anos e j\u00e1 explorei sete pa\u00edses em busca de novas inspira\u00e7\u00f5es. Entre uma foto e uma boa conversa, sigo vivendo a arte todos os dias.<\/p>\t\t\t\t\t\t\t\t<\/div>\n\t\t\t\t<\/div>\n\t\t\t\t<\/div>\n\t\t\t\t\t<\/div>\n\t\t\t\t<\/div>\n\t\t\t\t<\/div>","protected":false},"excerpt":{"rendered":"<p>Aprenda a Surfar na Ilha da Magia! Aula de Surf com Instrutor Qualificado em Florian\u00f3polis 4 de Fevereiro de 2026 Florian\u00f3polis \u00e9 um dos destinos mais desejados do Brasil quando o assunto \u00e9 praia, natureza e esportes ao ar livre. E se tem uma atividade que combina perfeitamente com o esp\u00edrito da ilha, \u00e9 o &hellip;<\/p>\n<p class=\"read-more\"> <a class=\"\" href=\"https:\/\/thebestofflorianopolis.com\/es\/aprenda-a-surfar-na-ilha-da-magia-aula-de-surf-com-instrutor-qualificado-em-florianopolis\/\"> <span class=\"screen-reader-text\">Aprenda a Surfar na Ilha da Magia: Aula de Surf com Instrutor Qualificado em Florian\u00f3polis<\/span> Leer m\u00e1s &raquo;<\/a><\/p>","protected":false},"author":1,"featured_media":0,"parent":0,"menu_order":0,"comment_status":"closed","ping_status":"closed","template":"","meta":{"site-sidebar-layout":"no-sidebar","site-content-layout":"page-builder","ast-site-content-layout":"full-width-container","site-content-style":"unboxed","site-sidebar-style":"unboxed","ast-global-header-display":"","ast-banner-title-visibility":"","ast-main-header-display":"","ast-hfb-above-header-display":"","ast-hfb-below-header-display":"","ast-hfb-mobile-header-display":"","site-post-title":"disabled","ast-breadcrumbs-content":"","ast-featured-img":"disabled","footer-sml-layout":"","theme-transparent-header-meta":"","adv-header-id-meta":"","stick-header-meta":"","header-above-stick-meta":"","header-main-stick-meta":"","header-below-stick-meta":"","astra-migrate-meta-layouts":"set","footnotes":""},"class_list":["post-2630","page","type-page","status-publish","hentry"],"_links":{"self":[{"href":"https:\/\/thebestofflorianopolis.com\/es\/wp-json\/wp\/v2\/pages\/2630","targetHints":{"allow":["GET"]}}],"collection":[{"href":"https:\/\/thebestofflorianopolis.com\/es\/wp-json\/wp\/v2\/pages"}],"about":[{"href":"https:\/\/thebestofflorianopolis.com\/es\/wp-json\/wp\/v2\/types\/page"}],"author":[{"embeddable":true,"href":"https:\/\/thebestofflorianopolis.com\/es\/wp-json\/wp\/v2\/users\/1"}],"replies":[{"embeddable":true,"href":"https:\/\/thebestofflorianopolis.com\/es\/wp-json\/wp\/v2\/comments?post=2630"}],"version-history":[{"count":13,"href":"https:\/\/thebestofflorianopolis.com\/es\/wp-json\/wp\/v2\/pages\/2630\/revisions"}],"predecessor-version":[{"id":2918,"href":"https:\/\/thebestofflorianopolis.com\/es\/wp-json\/wp\/v2\/pages\/2630\/revisions\/2918"}],"wp:attachment":[{"href":"https:\/\/thebestofflorianopolis.com\/es\/wp-json\/wp\/v2\/media?parent=2630"}],"curies":[{"name":"wp","href":"https:\/\/api.w.org\/{rel}","templated":true}]}}