{"id":2556,"date":"2026-01-13T15:48:53","date_gmt":"2026-01-13T15:48:53","guid":{"rendered":"https:\/\/thebestofflorianopolis.com\/?page_id=2556"},"modified":"2026-01-21T14:06:02","modified_gmt":"2026-01-21T14:06:02","slug":"rafting-no-rio-cubatao-aventura-e-natureza-na-grande-florianopolis","status":"publish","type":"page","link":"https:\/\/thebestofflorianopolis.com\/es\/rafting-no-rio-cubatao-aventura-e-natureza-na-grande-florianopolis\/","title":{"rendered":"Rafting no Rio Cubat\u00e3o: Aventura e Natureza na Grande Florian\u00f3polis"},"content":{"rendered":"<div data-elementor-type=\"wp-page\" data-elementor-id=\"2556\" class=\"elementor elementor-2556\">\n\t\t\t\t<div class=\"elementor-element elementor-element-4910c613 e-flex e-con-boxed e-con e-parent\" data-id=\"4910c613\" data-element_type=\"container\" data-e-type=\"container\">\n\t\t\t\t\t<div class=\"e-con-inner\">\n\t\t\t\t<div class=\"elementor-element elementor-element-42ebf352 elementor-widget elementor-widget-heading\" data-id=\"42ebf352\" data-element_type=\"widget\" data-e-type=\"widget\" data-widget_type=\"heading.default\">\n\t\t\t\t<div class=\"elementor-widget-container\">\n\t\t\t\t\t<h2 class=\"elementor-heading-title elementor-size-default\">Rafting no Rio Cubat\u00e3o<\/h2>\t\t\t\t<\/div>\n\t\t\t\t<\/div>\n\t\t\t\t\t<\/div>\n\t\t\t\t<\/div>\n\t\t<div class=\"elementor-element elementor-element-65afd186 e-flex e-con-boxed e-con e-parent\" data-id=\"65afd186\" data-element_type=\"container\" data-e-type=\"container\">\n\t\t\t\t\t<div class=\"e-con-inner\">\n\t\t\t\t<div class=\"elementor-element elementor-element-3c2950dd elementor-widget elementor-widget-heading\" data-id=\"3c2950dd\" data-element_type=\"widget\" data-e-type=\"widget\" data-widget_type=\"heading.default\">\n\t\t\t\t<div class=\"elementor-widget-container\">\n\t\t\t\t\t<h3 class=\"elementor-heading-title elementor-size-default\">Aventura e Natureza na Grande Florian\u00f3polis<\/h3>\t\t\t\t<\/div>\n\t\t\t\t<\/div>\n\t\t\t\t\t<\/div>\n\t\t\t\t<\/div>\n\t\t<div class=\"elementor-element elementor-element-3ba8c7d1 e-flex e-con-boxed e-con e-parent\" data-id=\"3ba8c7d1\" data-element_type=\"container\" data-e-type=\"container\">\n\t\t\t\t\t<div class=\"e-con-inner\">\n\t\t\t\t<div class=\"elementor-element elementor-element-3e520380 elementor-widget-divider--view-line elementor-widget elementor-widget-divider\" data-id=\"3e520380\" data-element_type=\"widget\" data-e-type=\"widget\" data-widget_type=\"divider.default\">\n\t\t\t\t<div class=\"elementor-widget-container\">\n\t\t\t\t\t\t\t<div class=\"elementor-divider\">\n\t\t\t<span class=\"elementor-divider-separator\">\n\t\t\t\t\t\t<\/span>\n\t\t<\/div>\n\t\t\t\t\t\t<\/div>\n\t\t\t\t<\/div>\n\t\t\t\t\t<\/div>\n\t\t\t\t<\/div>\n\t\t<div class=\"elementor-element elementor-element-419b686 e-flex e-con-boxed e-con e-parent\" data-id=\"419b686\" data-element_type=\"container\" data-e-type=\"container\">\n\t\t\t\t\t<div class=\"e-con-inner\">\n\t\t\t\t<div class=\"elementor-element elementor-element-1eacbc9e elementor-widget elementor-widget-heading\" data-id=\"1eacbc9e\" data-element_type=\"widget\" data-e-type=\"widget\" data-widget_type=\"heading.default\">\n\t\t\t\t<div class=\"elementor-widget-container\">\n\t\t\t\t\t<h5 class=\"elementor-heading-title elementor-size-default\"><i>21 de Janeiro de 2026<\/i><\/h5>\t\t\t\t<\/div>\n\t\t\t\t<\/div>\n\t\t\t\t\t<\/div>\n\t\t\t\t<\/div>\n\t\t<div class=\"elementor-element elementor-element-85375e e-flex e-con-boxed e-con e-parent\" data-id=\"85375e\" data-element_type=\"container\" data-e-type=\"container\">\n\t\t\t\t\t<div class=\"e-con-inner\">\n\t\t\t\t<div class=\"elementor-element elementor-element-38266717 elementor-widget elementor-widget-text-editor\" data-id=\"38266717\" data-element_type=\"widget\" data-e-type=\"widget\" data-widget_type=\"text-editor.default\">\n\t\t\t\t<div class=\"elementor-widget-container\">\n\t\t\t\t\t\t\t\t\t<p style=\"font-style: normal;\"><span style=\"font-weight: 400;\">T\u00e1 em <strong>Florian\u00f3polis<\/strong>, j\u00e1 curtiu praia, trilha, centrinho\u2026 e t\u00e1 afim de uma dose extra de aventura? Ent\u00e3o anota essa dica: <strong>Rafting no Rio Cubat\u00e3o<\/strong>, em <strong>Santo Amaro da Imperatriz<\/strong> (Grande Florian\u00f3polis). Mas calma, n\u00e3o precisa ser atleta radical: o <strong>rafting<\/strong> por aqui \u00e9 super acess\u00edvel, guiado por profissionais e perfeito at\u00e9 pra quem nunca entrou num bote infl\u00e1vel na vida.<\/span><\/p><p style=\"font-style: normal;\"><span style=\"font-weight: 400;\">Quer viver essa experi\u00eancia? Garanta sua vaga e <\/span><span style=\"text-decoration: underline;\"><strong><a href=\"https:\/\/www.viator.com\/tours\/Florianopolis\/Rafting-Adventure-in-Apuama-Rio-Cubatao-in-Greater-Florianopolis\/d22387-203822P1?pid=P00134303&amp;mcid=42383&amp;medium=link&amp;campaign=Rafting\">Reserve Aqui<\/a><\/strong><\/span><span style=\"font-weight: 400;\"> seu rafting no Rio Cubat\u00e3o!<\/span><\/p>\t\t\t\t\t\t\t\t<\/div>\n\t\t\t\t<\/div>\n\t\t\t\t\t<\/div>\n\t\t\t\t<\/div>\n\t\t<div class=\"elementor-element elementor-element-22ac7ad2 e-flex e-con-boxed e-con e-parent\" data-id=\"22ac7ad2\" data-element_type=\"container\" data-e-type=\"container\">\n\t\t\t\t\t<div class=\"e-con-inner\">\n\t\t\t\t<div class=\"elementor-element elementor-element-38dbf2a7 elementor-widget elementor-widget-image\" data-id=\"38dbf2a7\" data-element_type=\"widget\" data-e-type=\"widget\" data-widget_type=\"image.default\">\n\t\t\t\t<div class=\"elementor-widget-container\">\n\t\t\t\t\t\t\t\t\t\t\t\t<figure class=\"wp-caption\">\n\t\t\t\t\t\t\t\t\t\t\t<a href=\"https:\/\/www.viator.com\/tours\/Florianopolis\/Rafting-Adventure-in-Apuama-Rio-Cubatao-in-Greater-Florianopolis\/d22387-203822P1?pid=P00134303&#038;mcid=42383&#038;medium=link&#038;campaign=Rafting\">\n\t\t\t\t\t\t\t<img fetchpriority=\"high\" decoding=\"async\" width=\"1024\" height=\"768\" src=\"https:\/\/thebestofflorianopolis.com\/wp-content\/uploads\/2026\/01\/bote-2-1024x768.jpg\" class=\"attachment-large size-large wp-image-2563\" alt=\"\" srcset=\"https:\/\/thebestofflorianopolis.com\/wp-content\/uploads\/2026\/01\/bote-2-1024x768.jpg 1024w, https:\/\/thebestofflorianopolis.com\/wp-content\/uploads\/2026\/01\/bote-2-300x225.jpg 300w, https:\/\/thebestofflorianopolis.com\/wp-content\/uploads\/2026\/01\/bote-2-768x576.jpg 768w, https:\/\/thebestofflorianopolis.com\/wp-content\/uploads\/2026\/01\/bote-2-16x12.jpg 16w, https:\/\/thebestofflorianopolis.com\/wp-content\/uploads\/2026\/01\/bote-2.jpg 1280w\" sizes=\"(max-width: 1024px) 100vw, 1024px\" \/>\t\t\t\t\t\t\t\t<\/a>\n\t\t\t\t\t\t\t\t\t\t\t<figcaption class=\"widget-image-caption wp-caption-text\">Rafting no Rio Cubat\u00e3o, Grande Florian\u00f3polis.<\/figcaption>\n\t\t\t\t\t\t\t\t\t\t<\/figure>\n\t\t\t\t\t\t\t\t\t<\/div>\n\t\t\t\t<\/div>\n\t\t\t\t\t<\/div>\n\t\t\t\t<\/div>\n\t\t<div class=\"elementor-element elementor-element-3e3ac200 e-flex e-con-boxed e-con e-parent\" data-id=\"3e3ac200\" data-element_type=\"container\" data-e-type=\"container\">\n\t\t\t\t\t<div class=\"e-con-inner\">\n\t\t\t\t<div class=\"elementor-element elementor-element-24ed02e7 elementor-widget elementor-widget-heading\" data-id=\"24ed02e7\" data-element_type=\"widget\" data-e-type=\"widget\" data-widget_type=\"heading.default\">\n\t\t\t\t<div class=\"elementor-widget-container\">\n\t\t\t\t\t<h2 class=\"elementor-heading-title elementor-size-default\"><h2 style=\"font-style: normal\"><span style=\"font-size: 1.875rem;font-style: inherit\">O que esperar no passeio?\n<\/span><span style=\"font-size: 1.875rem;font-style: inherit\"><\/span><\/h2><\/h2>\t\t\t\t<\/div>\n\t\t\t\t<\/div>\n\t\t\t\t\t<\/div>\n\t\t\t\t<\/div>\n\t\t<div class=\"elementor-element elementor-element-72defe0b e-flex e-con-boxed e-con e-parent\" data-id=\"72defe0b\" data-element_type=\"container\" data-e-type=\"container\">\n\t\t\t\t\t<div class=\"e-con-inner\">\n\t\t\t\t<div class=\"elementor-element elementor-element-20ea7943 elementor-widget elementor-widget-text-editor\" data-id=\"20ea7943\" data-element_type=\"widget\" data-e-type=\"widget\" data-widget_type=\"text-editor.default\">\n\t\t\t\t<div class=\"elementor-widget-container\">\n\t\t\t\t\t\t\t\t\t<p><span style=\"font-weight: 400;\">O rafting \u00e9 um <strong>esporte de aventura<\/strong> onde voc\u00ea desce corredeiras usando <strong>botes infl\u00e1veis<\/strong> e <strong>equipamentos de seguran\u00e7a<\/strong>. Durante o percurso, o instrutor vai guiando o grupo, passando comandos e garantindo que todo mundo reme junto! Al\u00e9m da adrenalina, a atividade trabalha esp\u00edrito de equipe, uni\u00e3o e lideran\u00e7a, j\u00e1 que ningu\u00e9m faz nada sozinho dentro do bote.<\/span><\/p><p><span style=\"font-weight: 400;\">Os <strong>n\u00edveis de dificuldade<\/strong> variam:<\/span><\/p><ul><li style=\"font-weight: 400;\" aria-level=\"1\"><span style=\"font-weight: 400;\"><strong>Classe I:<\/strong> ideal pra iniciantes, tranquilo e divertido<\/span><\/li><li style=\"font-weight: 400;\" aria-level=\"1\"><span style=\"font-weight: 400;\">At\u00e9 C<strong>lasse IV<\/strong>: mais t\u00e9cnico e radical, pra quem j\u00e1 busca emo\u00e7\u00e3o forte<\/span><\/li><\/ul><p><span style=\"font-weight: 400;\">Ou seja: tem op\u00e7\u00e3o pra quem t\u00e1 come\u00e7ando e pra quem j\u00e1 quer um desafio maior.<\/span><\/p>\t\t\t\t\t\t\t\t<\/div>\n\t\t\t\t<\/div>\n\t\t\t\t\t<\/div>\n\t\t\t\t<\/div>\n\t\t<div class=\"elementor-element elementor-element-7c8a4c8d e-flex e-con-boxed e-con e-parent\" data-id=\"7c8a4c8d\" data-element_type=\"container\" data-e-type=\"container\">\n\t\t\t\t\t<div class=\"e-con-inner\">\n\t\t\t\t<div class=\"elementor-element elementor-element-1b379a88 elementor-widget elementor-widget-heading\" data-id=\"1b379a88\" data-element_type=\"widget\" data-e-type=\"widget\" data-widget_type=\"heading.default\">\n\t\t\t\t<div class=\"elementor-widget-container\">\n\t\t\t\t\t<h2 class=\"elementor-heading-title elementor-size-default\"><h2 style=\"font-style: normal\"><span style=\"font-size: 1.875rem;font-style: inherit\">Detalhes da experi\u00eancia<\/span><span style=\"font-size: 1.875rem;font-style: inherit\"><\/span><\/h2><\/h2>\t\t\t\t<\/div>\n\t\t\t\t<\/div>\n\t\t\t\t\t<\/div>\n\t\t\t\t<\/div>\n\t\t<div class=\"elementor-element elementor-element-2b45f45e e-flex e-con-boxed e-con e-parent\" data-id=\"2b45f45e\" data-element_type=\"container\" data-e-type=\"container\">\n\t\t\t\t\t<div class=\"e-con-inner\">\n\t\t\t\t<div class=\"elementor-element elementor-element-c3ac27d elementor-widget elementor-widget-text-editor\" data-id=\"c3ac27d\" data-element_type=\"widget\" data-e-type=\"widget\" data-widget_type=\"text-editor.default\">\n\t\t\t\t<div class=\"elementor-widget-container\">\n\t\t\t\t\t\t\t\t\t<p><span style=\"font-weight: 400;\">A experi\u00eancia de rafting no Rio Cubat\u00e3o dura em m\u00e9dia cerca de <strong>duas horas<\/strong>, j\u00e1 incluindo as instru\u00e7\u00f5es iniciais e o preparo antes de entrar na \u00e1gua. Antes da descida, os participantes recebem <strong>orienta\u00e7\u00f5es completas<\/strong> de seguran\u00e7a e utilizam equipamentos adequados, sempre acompanhados por instrutores especializados, que coordenam o grupo durante todo o percurso.<\/span><\/p><p><span style=\"font-weight: 400;\">A atividade acontece em Santo Amaro da Imperatriz, na regi\u00e3o da Grande Florian\u00f3polis, um cen\u00e1rio cercado de natureza e um visual incr\u00edvel. A<strong> idade m\u00ednima<\/strong> para participar \u00e9 a partir de<strong> 12 anos<\/strong>, o que torna o passeio uma \u00f3tima op\u00e7\u00e3o para fam\u00edlias com adolescentes, grupos de amigos ou casais em busca de uma experi\u00eancia diferente e cheia de energia.<\/span><\/p>\t\t\t\t\t\t\t\t<\/div>\n\t\t\t\t<\/div>\n\t\t\t\t<div class=\"elementor-element elementor-element-21e7edc8 elementor-widget elementor-widget-image\" data-id=\"21e7edc8\" data-element_type=\"widget\" data-e-type=\"widget\" data-widget_type=\"image.default\">\n\t\t\t\t<div class=\"elementor-widget-container\">\n\t\t\t\t\t\t\t\t\t\t\t\t<figure class=\"wp-caption\">\n\t\t\t\t\t\t\t\t\t\t\t<a href=\"https:\/\/www.viator.com\/tours\/Florianopolis\/Rafting-Adventure-in-Apuama-Rio-Cubatao-in-Greater-Florianopolis\/d22387-203822P1?pid=P00134303&#038;mcid=42383&#038;medium=link&#038;campaign=Rafting\">\n\t\t\t\t\t\t\t<img decoding=\"async\" width=\"1024\" height=\"768\" src=\"https:\/\/thebestofflorianopolis.com\/wp-content\/uploads\/2026\/01\/79986dd38478fef94bc6f10f2451f874-1024x768.jpg\" class=\"attachment-large size-large wp-image-2564\" alt=\"\" srcset=\"https:\/\/thebestofflorianopolis.com\/wp-content\/uploads\/2026\/01\/79986dd38478fef94bc6f10f2451f874-1024x768.jpg 1024w, https:\/\/thebestofflorianopolis.com\/wp-content\/uploads\/2026\/01\/79986dd38478fef94bc6f10f2451f874-300x225.jpg 300w, https:\/\/thebestofflorianopolis.com\/wp-content\/uploads\/2026\/01\/79986dd38478fef94bc6f10f2451f874-768x576.jpg 768w, https:\/\/thebestofflorianopolis.com\/wp-content\/uploads\/2026\/01\/79986dd38478fef94bc6f10f2451f874-16x12.jpg 16w, https:\/\/thebestofflorianopolis.com\/wp-content\/uploads\/2026\/01\/79986dd38478fef94bc6f10f2451f874.jpg 1200w\" sizes=\"(max-width: 1024px) 100vw, 1024px\" \/>\t\t\t\t\t\t\t\t<\/a>\n\t\t\t\t\t\t\t\t\t\t\t<figcaption class=\"widget-image-caption wp-caption-text\">Rafting no Rio Cubat\u00e3o, Grande Florian\u00f3polis.<\/figcaption>\n\t\t\t\t\t\t\t\t\t\t<\/figure>\n\t\t\t\t\t\t\t\t\t<\/div>\n\t\t\t\t<\/div>\n\t\t\t\t\t<\/div>\n\t\t\t\t<\/div>\n\t\t<div class=\"elementor-element elementor-element-791d4e86 e-flex e-con-boxed e-con e-parent\" data-id=\"791d4e86\" data-element_type=\"container\" data-e-type=\"container\">\n\t\t\t\t\t<div class=\"e-con-inner\">\n\t\t\t\t<div class=\"elementor-element elementor-element-4e7b3ef elementor-widget elementor-widget-heading\" data-id=\"4e7b3ef\" data-element_type=\"widget\" data-e-type=\"widget\" data-widget_type=\"heading.default\">\n\t\t\t\t<div class=\"elementor-widget-container\">\n\t\t\t\t\t<h2 class=\"elementor-heading-title elementor-size-default\">Dicas para aproveitar melhor<\/h2>\t\t\t\t<\/div>\n\t\t\t\t<\/div>\n\t\t\t\t\t<\/div>\n\t\t\t\t<\/div>\n\t\t<div class=\"elementor-element elementor-element-28e68b21 e-flex e-con-boxed e-con e-parent\" data-id=\"28e68b21\" data-element_type=\"container\" data-e-type=\"container\">\n\t\t\t\t\t<div class=\"e-con-inner\">\n\t\t\t\t<div class=\"elementor-element elementor-element-40786049 elementor-widget elementor-widget-text-editor\" data-id=\"40786049\" data-element_type=\"widget\" data-e-type=\"widget\" data-widget_type=\"text-editor.default\">\n\t\t\t\t<div class=\"elementor-widget-container\">\n\t\t\t\t\t\t\t\t\t<ul><li style=\"font-weight: 400;\" aria-level=\"1\"><span style=\"font-weight: 400;\">Leve <strong>troca de roupa<\/strong> e toalha<\/span><\/li><li style=\"font-weight: 400;\" aria-level=\"1\"><span style=\"font-weight: 400;\">Use <strong>protetor solar<\/strong><\/span><\/li><li style=\"font-weight: 400;\" aria-level=\"1\"><span style=\"font-weight: 400;\">Evite levar eletr\u00f4nicos sem <strong>prote\u00e7\u00e3o imperme\u00e1vel<\/strong><\/span><\/li><li style=\"font-weight: 400;\" aria-level=\"1\"><span style=\"font-weight: 400;\">Chegue com anteced\u00eancia e confirme o hor\u00e1rio da atividade<\/span><\/li><li style=\"font-weight: 400;\" aria-level=\"1\"><span style=\"font-weight: 400;\">Se quiser, leve um lanchinho pra depois (bate uma fome!)<\/span><\/li><\/ul>\t\t\t\t\t\t\t\t<\/div>\n\t\t\t\t<\/div>\n\t\t\t\t\t<\/div>\n\t\t\t\t<\/div>\n\t\t<div class=\"elementor-element elementor-element-7ef4c720 e-flex e-con-boxed e-con e-parent\" data-id=\"7ef4c720\" data-element_type=\"container\" data-e-type=\"container\">\n\t\t\t\t\t<div class=\"e-con-inner\">\n\t\t\t\t<div class=\"elementor-element elementor-element-43eefece elementor-widget elementor-widget-heading\" data-id=\"43eefece\" data-element_type=\"widget\" data-e-type=\"widget\" data-widget_type=\"heading.default\">\n\t\t\t\t<div class=\"elementor-widget-container\">\n\t\t\t\t\t<h2 class=\"elementor-heading-title elementor-size-default\">Vale a pena?<\/h2>\t\t\t\t<\/div>\n\t\t\t\t<\/div>\n\t\t\t\t<div class=\"elementor-element elementor-element-3f5b9b4c elementor-widget elementor-widget-text-editor\" data-id=\"3f5b9b4c\" data-element_type=\"widget\" data-e-type=\"widget\" data-widget_type=\"text-editor.default\">\n\t\t\t\t<div class=\"elementor-widget-container\">\n\t\t\t\t\t\t\t\t\t<p><span style=\"font-weight: 400;\">Vale muito! O rafting no Rio Cubat\u00e3o \u00e9 uma experi\u00eancia que foge do \u00f3bvio de Floripa e mostra um lado mais aventureiro e surpreendente da regi\u00e3o.\u00a0<\/span><\/p><p>\u00a0<\/p><p><span style=\"font-weight: 400;\">Curtiu a ideia? Ent\u00e3o garanta sua vaga e <\/span><span style=\"text-decoration: underline;\"><strong><a href=\"https:\/\/www.viator.com\/tours\/Florianopolis\/Rafting-Adventure-in-Apuama-Rio-Cubatao-in-Greater-Florianopolis\/d22387-203822P1?pid=P00134303&amp;mcid=42383&amp;medium=link&amp;campaign=Rafting\">Reserve Aqui<\/a><\/strong><\/span><span style=\"font-weight: 400;\"> seu rafting agora!<\/span><\/p>\t\t\t\t\t\t\t\t<\/div>\n\t\t\t\t<\/div>\n\t\t\t\t<div class=\"elementor-element elementor-element-12be2f05 elementor-widget elementor-widget-spacer\" data-id=\"12be2f05\" data-element_type=\"widget\" data-e-type=\"widget\" data-widget_type=\"spacer.default\">\n\t\t\t\t<div class=\"elementor-widget-container\">\n\t\t\t\t\t\t\t<div class=\"elementor-spacer\">\n\t\t\t<div class=\"elementor-spacer-inner\"><\/div>\n\t\t<\/div>\n\t\t\t\t\t\t<\/div>\n\t\t\t\t<\/div>\n\t\t\t\t\t<\/div>\n\t\t\t\t<\/div>\n\t\t<div class=\"elementor-element elementor-element-5a907d20 e-con-full e-flex e-con e-parent\" data-id=\"5a907d20\" data-element_type=\"container\" data-e-type=\"container\">\n\t\t\t\t<div class=\"elementor-element elementor-element-24269191 elementor-widget__width-initial elementor-widget elementor-widget-image\" data-id=\"24269191\" data-element_type=\"widget\" data-e-type=\"widget\" data-widget_type=\"image.default\">\n\t\t\t\t<div class=\"elementor-widget-container\">\n\t\t\t\t\t\t\t\t\t\t\t\t<figure class=\"wp-caption\">\n\t\t\t\t\t\t\t\t\t\t\t<a href=\"https:\/\/www.viator.com\/tours\/Florianopolis\/Rafting-Adventure-in-Apuama-Rio-Cubatao-in-Greater-Florianopolis\/d22387-203822P1?pid=P00134303&#038;mcid=42383&#038;medium=link&#038;campaign=Rafting\">\n\t\t\t\t\t\t\t<img decoding=\"async\" width=\"1024\" height=\"768\" src=\"https:\/\/thebestofflorianopolis.com\/wp-content\/uploads\/2026\/01\/Rafting-6_SITE-2.jpg\" class=\"attachment-large size-large wp-image-2567\" alt=\"\" \/>\t\t\t\t\t\t\t\t<\/a>\n\t\t\t\t\t\t\t\t\t\t\t<figcaption class=\"widget-image-caption wp-caption-text\">Rafting no Rio Cubat\u00e3o, Grande Florian\u00f3polis.<\/figcaption>\n\t\t\t\t\t\t\t\t\t\t<\/figure>\n\t\t\t\t\t\t\t\t\t<\/div>\n\t\t\t\t<\/div>\n\t\t\t\t<div class=\"elementor-element elementor-element-3596bca elementor-widget elementor-widget-spacer\" data-id=\"3596bca\" data-element_type=\"widget\" data-e-type=\"widget\" data-widget_type=\"spacer.default\">\n\t\t\t\t<div class=\"elementor-widget-container\">\n\t\t\t\t\t\t\t<div class=\"elementor-spacer\">\n\t\t\t<div class=\"elementor-spacer-inner\"><\/div>\n\t\t<\/div>\n\t\t\t\t\t\t<\/div>\n\t\t\t\t<\/div>\n\t\t\t\t<\/div>\n\t\t<div class=\"elementor-element elementor-element-cbf0d76 e-flex e-con-boxed e-con e-parent\" data-id=\"cbf0d76\" data-element_type=\"container\" data-e-type=\"container\">\n\t\t\t\t\t<div class=\"e-con-inner\">\n\t\t<div class=\"elementor-element elementor-element-1d9d3495 e-con-full e-flex e-con e-child\" data-id=\"1d9d3495\" data-element_type=\"container\" data-e-type=\"container\">\n\t\t\t\t<div class=\"elementor-element elementor-element-2109856f elementor-widget__width-initial elementor-widget elementor-widget-image\" data-id=\"2109856f\" data-element_type=\"widget\" data-e-type=\"widget\" data-widget_type=\"image.default\">\n\t\t\t\t<div class=\"elementor-widget-container\">\n\t\t\t\t\t\t\t\t\t\t\t\t\t\t\t<img loading=\"lazy\" decoding=\"async\" width=\"1024\" height=\"1024\" src=\"https:\/\/thebestofflorianopolis.com\/wp-content\/uploads\/2025\/08\/20250803_164311-edited-1-1024x1024.jpg\" class=\"attachment-large size-large wp-image-2265\" alt=\"\" srcset=\"https:\/\/thebestofflorianopolis.com\/wp-content\/uploads\/2025\/08\/20250803_164311-edited-1-1024x1024.jpg 1024w, https:\/\/thebestofflorianopolis.com\/wp-content\/uploads\/2025\/08\/20250803_164311-edited-1-300x300.jpg 300w, https:\/\/thebestofflorianopolis.com\/wp-content\/uploads\/2025\/08\/20250803_164311-edited-1-150x150.jpg 150w, https:\/\/thebestofflorianopolis.com\/wp-content\/uploads\/2025\/08\/20250803_164311-edited-1-768x769.jpg 768w, https:\/\/thebestofflorianopolis.com\/wp-content\/uploads\/2025\/08\/20250803_164311-edited-1-1536x1536.jpg 1536w, https:\/\/thebestofflorianopolis.com\/wp-content\/uploads\/2025\/08\/20250803_164311-edited-1-2046x2048.jpg 2046w, https:\/\/thebestofflorianopolis.com\/wp-content\/uploads\/2025\/08\/20250803_164311-edited-1-12x12.jpg 12w\" sizes=\"(max-width: 1024px) 100vw, 1024px\" \/>\t\t\t\t\t\t\t\t\t\t\t\t\t\t\t<\/div>\n\t\t\t\t<\/div>\n\t\t\t\t<\/div>\n\t\t<div class=\"elementor-element elementor-element-5025e78d e-con-full e-flex e-con e-child\" data-id=\"5025e78d\" data-element_type=\"container\" data-e-type=\"container\">\n\t\t\t\t<div class=\"elementor-element elementor-element-1cef177c elementor-widget elementor-widget-text-editor\" data-id=\"1cef177c\" data-element_type=\"widget\" data-e-type=\"widget\" data-widget_type=\"text-editor.default\">\n\t\t\t\t<div class=\"elementor-widget-container\">\n\t\t\t\t\t\t\t\t\t<p><b>Gabriela Scherer Sim\u00f5es Lopes<\/b><\/p>\t\t\t\t\t\t\t\t<\/div>\n\t\t\t\t<\/div>\n\t\t\t\t<div class=\"elementor-element elementor-element-6b3231ee elementor-widget elementor-widget-text-editor\" data-id=\"6b3231ee\" data-element_type=\"widget\" data-e-type=\"widget\" data-widget_type=\"text-editor.default\">\n\t\t\t\t<div class=\"elementor-widget-container\">\n\t\t\t\t\t\t\t\t\t<p><i>Autora<\/i><\/p>\t\t\t\t\t\t\t\t<\/div>\n\t\t\t\t<\/div>\n\t\t\t\t<div class=\"elementor-element elementor-element-796939eb elementor-widget elementor-widget-text-editor\" data-id=\"796939eb\" data-element_type=\"widget\" data-e-type=\"widget\" data-widget_type=\"text-editor.default\">\n\t\t\t\t<div class=\"elementor-widget-container\">\n\t\t\t\t\t\t\t\t\t<p data-start=\"54\" data-end=\"288\">Sou estudante de cinema, apaixonada por cultura e hist\u00f3rias que conectam pessoas. Dan\u00e7o h\u00e1 mais de sete anos e j\u00e1 explorei sete pa\u00edses em busca de novas inspira\u00e7\u00f5es. Entre uma foto e uma boa conversa, sigo vivendo a arte todos os dias.<\/p>\t\t\t\t\t\t\t\t<\/div>\n\t\t\t\t<\/div>\n\t\t\t\t<\/div>\n\t\t\t\t\t<\/div>\n\t\t\t\t<\/div>\n\t\t\t\t<\/div>","protected":false},"excerpt":{"rendered":"<p>Rafting no Rio Cubat\u00e3o Aventura e Natureza na Grande Florian\u00f3polis 21 de Janeiro de 2026 T\u00e1 em Florian\u00f3polis, j\u00e1 curtiu praia, trilha, centrinho\u2026 e t\u00e1 afim de uma dose extra de aventura? Ent\u00e3o anota essa dica: Rafting no Rio Cubat\u00e3o, em Santo Amaro da Imperatriz (Grande Florian\u00f3polis). Mas calma, n\u00e3o precisa ser atleta radical: o &hellip;<\/p>\n<p class=\"read-more\"> <a class=\"\" href=\"https:\/\/thebestofflorianopolis.com\/es\/rafting-no-rio-cubatao-aventura-e-natureza-na-grande-florianopolis\/\"> <span class=\"screen-reader-text\">Rafting no Rio Cubat\u00e3o: Aventura e Natureza na Grande Florian\u00f3polis<\/span> Leer m\u00e1s &raquo;<\/a><\/p>","protected":false},"author":1,"featured_media":0,"parent":0,"menu_order":0,"comment_status":"closed","ping_status":"closed","template":"","meta":{"site-sidebar-layout":"no-sidebar","site-content-layout":"page-builder","ast-site-content-layout":"full-width-container","site-content-style":"default","site-sidebar-style":"default","ast-global-header-display":"","ast-banner-title-visibility":"","ast-main-header-display":"","ast-hfb-above-header-display":"","ast-hfb-below-header-display":"","ast-hfb-mobile-header-display":"","site-post-title":"disabled","ast-breadcrumbs-content":"","ast-featured-img":"disabled","footer-sml-layout":"","theme-transparent-header-meta":"","adv-header-id-meta":"","stick-header-meta":"","header-above-stick-meta":"","header-main-stick-meta":"","header-below-stick-meta":"","astra-migrate-meta-layouts":"set","footnotes":""},"class_list":["post-2556","page","type-page","status-publish","hentry"],"_links":{"self":[{"href":"https:\/\/thebestofflorianopolis.com\/es\/wp-json\/wp\/v2\/pages\/2556","targetHints":{"allow":["GET"]}}],"collection":[{"href":"https:\/\/thebestofflorianopolis.com\/es\/wp-json\/wp\/v2\/pages"}],"about":[{"href":"https:\/\/thebestofflorianopolis.com\/es\/wp-json\/wp\/v2\/types\/page"}],"author":[{"embeddable":true,"href":"https:\/\/thebestofflorianopolis.com\/es\/wp-json\/wp\/v2\/users\/1"}],"replies":[{"embeddable":true,"href":"https:\/\/thebestofflorianopolis.com\/es\/wp-json\/wp\/v2\/comments?post=2556"}],"version-history":[{"count":22,"href":"https:\/\/thebestofflorianopolis.com\/es\/wp-json\/wp\/v2\/pages\/2556\/revisions"}],"predecessor-version":[{"id":2662,"href":"https:\/\/thebestofflorianopolis.com\/es\/wp-json\/wp\/v2\/pages\/2556\/revisions\/2662"}],"wp:attachment":[{"href":"https:\/\/thebestofflorianopolis.com\/es\/wp-json\/wp\/v2\/media?parent=2556"}],"curies":[{"name":"wp","href":"https:\/\/api.w.org\/{rel}","templated":true}]}}