{"id":2540,"date":"2026-01-08T18:40:07","date_gmt":"2026-01-08T18:40:07","guid":{"rendered":"https:\/\/thebestofflorianopolis.com\/?page_id=2540"},"modified":"2026-02-03T15:24:24","modified_gmt":"2026-02-03T15:24:24","slug":"floripa-city-tour-by-bus-o-passeio-de-onibus-mais-completo-para-conhecer-florianopolis","status":"publish","type":"page","link":"https:\/\/thebestofflorianopolis.com\/es\/floripa-city-tour-by-bus-o-passeio-de-onibus-mais-completo-para-conhecer-florianopolis\/","title":{"rendered":"Floripa City Tour by Bus: O Passeio de \u00d4nibus Mais Completo para Conhecer Florian\u00f3polis"},"content":{"rendered":"<div data-elementor-type=\"wp-page\" data-elementor-id=\"2540\" class=\"elementor elementor-2540\">\n\t\t\t\t<div class=\"elementor-element elementor-element-faf0e02 e-flex e-con-boxed e-con e-parent\" data-id=\"faf0e02\" data-element_type=\"container\" data-e-type=\"container\">\n\t\t\t\t\t<div class=\"e-con-inner\">\n\t\t\t\t<div class=\"elementor-element elementor-element-599dff1b elementor-widget elementor-widget-heading\" data-id=\"599dff1b\" data-element_type=\"widget\" data-e-type=\"widget\" data-widget_type=\"heading.default\">\n\t\t\t\t<div class=\"elementor-widget-container\">\n\t\t\t\t\t<h2 class=\"elementor-heading-title elementor-size-default\">Floripa City Tour by Bus<\/h2>\t\t\t\t<\/div>\n\t\t\t\t<\/div>\n\t\t\t\t\t<\/div>\n\t\t\t\t<\/div>\n\t\t<div class=\"elementor-element elementor-element-11b2bb56 e-flex e-con-boxed e-con e-parent\" data-id=\"11b2bb56\" data-element_type=\"container\" data-e-type=\"container\">\n\t\t\t\t\t<div class=\"e-con-inner\">\n\t\t\t\t<div class=\"elementor-element elementor-element-7e1b0082 elementor-widget elementor-widget-heading\" data-id=\"7e1b0082\" data-element_type=\"widget\" data-e-type=\"widget\" data-widget_type=\"heading.default\">\n\t\t\t\t<div class=\"elementor-widget-container\">\n\t\t\t\t\t<h3 class=\"elementor-heading-title elementor-size-default\">O Passeio de \u00d4nibus Mais Completo para Conhecer Florian\u00f3polis<\/h3>\t\t\t\t<\/div>\n\t\t\t\t<\/div>\n\t\t\t\t\t<\/div>\n\t\t\t\t<\/div>\n\t\t<div class=\"elementor-element elementor-element-36f5409b e-flex e-con-boxed e-con e-parent\" data-id=\"36f5409b\" data-element_type=\"container\" data-e-type=\"container\">\n\t\t\t\t\t<div class=\"e-con-inner\">\n\t\t\t\t<div class=\"elementor-element elementor-element-67654038 elementor-widget-divider--view-line elementor-widget elementor-widget-divider\" data-id=\"67654038\" data-element_type=\"widget\" data-e-type=\"widget\" data-widget_type=\"divider.default\">\n\t\t\t\t<div class=\"elementor-widget-container\">\n\t\t\t\t\t\t\t<div class=\"elementor-divider\">\n\t\t\t<span class=\"elementor-divider-separator\">\n\t\t\t\t\t\t<\/span>\n\t\t<\/div>\n\t\t\t\t\t\t<\/div>\n\t\t\t\t<\/div>\n\t\t\t\t\t<\/div>\n\t\t\t\t<\/div>\n\t\t<div class=\"elementor-element elementor-element-3b152d74 e-flex e-con-boxed e-con e-parent\" data-id=\"3b152d74\" data-element_type=\"container\" data-e-type=\"container\">\n\t\t\t\t\t<div class=\"e-con-inner\">\n\t\t\t\t<div class=\"elementor-element elementor-element-7c71f454 elementor-widget elementor-widget-heading\" data-id=\"7c71f454\" data-element_type=\"widget\" data-e-type=\"widget\" data-widget_type=\"heading.default\">\n\t\t\t\t<div class=\"elementor-widget-container\">\n\t\t\t\t\t<h5 class=\"elementor-heading-title elementor-size-default\"><i>8 de Janeiro de 2026<\/i><\/h5>\t\t\t\t<\/div>\n\t\t\t\t<\/div>\n\t\t\t\t\t<\/div>\n\t\t\t\t<\/div>\n\t\t<div class=\"elementor-element elementor-element-87282a2 e-flex e-con-boxed e-con e-parent\" data-id=\"87282a2\" data-element_type=\"container\" data-e-type=\"container\">\n\t\t\t\t\t<div class=\"e-con-inner\">\n\t\t\t\t<div class=\"elementor-element elementor-element-8f6a9fe elementor-widget elementor-widget-text-editor\" data-id=\"8f6a9fe\" data-element_type=\"widget\" data-e-type=\"widget\" data-widget_type=\"text-editor.default\">\n\t\t\t\t<div class=\"elementor-widget-container\">\n\t\t\t\t\t\t\t\t\t<p><span style=\"font-weight: 400;\">Se voc\u00ea est\u00e1 planejando conhecer <strong>Florian\u00f3polis<\/strong> e quer uma maneira pr\u00e1tica, confort\u00e1vel e panor\u00e2mica de explorar os principais cantos da Ilha da Magia em um s\u00f3 dia, o <strong>Floripa City Tour by Bus<\/strong> \u00e9 uma das melhores op\u00e7\u00f5es dispon\u00edveis! Perfeito para quem quer ter uma vis\u00e3o geral dos highlights da cidade sem precisar alugar carro ou gastar horas planejando rotas. Quer viver essa experi\u00eancia em Floripa? <\/span><span style=\"text-decoration: underline;\"><strong><a href=\"https:\/\/www.viator.com\/tours\/Florianopolis\/Floripa-City-Tour-by-Bus-Whole-Island-The-Most-Complete-City-Tour\/d22387-165696P2?pid=P00134303&amp;mcid=42383&amp;medium=link&amp;campaign=Bybus\">Reserve j\u00e1!<\/a><\/strong><\/span><\/p>\t\t\t\t\t\t\t\t<\/div>\n\t\t\t\t<\/div>\n\t\t\t\t\t<\/div>\n\t\t\t\t<\/div>\n\t\t<div class=\"elementor-element elementor-element-461b02fb e-flex e-con-boxed e-con e-parent\" data-id=\"461b02fb\" data-element_type=\"container\" data-e-type=\"container\">\n\t\t\t\t\t<div class=\"e-con-inner\">\n\t\t\t\t<div class=\"elementor-element elementor-element-75876f9c elementor-widget elementor-widget-heading\" data-id=\"75876f9c\" data-element_type=\"widget\" data-e-type=\"widget\" data-widget_type=\"heading.default\">\n\t\t\t\t<div class=\"elementor-widget-container\">\n\t\t\t\t\t<h2 class=\"elementor-heading-title elementor-size-default\"><h2 style=\"font-style: normal\"><span style=\"font-size: 1.875rem;font-style: inherit\">O que \u00e9 o Floripa City Tour by Bus?<\/span><span style=\"font-size: 1.775rem;font-style: inherit\"><\/span><\/h2><\/h2>\t\t\t\t<\/div>\n\t\t\t\t<\/div>\n\t\t\t\t\t<\/div>\n\t\t\t\t<\/div>\n\t\t<div class=\"elementor-element elementor-element-83319ba e-flex e-con-boxed e-con e-parent\" data-id=\"83319ba\" data-element_type=\"container\" data-e-type=\"container\">\n\t\t\t\t\t<div class=\"e-con-inner\">\n\t\t\t\t<div class=\"elementor-element elementor-element-220858ef elementor-widget elementor-widget-text-editor\" data-id=\"220858ef\" data-element_type=\"widget\" data-e-type=\"widget\" data-widget_type=\"text-editor.default\">\n\t\t\t\t<div class=\"elementor-widget-container\">\n\t\t\t\t\t\t\t\t\t<p><span style=\"font-weight: 400;\">O <strong>Floripa City Tour by Bus<\/strong> \u00e9 um passeio de <strong>dia inteiro<\/strong> (aproximadamente 8h30) em <strong>\u00f4nibus panor\u00e2mico<\/strong>, com paradas estrat\u00e9gicas para voc\u00ea ver praias lindas, mirantes imperd\u00edveis e bairros hist\u00f3ricos da ilha com explica\u00e7\u00f5es de um guia especializado. O passeio parte pela manh\u00e3 e retorna ao <strong>Villa Romana Shopping<\/strong>, numa \u00e1rea f\u00e1cil de acessar na cidade.<\/span><\/p>\n<p><span style=\"font-weight: 400;\">Esse tour \u00e9 ideal para:<\/span><\/p>\n<ul>\n<li><span style=\"font-size: 16px; font-weight: 400;\">Quem est\u00e1 visitando Floripa pela primeira vez;<\/span><\/li>\n<li style=\"font-weight: 400;\" aria-level=\"1\"><span style=\"font-weight: 400;\">Quem tem pouco tempo na cidade;<\/span><\/li>\n<li style=\"font-weight: 400;\" aria-level=\"1\"><span style=\"font-weight: 400;\">Fam\u00edlias, casais e viajantes solo.<\/span><\/li>\n<\/ul>\t\t\t\t\t\t\t\t<\/div>\n\t\t\t\t<\/div>\n\t\t\t\t\t<\/div>\n\t\t\t\t<\/div>\n\t\t<div class=\"elementor-element elementor-element-48778db2 e-flex e-con-boxed e-con e-parent\" data-id=\"48778db2\" data-element_type=\"container\" data-e-type=\"container\">\n\t\t\t\t\t<div class=\"e-con-inner\">\n\t\t\t\t<div class=\"elementor-element elementor-element-2b9e7297 elementor-widget elementor-widget-image\" data-id=\"2b9e7297\" data-element_type=\"widget\" data-e-type=\"widget\" data-widget_type=\"image.default\">\n\t\t\t\t<div class=\"elementor-widget-container\">\n\t\t\t\t\t\t\t\t\t\t\t\t<figure class=\"wp-caption\">\n\t\t\t\t\t\t\t\t\t\t<img fetchpriority=\"high\" decoding=\"async\" width=\"1024\" height=\"1024\" src=\"https:\/\/thebestofflorianopolis.com\/wp-content\/uploads\/2026\/01\/bus-2-1024x1024.jpg\" class=\"attachment-large size-large wp-image-2542\" alt=\"\" srcset=\"https:\/\/thebestofflorianopolis.com\/wp-content\/uploads\/2026\/01\/bus-2-1024x1024.jpg 1024w, https:\/\/thebestofflorianopolis.com\/wp-content\/uploads\/2026\/01\/bus-2-300x300.jpg 300w, https:\/\/thebestofflorianopolis.com\/wp-content\/uploads\/2026\/01\/bus-2-150x150.jpg 150w, https:\/\/thebestofflorianopolis.com\/wp-content\/uploads\/2026\/01\/bus-2-768x768.jpg 768w, https:\/\/thebestofflorianopolis.com\/wp-content\/uploads\/2026\/01\/bus-2-12x12.jpg 12w, https:\/\/thebestofflorianopolis.com\/wp-content\/uploads\/2026\/01\/bus-2.jpg 1200w\" sizes=\"(max-width: 1024px) 100vw, 1024px\" \/>\t\t\t\t\t\t\t\t\t\t\t<figcaption class=\"widget-image-caption wp-caption-text\">Floripa City Tour by Bus. Foto: Tripadvisor<\/figcaption>\n\t\t\t\t\t\t\t\t\t\t<\/figure>\n\t\t\t\t\t\t\t\t\t<\/div>\n\t\t\t\t<\/div>\n\t\t\t\t\t<\/div>\n\t\t\t\t<\/div>\n\t\t<div class=\"elementor-element elementor-element-20dfbcb e-flex e-con-boxed e-con e-parent\" data-id=\"20dfbcb\" data-element_type=\"container\" data-e-type=\"container\">\n\t\t\t\t\t<div class=\"e-con-inner\">\n\t\t\t\t<div class=\"elementor-element elementor-element-1f7042be elementor-widget elementor-widget-heading\" data-id=\"1f7042be\" data-element_type=\"widget\" data-e-type=\"widget\" data-widget_type=\"heading.default\">\n\t\t\t\t<div class=\"elementor-widget-container\">\n\t\t\t\t\t<h2 class=\"elementor-heading-title elementor-size-default\"><h2 style=\"font-style: normal\"><span style=\"font-size: 1.875rem;font-style: inherit\">Como funciona o roteiro?<\/span><span style=\"font-size: 1.875rem;font-style: inherit\"><\/span><\/h2><\/h2>\t\t\t\t<\/div>\n\t\t\t\t<\/div>\n\t\t\t\t\t<\/div>\n\t\t\t\t<\/div>\n\t\t<div class=\"elementor-element elementor-element-1b543325 e-flex e-con-boxed e-con e-parent\" data-id=\"1b543325\" data-element_type=\"container\" data-e-type=\"container\">\n\t\t\t\t\t<div class=\"e-con-inner\">\n\t\t\t\t<div class=\"elementor-element elementor-element-60cf0e5b elementor-widget elementor-widget-text-editor\" data-id=\"60cf0e5b\" data-element_type=\"widget\" data-e-type=\"widget\" data-widget_type=\"text-editor.default\">\n\t\t\t\t<div class=\"elementor-widget-container\">\n\t\t\t\t\t\t\t\t\t<p><span style=\"font-weight: 400;\">Durante o tour, voc\u00ea passa por diversos pontos ic\u00f4nicos de Florian\u00f3polis, com tempo para apreciar, tirar fotos e curtir a paisagem:<\/span><\/p><ul><li style=\"font-weight: 400;\" aria-level=\"1\"><b>Ponte Herc\u00edlio Luz<\/b><span style=\"font-weight: 400;\">: cart\u00e3o-postal da cidade (visualiza\u00e7\u00e3o durante o trajeto)<\/span><\/li><li style=\"font-weight: 400;\" aria-level=\"1\"><b>Centro Hist\u00f3rico de Florian\u00f3polis<\/b><span style=\"font-weight: 400;\">: parte cultural e urbana da cidade (visualiza\u00e7\u00e3o durante o trajeto)<\/span><\/li><li style=\"font-weight: 400;\" aria-level=\"1\"><b>Praia da Joaquina<\/b><span style=\"font-weight: 400;\">: parada para aproveitar a praia por cerca de 30 minutos<\/span><\/li><li style=\"font-weight: 400;\" aria-level=\"1\"><b>Mirante <\/b><b>Ponto de vista<\/b><span style=\"font-weight: 400;\">: tempo para contemplar a vista<\/span><\/li><li style=\"font-weight: 400;\" aria-level=\"1\"><b>Barra da Lagoa<\/b><span style=\"font-weight: 400;\">: bairro costeiro charmoso com vibe tranquila, parada para ver a praia ou visita opcional ao Projeto Tamar (n\u00e3o inclu\u00edda no pacote)<\/span><\/li><li style=\"font-weight: 400;\" aria-level=\"1\"><b>Jurer\u00ea Internacional<\/b><span style=\"font-weight: 400;\">: parada na praia famosa pelo visual e movimento<\/span><\/li><li style=\"font-weight: 400;\" aria-level=\"1\"><b>Canasvieiras<\/b><span style=\"font-weight: 400;\">: parada de cerca de uma hora para curtir mais a praia ou comer algo<\/span><\/li><li style=\"box-sizing: border-box; border: 0px; font-size: 16px; font-style: normal; outline: 0px; vertical-align: baseline; margin-block-end: 32px; color: #000000; font-family: 'Roboto Serif', serif; font-variant-ligatures: normal; font-variant-caps: normal; letter-spacing: normal; orphans: 2; text-align: start; text-indent: 0px; text-transform: none; widows: 2; word-spacing: 0px; -webkit-text-stroke-width: 0px; white-space: normal; background-color: #fefefe; text-decoration-thickness: initial; text-decoration-style: initial; text-decoration-color: initial;\"><b>Santo Ant\u00f4nio de Lisboa<\/b><span style=\"font-weight: 400;\">: bairro hist\u00f3rico com arquitetura a\u00e7oriana e charme colonial<\/span><\/li><\/ul>\t\t\t\t\t\t\t\t<\/div>\n\t\t\t\t<\/div>\n\t\t\t\t<div class=\"elementor-element elementor-element-707ffab8 elementor-widget elementor-widget-image\" data-id=\"707ffab8\" data-element_type=\"widget\" data-e-type=\"widget\" data-widget_type=\"image.default\">\n\t\t\t\t<div class=\"elementor-widget-container\">\n\t\t\t\t\t\t\t\t\t\t\t\t<figure class=\"wp-caption\">\n\t\t\t\t\t\t\t\t\t\t<img decoding=\"async\" width=\"1024\" height=\"745\" src=\"https:\/\/thebestofflorianopolis.com\/wp-content\/uploads\/2026\/01\/bus-3-1024x745.jpg\" class=\"attachment-large size-large wp-image-2543\" alt=\"\" srcset=\"https:\/\/thebestofflorianopolis.com\/wp-content\/uploads\/2026\/01\/bus-3-1024x745.jpg 1024w, https:\/\/thebestofflorianopolis.com\/wp-content\/uploads\/2026\/01\/bus-3-300x218.jpg 300w, https:\/\/thebestofflorianopolis.com\/wp-content\/uploads\/2026\/01\/bus-3-768x559.jpg 768w, https:\/\/thebestofflorianopolis.com\/wp-content\/uploads\/2026\/01\/bus-3-18x12.jpg 18w, https:\/\/thebestofflorianopolis.com\/wp-content\/uploads\/2026\/01\/bus-3.jpg 1100w\" sizes=\"(max-width: 1024px) 100vw, 1024px\" \/>\t\t\t\t\t\t\t\t\t\t\t<figcaption class=\"widget-image-caption wp-caption-text\">Floripa City Tour by Bus. Foto: Viator<\/figcaption>\n\t\t\t\t\t\t\t\t\t\t<\/figure>\n\t\t\t\t\t\t\t\t\t<\/div>\n\t\t\t\t<\/div>\n\t\t\t\t\t<\/div>\n\t\t\t\t<\/div>\n\t\t<div class=\"elementor-element elementor-element-3ea98f92 e-flex e-con-boxed e-con e-parent\" data-id=\"3ea98f92\" data-element_type=\"container\" data-e-type=\"container\">\n\t\t\t\t\t<div class=\"e-con-inner\">\n\t\t\t\t<div class=\"elementor-element elementor-element-29cb6956 elementor-widget elementor-widget-heading\" data-id=\"29cb6956\" data-element_type=\"widget\" data-e-type=\"widget\" data-widget_type=\"heading.default\">\n\t\t\t\t<div class=\"elementor-widget-container\">\n\t\t\t\t\t<h2 class=\"elementor-heading-title elementor-size-default\">Dicas antes de reservar<\/h2>\t\t\t\t<\/div>\n\t\t\t\t<\/div>\n\t\t\t\t<div class=\"elementor-element elementor-element-103615c9 elementor-widget elementor-widget-text-editor\" data-id=\"103615c9\" data-element_type=\"widget\" data-e-type=\"widget\" data-widget_type=\"text-editor.default\">\n\t\t\t\t<div class=\"elementor-widget-container\">\n\t\t\t\t\t\t\t\t\t<ul>\n<li style=\"font-weight: 400;\" aria-level=\"1\"><span style=\"font-weight: 400;\">Reserve com anteced\u00eancia (\u00e9 um tour popular e costuma esgotar em alta temporada);<\/span><\/li>\n<li style=\"font-weight: 400;\" aria-level=\"1\"><span style=\"font-weight: 400;\">Leve \u00e1gua e protetor solar (o \u00f4nibus \u00e9 panor\u00e2mico e o sol pode bater forte);<\/span><\/li>\n<li style=\"font-weight: 400;\" aria-level=\"1\"><span style=\"font-weight: 400;\">Planeje sua parada em Canasvieiras para almo\u00e7ar ou traga um lanche, j\u00e1 que o almo\u00e7o n\u00e3o est\u00e1 incluso;<\/span><\/li>\n<li style=\"font-weight: 400;\" aria-level=\"1\"><span style=\"font-weight: 400;\">Chegue no ponto de encontro cedo porque o tour tem hor\u00e1rio fixo de sa\u00edda pela manh\u00e3;<\/span><\/li>\n<\/ul>\t\t\t\t\t\t\t\t<\/div>\n\t\t\t\t<\/div>\n\t\t\t\t\t<\/div>\n\t\t\t\t<\/div>\n\t\t<div class=\"elementor-element elementor-element-75c45a74 e-flex e-con-boxed e-con e-parent\" data-id=\"75c45a74\" data-element_type=\"container\" data-e-type=\"container\">\n\t\t\t\t\t<div class=\"e-con-inner\">\n\t\t\t\t<div class=\"elementor-element elementor-element-365d7ba elementor-widget elementor-widget-heading\" data-id=\"365d7ba\" data-element_type=\"widget\" data-e-type=\"widget\" data-widget_type=\"heading.default\">\n\t\t\t\t<div class=\"elementor-widget-container\">\n\t\t\t\t\t<h2 class=\"elementor-heading-title elementor-size-default\">Por que vale a pena?<\/h2>\t\t\t\t<\/div>\n\t\t\t\t<\/div>\n\t\t\t\t<div class=\"elementor-element elementor-element-4c9aeee0 elementor-widget elementor-widget-text-editor\" data-id=\"4c9aeee0\" data-element_type=\"widget\" data-e-type=\"widget\" data-widget_type=\"text-editor.default\">\n\t\t\t\t<div class=\"elementor-widget-container\">\n\t\t\t\t\t\t\t\t\t<p><span style=\"font-weight: 400;\">Se voc\u00ea tem apenas um dia ou dois em Florian\u00f3polis, esse city tour \u00e9 uma maneira inteligente de aproveitar o tempo: em menos de um dia voc\u00ea conhece praias lindas, bairros com hist\u00f3ria e vistas panor\u00e2micas que seriam dif\u00edceis de visitar sem carro ou sem planejamento pr\u00e9vio. Gostou do roteiro do passeio? Ent\u00e3o \u00e9 s\u00f3 garantir sua vaga. <\/span><span style=\"text-decoration: underline;\"><a href=\"https:\/\/www.viator.com\/tours\/Florianopolis\/Floripa-City-Tour-by-Bus-Whole-Island-The-Most-Complete-City-Tour\/d22387-165696P2?pid=P00134303&amp;mcid=42383&amp;medium=link&amp;campaign=Bybus\"><b>Reserve j\u00e1!<\/b><\/a><\/span><\/p>\t\t\t\t\t\t\t\t<\/div>\n\t\t\t\t<\/div>\n\t\t\t\t<div class=\"elementor-element elementor-element-54bb3851 elementor-widget elementor-widget-spacer\" data-id=\"54bb3851\" data-element_type=\"widget\" data-e-type=\"widget\" data-widget_type=\"spacer.default\">\n\t\t\t\t<div class=\"elementor-widget-container\">\n\t\t\t\t\t\t\t<div class=\"elementor-spacer\">\n\t\t\t<div class=\"elementor-spacer-inner\"><\/div>\n\t\t<\/div>\n\t\t\t\t\t\t<\/div>\n\t\t\t\t<\/div>\n\t\t\t\t<div class=\"elementor-element elementor-element-2627d2db elementor-widget elementor-widget-spacer\" data-id=\"2627d2db\" data-element_type=\"widget\" data-e-type=\"widget\" data-widget_type=\"spacer.default\">\n\t\t\t\t<div class=\"elementor-widget-container\">\n\t\t\t\t\t\t\t<div class=\"elementor-spacer\">\n\t\t\t<div class=\"elementor-spacer-inner\"><\/div>\n\t\t<\/div>\n\t\t\t\t\t\t<\/div>\n\t\t\t\t<\/div>\n\t\t\t\t\t<\/div>\n\t\t\t\t<\/div>\n\t\t<div class=\"elementor-element elementor-element-6f4f718a e-flex e-con-boxed e-con e-parent\" data-id=\"6f4f718a\" data-element_type=\"container\" data-e-type=\"container\">\n\t\t\t\t\t<div class=\"e-con-inner\">\n\t\t<div class=\"elementor-element elementor-element-363e7e00 e-con-full e-flex e-con e-child\" data-id=\"363e7e00\" data-element_type=\"container\" data-e-type=\"container\">\n\t\t\t\t<div class=\"elementor-element elementor-element-31e4893b elementor-widget__width-initial elementor-widget elementor-widget-image\" data-id=\"31e4893b\" data-element_type=\"widget\" data-e-type=\"widget\" data-widget_type=\"image.default\">\n\t\t\t\t<div class=\"elementor-widget-container\">\n\t\t\t\t\t\t\t\t\t\t\t\t\t\t\t<img decoding=\"async\" width=\"1024\" height=\"1024\" src=\"https:\/\/thebestofflorianopolis.com\/wp-content\/uploads\/2025\/08\/20250803_164311-edited-1-1024x1024.jpg\" class=\"attachment-large size-large wp-image-2265\" alt=\"\" srcset=\"https:\/\/thebestofflorianopolis.com\/wp-content\/uploads\/2025\/08\/20250803_164311-edited-1-1024x1024.jpg 1024w, https:\/\/thebestofflorianopolis.com\/wp-content\/uploads\/2025\/08\/20250803_164311-edited-1-300x300.jpg 300w, https:\/\/thebestofflorianopolis.com\/wp-content\/uploads\/2025\/08\/20250803_164311-edited-1-150x150.jpg 150w, https:\/\/thebestofflorianopolis.com\/wp-content\/uploads\/2025\/08\/20250803_164311-edited-1-768x769.jpg 768w, https:\/\/thebestofflorianopolis.com\/wp-content\/uploads\/2025\/08\/20250803_164311-edited-1-1536x1536.jpg 1536w, https:\/\/thebestofflorianopolis.com\/wp-content\/uploads\/2025\/08\/20250803_164311-edited-1-2046x2048.jpg 2046w, https:\/\/thebestofflorianopolis.com\/wp-content\/uploads\/2025\/08\/20250803_164311-edited-1-12x12.jpg 12w\" sizes=\"(max-width: 1024px) 100vw, 1024px\" \/>\t\t\t\t\t\t\t\t\t\t\t\t\t\t\t<\/div>\n\t\t\t\t<\/div>\n\t\t\t\t<\/div>\n\t\t<div class=\"elementor-element elementor-element-54d8e0a1 e-con-full e-flex e-con e-child\" data-id=\"54d8e0a1\" data-element_type=\"container\" data-e-type=\"container\">\n\t\t\t\t<div class=\"elementor-element elementor-element-47b65a14 elementor-widget elementor-widget-text-editor\" data-id=\"47b65a14\" data-element_type=\"widget\" data-e-type=\"widget\" data-widget_type=\"text-editor.default\">\n\t\t\t\t<div class=\"elementor-widget-container\">\n\t\t\t\t\t\t\t\t\t<p><b>Gabriela Scherer Sim\u00f5es Lopes<\/b><\/p>\t\t\t\t\t\t\t\t<\/div>\n\t\t\t\t<\/div>\n\t\t\t\t<div class=\"elementor-element elementor-element-7cd175f2 elementor-widget elementor-widget-text-editor\" data-id=\"7cd175f2\" data-element_type=\"widget\" data-e-type=\"widget\" data-widget_type=\"text-editor.default\">\n\t\t\t\t<div class=\"elementor-widget-container\">\n\t\t\t\t\t\t\t\t\t<p><i>Autora<\/i><\/p>\t\t\t\t\t\t\t\t<\/div>\n\t\t\t\t<\/div>\n\t\t\t\t<div class=\"elementor-element elementor-element-44608d9a elementor-widget elementor-widget-text-editor\" data-id=\"44608d9a\" data-element_type=\"widget\" data-e-type=\"widget\" data-widget_type=\"text-editor.default\">\n\t\t\t\t<div class=\"elementor-widget-container\">\n\t\t\t\t\t\t\t\t\t<p data-start=\"54\" data-end=\"288\">Sou estudante de cinema, apaixonada por cultura e hist\u00f3rias que conectam pessoas. Dan\u00e7o h\u00e1 mais de sete anos e j\u00e1 explorei sete pa\u00edses em busca de novas inspira\u00e7\u00f5es. Entre uma foto e uma boa conversa, sigo vivendo a arte todos os dias.<\/p>\t\t\t\t\t\t\t\t<\/div>\n\t\t\t\t<\/div>\n\t\t\t\t<\/div>\n\t\t\t\t\t<\/div>\n\t\t\t\t<\/div>\n\t\t\t\t<\/div>","protected":false},"excerpt":{"rendered":"<p>Floripa City Tour by Bus O Passeio de \u00d4nibus Mais Completo para Conhecer Florian\u00f3polis 8 de Janeiro de 2026 Se voc\u00ea est\u00e1 planejando conhecer Florian\u00f3polis e quer uma maneira pr\u00e1tica, confort\u00e1vel e panor\u00e2mica de explorar os principais cantos da Ilha da Magia em um s\u00f3 dia, o Floripa City Tour by Bus \u00e9 uma das &hellip;<\/p>\n<p class=\"read-more\"> <a class=\"\" href=\"https:\/\/thebestofflorianopolis.com\/es\/floripa-city-tour-by-bus-o-passeio-de-onibus-mais-completo-para-conhecer-florianopolis\/\"> <span class=\"screen-reader-text\">Floripa City Tour by Bus: O Passeio de \u00d4nibus Mais Completo para Conhecer Florian\u00f3polis<\/span> Leer m\u00e1s &raquo;<\/a><\/p>","protected":false},"author":1,"featured_media":0,"parent":0,"menu_order":0,"comment_status":"closed","ping_status":"closed","template":"","meta":{"site-sidebar-layout":"no-sidebar","site-content-layout":"page-builder","ast-site-content-layout":"full-width-container","site-content-style":"default","site-sidebar-style":"default","ast-global-header-display":"","ast-banner-title-visibility":"","ast-main-header-display":"","ast-hfb-above-header-display":"","ast-hfb-below-header-display":"","ast-hfb-mobile-header-display":"","site-post-title":"disabled","ast-breadcrumbs-content":"","ast-featured-img":"disabled","footer-sml-layout":"","theme-transparent-header-meta":"","adv-header-id-meta":"","stick-header-meta":"","header-above-stick-meta":"","header-main-stick-meta":"","header-below-stick-meta":"","astra-migrate-meta-layouts":"set","footnotes":""},"class_list":["post-2540","page","type-page","status-publish","hentry"],"_links":{"self":[{"href":"https:\/\/thebestofflorianopolis.com\/es\/wp-json\/wp\/v2\/pages\/2540","targetHints":{"allow":["GET"]}}],"collection":[{"href":"https:\/\/thebestofflorianopolis.com\/es\/wp-json\/wp\/v2\/pages"}],"about":[{"href":"https:\/\/thebestofflorianopolis.com\/es\/wp-json\/wp\/v2\/types\/page"}],"author":[{"embeddable":true,"href":"https:\/\/thebestofflorianopolis.com\/es\/wp-json\/wp\/v2\/users\/1"}],"replies":[{"embeddable":true,"href":"https:\/\/thebestofflorianopolis.com\/es\/wp-json\/wp\/v2\/comments?post=2540"}],"version-history":[{"count":10,"href":"https:\/\/thebestofflorianopolis.com\/es\/wp-json\/wp\/v2\/pages\/2540\/revisions"}],"predecessor-version":[{"id":2742,"href":"https:\/\/thebestofflorianopolis.com\/es\/wp-json\/wp\/v2\/pages\/2540\/revisions\/2742"}],"wp:attachment":[{"href":"https:\/\/thebestofflorianopolis.com\/es\/wp-json\/wp\/v2\/media?parent=2540"}],"curies":[{"name":"wp","href":"https:\/\/api.w.org\/{rel}","templated":true}]}}