{"id":2584,"date":"2026-01-14T20:42:49","date_gmt":"2026-01-14T20:42:49","guid":{"rendered":"https:\/\/thebestofflorianopolis.com\/?page_id=2584"},"modified":"2026-01-27T19:42:14","modified_gmt":"2026-01-27T19:42:14","slug":"sandboard-nas-dunas-de-floripa-emocao-e-vistas-incriveis-com-a-adrenailha","status":"publish","type":"page","link":"https:\/\/thebestofflorianopolis.com\/en\/sandboard-nas-dunas-de-floripa-emocao-e-vistas-incriveis-com-a-adrenailha\/","title":{"rendered":"Sandboard nas Dunas de Floripa: Emo\u00e7\u00e3o e Vistas Incr\u00edveis com a Adrenailha"},"content":{"rendered":"<div data-elementor-type=\"wp-page\" data-elementor-id=\"2584\" class=\"elementor elementor-2584\">\n\t\t\t\t<div class=\"elementor-element elementor-element-7f8db7bd e-flex e-con-boxed e-con e-parent\" data-id=\"7f8db7bd\" data-element_type=\"container\" data-e-type=\"container\">\n\t\t\t\t\t<div class=\"e-con-inner\">\n\t\t\t\t<div class=\"elementor-element elementor-element-2f27f7d6 elementor-widget elementor-widget-heading\" data-id=\"2f27f7d6\" data-element_type=\"widget\" data-e-type=\"widget\" data-widget_type=\"heading.default\">\n\t\t\t\t<div class=\"elementor-widget-container\">\n\t\t\t\t\t<h2 class=\"elementor-heading-title elementor-size-default\">Sandboard nas Dunas de Floripa<\/h2>\t\t\t\t<\/div>\n\t\t\t\t<\/div>\n\t\t\t\t\t<\/div>\n\t\t\t\t<\/div>\n\t\t<div class=\"elementor-element elementor-element-1fc4048a e-flex e-con-boxed e-con e-parent\" data-id=\"1fc4048a\" data-element_type=\"container\" data-e-type=\"container\">\n\t\t\t\t\t<div class=\"e-con-inner\">\n\t\t\t\t<div class=\"elementor-element elementor-element-282a729f elementor-widget elementor-widget-heading\" data-id=\"282a729f\" data-element_type=\"widget\" data-e-type=\"widget\" data-widget_type=\"heading.default\">\n\t\t\t\t<div class=\"elementor-widget-container\">\n\t\t\t\t\t<h3 class=\"elementor-heading-title elementor-size-default\">Emo\u00e7\u00e3o e Vistas Incr\u00edveis com a Adrenailha<\/h3>\t\t\t\t<\/div>\n\t\t\t\t<\/div>\n\t\t\t\t\t<\/div>\n\t\t\t\t<\/div>\n\t\t<div class=\"elementor-element elementor-element-1f4225e1 e-flex e-con-boxed e-con e-parent\" data-id=\"1f4225e1\" data-element_type=\"container\" data-e-type=\"container\">\n\t\t\t\t\t<div class=\"e-con-inner\">\n\t\t\t\t<div class=\"elementor-element elementor-element-3292c38 elementor-widget-divider--view-line elementor-widget elementor-widget-divider\" data-id=\"3292c38\" data-element_type=\"widget\" data-e-type=\"widget\" data-widget_type=\"divider.default\">\n\t\t\t\t<div class=\"elementor-widget-container\">\n\t\t\t\t\t\t\t<div class=\"elementor-divider\">\n\t\t\t<span class=\"elementor-divider-separator\">\n\t\t\t\t\t\t<\/span>\n\t\t<\/div>\n\t\t\t\t\t\t<\/div>\n\t\t\t\t<\/div>\n\t\t\t\t\t<\/div>\n\t\t\t\t<\/div>\n\t\t<div class=\"elementor-element elementor-element-eb898d6 e-flex e-con-boxed e-con e-parent\" data-id=\"eb898d6\" data-element_type=\"container\" data-e-type=\"container\">\n\t\t\t\t\t<div class=\"e-con-inner\">\n\t\t\t\t<div class=\"elementor-element elementor-element-53adda26 elementor-widget elementor-widget-heading\" data-id=\"53adda26\" data-element_type=\"widget\" data-e-type=\"widget\" data-widget_type=\"heading.default\">\n\t\t\t\t<div class=\"elementor-widget-container\">\n\t\t\t\t\t<h5 class=\"elementor-heading-title elementor-size-default\"><i>26 de Janeiro de 2026<\/i><\/h5>\t\t\t\t<\/div>\n\t\t\t\t<\/div>\n\t\t\t\t\t<\/div>\n\t\t\t\t<\/div>\n\t\t<div class=\"elementor-element elementor-element-173dab26 e-flex e-con-boxed e-con e-parent\" data-id=\"173dab26\" data-element_type=\"container\" data-e-type=\"container\">\n\t\t\t\t\t<div class=\"e-con-inner\">\n\t\t\t\t<div class=\"elementor-element elementor-element-6505dbcc elementor-widget elementor-widget-text-editor\" data-id=\"6505dbcc\" data-element_type=\"widget\" data-e-type=\"widget\" data-widget_type=\"text-editor.default\">\n\t\t\t\t<div class=\"elementor-widget-container\">\n\t\t\t\t\t\t\t\t\t<p><strong>Florian\u00f3polis<\/strong> \u00e9 famosa pelas praias, surf e natureza, mas pouca gente imagina que tamb\u00e9m d\u00e1 pra <strong>\u201csurfar\u201d na areia<\/strong>. Sim! O <strong>sandboard<\/strong> nas <strong>dunas de Floripa<\/strong> \u00e9 uma forma incr\u00edvel de explorar Florian\u00f3polis de um jeito fora do comum, deslizando pelas dunas e curtindo vistas inesquec\u00edveis.<\/p><p>Se voc\u00ea curte aventura, paisagens abertas e atividades ao ar livre, essa \u00e9 uma \u00f3tima pedida pra incluir no seu roteiro. Garanta sua vaga e <a href=\"https:\/\/www.viator.com\/tours\/Florianopolis\/Surf-the-dunes-of-Floripa-Sandboard-by-Adrenailha\/d22387-199897P2?pid=P00134303&amp;mcid=42383&amp;medium=link&amp;campaign=sandboard\"><span style=\"text-decoration: underline;\"><strong>Reserve Aqui<\/strong><\/span><\/a> o sandboard nas dunas de Floripa!<\/p>\t\t\t\t\t\t\t\t<\/div>\n\t\t\t\t<\/div>\n\t\t\t\t\t<\/div>\n\t\t\t\t<\/div>\n\t\t<div class=\"elementor-element elementor-element-19d1886d e-flex e-con-boxed e-con e-parent\" data-id=\"19d1886d\" data-element_type=\"container\" data-e-type=\"container\">\n\t\t\t\t\t<div class=\"e-con-inner\">\n\t\t\t\t<div class=\"elementor-element elementor-element-2a3a5d01 elementor-widget elementor-widget-image\" data-id=\"2a3a5d01\" data-element_type=\"widget\" data-e-type=\"widget\" data-widget_type=\"image.default\">\n\t\t\t\t<div class=\"elementor-widget-container\">\n\t\t\t\t\t\t\t\t\t\t\t\t<figure class=\"wp-caption\">\n\t\t\t\t\t\t\t\t\t\t<img decoding=\"async\" src=\"https:\/\/www.pelago.com\/img\/products\/BR-Brazil\/sandboard-experience-by-adrenailha\/d1d20b6e-51cd-4373-b0af-4ddf50fed942_sandboard-experience-by-adrenailha-xlarge.webp\" title=\"\" alt=\"\" loading=\"lazy\" \/>\t\t\t\t\t\t\t\t\t\t\t<figcaption class=\"widget-image-caption wp-caption-text\">Sandboard (Adrenailha), Dunas do Mo\u00e7ambique.<\/figcaption>\n\t\t\t\t\t\t\t\t\t\t<\/figure>\n\t\t\t\t\t\t\t\t\t<\/div>\n\t\t\t\t<\/div>\n\t\t\t\t\t<\/div>\n\t\t\t\t<\/div>\n\t\t<div class=\"elementor-element elementor-element-410c9763 e-flex e-con-boxed e-con e-parent\" data-id=\"410c9763\" data-element_type=\"container\" data-e-type=\"container\">\n\t\t\t\t\t<div class=\"e-con-inner\">\n\t\t\t\t<div class=\"elementor-element elementor-element-1929dffa elementor-widget elementor-widget-heading\" data-id=\"1929dffa\" data-element_type=\"widget\" data-e-type=\"widget\" data-widget_type=\"heading.default\">\n\t\t\t\t<div class=\"elementor-widget-container\">\n\t\t\t\t\t<h2 class=\"elementor-heading-title elementor-size-default\"><h2 style=\"font-style: normal\"><span style=\"font-size: 1.875rem;font-style: inherit\">Como funciona o sandboard?\n\n<\/span><span style=\"font-size: 1.875rem;font-style: inherit\"><\/span><\/h2><\/h2>\t\t\t\t<\/div>\n\t\t\t\t<\/div>\n\t\t\t\t\t<\/div>\n\t\t\t\t<\/div>\n\t\t<div class=\"elementor-element elementor-element-3a2e20e6 e-flex e-con-boxed e-con e-parent\" data-id=\"3a2e20e6\" data-element_type=\"container\" data-e-type=\"container\">\n\t\t\t\t\t<div class=\"e-con-inner\">\n\t\t\t\t<div class=\"elementor-element elementor-element-4a2e1819 elementor-widget elementor-widget-text-editor\" data-id=\"4a2e1819\" data-element_type=\"widget\" data-e-type=\"widget\" data-widget_type=\"text-editor.default\">\n\t\t\t\t<div class=\"elementor-widget-container\">\n\t\t\t\t\t\t\t\t\t<p><span style=\"font-weight: 400;\">O <strong>sandboard<\/strong> \u00e9 um esporte parecido com o snowboard, mas praticado sobre a <strong>areia<\/strong>. Voc\u00ea usa uma <strong>prancha<\/strong> pr\u00f3pria, com presilhas para os p\u00e9s, recebe instru\u00e7\u00f5es dos guias e come\u00e7a com descidas mais leves, ganhando confian\u00e7a aos poucos.<\/span><\/p><p><span style=\"font-weight: 400;\">A experi\u00eancia \u00e9 conduzida por profissionais, que explicam a t\u00e9cnica, orientam sobre postura e acompanham todo o grupo. Ou seja: n\u00e3o precisa saber nada antes, \u00e9 s\u00f3 ter disposi\u00e7\u00e3o e vontade de se divertir!<\/span><\/p>\t\t\t\t\t\t\t\t<\/div>\n\t\t\t\t<\/div>\n\t\t\t\t\t<\/div>\n\t\t\t\t<\/div>\n\t\t<div class=\"elementor-element elementor-element-6e9d16c0 e-flex e-con-boxed e-con e-parent\" data-id=\"6e9d16c0\" data-element_type=\"container\" data-e-type=\"container\">\n\t\t\t\t\t<div class=\"e-con-inner\">\n\t\t\t\t<div class=\"elementor-element elementor-element-52b0fdf0 elementor-widget elementor-widget-image\" data-id=\"52b0fdf0\" data-element_type=\"widget\" data-e-type=\"widget\" data-widget_type=\"image.default\">\n\t\t\t\t<div class=\"elementor-widget-container\">\n\t\t\t\t\t\t\t\t\t\t\t\t<figure class=\"wp-caption\">\n\t\t\t\t\t\t\t\t\t\t<img decoding=\"async\" src=\"https:\/\/www.pelago.com\/img\/products\/BR-Brazil\/sandboard-experience-by-adrenailha\/1ecf536e-d9ed-4131-a1d2-cdf9cc27b640_sandboard-experience-by-adrenailha-xlarge.webp\" title=\"\" alt=\"\" loading=\"lazy\" \/>\t\t\t\t\t\t\t\t\t\t\t<figcaption class=\"widget-image-caption wp-caption-text\">Sandboard (Adrenailha), Dunas do Mo\u00e7ambique.<\/figcaption>\n\t\t\t\t\t\t\t\t\t\t<\/figure>\n\t\t\t\t\t\t\t\t\t<\/div>\n\t\t\t\t<\/div>\n\t\t\t\t\t<\/div>\n\t\t\t\t<\/div>\n\t\t<div class=\"elementor-element elementor-element-7f4ba058 e-flex e-con-boxed e-con e-parent\" data-id=\"7f4ba058\" data-element_type=\"container\" data-e-type=\"container\">\n\t\t\t\t\t<div class=\"e-con-inner\">\n\t\t\t\t<div class=\"elementor-element elementor-element-6021e93b elementor-widget elementor-widget-heading\" data-id=\"6021e93b\" data-element_type=\"widget\" data-e-type=\"widget\" data-widget_type=\"heading.default\">\n\t\t\t\t<div class=\"elementor-widget-container\">\n\t\t\t\t\t<h2 class=\"elementor-heading-title elementor-size-default\"><h2 style=\"font-style: normal\"><span style=\"font-size: 1.875rem;font-style: inherit\">Sobre a experi\u00eancia\n<\/span><span style=\"font-size: 1.875rem;font-style: inherit\"><\/span><\/h2><\/h2>\t\t\t\t<\/div>\n\t\t\t\t<\/div>\n\t\t\t\t\t<\/div>\n\t\t\t\t<\/div>\n\t\t<div class=\"elementor-element elementor-element-57b0c214 e-flex e-con-boxed e-con e-parent\" data-id=\"57b0c214\" data-element_type=\"container\" data-e-type=\"container\">\n\t\t\t\t\t<div class=\"e-con-inner\">\n\t\t\t\t<div class=\"elementor-element elementor-element-4b7cdfa1 elementor-widget elementor-widget-text-editor\" data-id=\"4b7cdfa1\" data-element_type=\"widget\" data-e-type=\"widget\" data-widget_type=\"text-editor.default\">\n\t\t\t\t<div class=\"elementor-widget-container\">\n\t\t\t\t\t\t\t\t\t<p>O passeio come\u00e7a em um ponto de encontro previamente combinado e segue at\u00e9 as dunas localizadas na regi\u00e3o do<strong> Parque Estadual do Rio Vermelho<\/strong>, pr\u00f3ximo \u00e0 Praia do Mo\u00e7ambique, uma das \u00e1reas de preserva\u00e7\u00e3o ambiental mais importantes de Florian\u00f3polis.<\/p><p>Antes de come\u00e7ar, os participantes recebem orienta\u00e7\u00f5es b\u00e1sicas de seguran\u00e7a. Em seguida, exploram o campo de dunas praticando sandboard, com trajetos adaptados ao ritmo de cada pessoa. Durante a atividade, \u00e9 poss\u00edvel apreciar as dunas moldadas pelo vento, a nascente do Rio Vermelho e vistas da Praia do Mo\u00e7ambique e das Ilhas das Aranhas. A experi\u00eancia tem <strong>dura\u00e7\u00e3o aproximada de 3 horas<\/strong>.<\/p>\t\t\t\t\t\t\t\t<\/div>\n\t\t\t\t<\/div>\n\t\t\t\t\t<\/div>\n\t\t\t\t<\/div>\n\t\t<div class=\"elementor-element elementor-element-3eea38a9 e-flex e-con-boxed e-con e-parent\" data-id=\"3eea38a9\" data-element_type=\"container\" data-e-type=\"container\">\n\t\t\t\t\t<div class=\"e-con-inner\">\n\t\t\t\t<div class=\"elementor-element elementor-element-6668ae5 elementor-widget elementor-widget-heading\" data-id=\"6668ae5\" data-element_type=\"widget\" data-e-type=\"widget\" data-widget_type=\"heading.default\">\n\t\t\t\t<div class=\"elementor-widget-container\">\n\t\t\t\t\t<h2 class=\"elementor-heading-title elementor-size-default\">O que est\u00e1 inclu\u00eddo na experi\u00eancia?<\/h2>\t\t\t\t<\/div>\n\t\t\t\t<\/div>\n\t\t\t\t\t<\/div>\n\t\t\t\t<\/div>\n\t\t<div class=\"elementor-element elementor-element-79acbaa6 e-flex e-con-boxed e-con e-parent\" data-id=\"79acbaa6\" data-element_type=\"container\" data-e-type=\"container\">\n\t\t\t\t\t<div class=\"e-con-inner\">\n\t\t\t\t<div class=\"elementor-element elementor-element-814c15a elementor-widget elementor-widget-text-editor\" data-id=\"814c15a\" data-element_type=\"widget\" data-e-type=\"widget\" data-widget_type=\"text-editor.default\">\n\t\t\t\t<div class=\"elementor-widget-container\">\n\t\t\t\t\t\t\t\t\t<p><span style=\"font-weight: 400;\">A experi\u00eancia de sandboard em Florian\u00f3polis inclui <strong>transporte privativo<\/strong> at\u00e9 as dunas, al\u00e9m da <strong>prancha<\/strong> especial de sandboard com presilhas para os p\u00e9s. Tamb\u00e9m est\u00e1 inclusa a <strong>parafina<\/strong> pr\u00f3pria para a prancha, que garante um melhor deslizamento sobre a areia durante a atividade. Mas fique atento: <strong>n\u00e3o s\u00e3o disponibilizados lanches nem \u00e1gua<\/strong>, ent\u00e3o \u00e9 melhor trazer de casa!<\/span><\/p>\t\t\t\t\t\t\t\t<\/div>\n\t\t\t\t<\/div>\n\t\t\t\t\t<\/div>\n\t\t\t\t<\/div>\n\t\t<div class=\"elementor-element elementor-element-5644f6e7 e-con-full e-flex e-con e-parent\" data-id=\"5644f6e7\" data-element_type=\"container\" data-e-type=\"container\">\n\t\t\t\t<div class=\"elementor-element elementor-element-77df8e8b elementor-widget__width-initial elementor-widget elementor-widget-image\" data-id=\"77df8e8b\" data-element_type=\"widget\" data-e-type=\"widget\" data-widget_type=\"image.default\">\n\t\t\t\t<div class=\"elementor-widget-container\">\n\t\t\t\t\t\t\t\t\t\t\t\t<figure class=\"wp-caption\">\n\t\t\t\t\t\t\t\t\t\t<img decoding=\"async\" src=\"https:\/\/media.tacdn.com\/media\/photo-m\/1280\/2f\/47\/45\/14\/caption.jpg\" title=\"\" alt=\"\" loading=\"lazy\" \/>\t\t\t\t\t\t\t\t\t\t\t<figcaption class=\"widget-image-caption wp-caption-text\">Sandboard (Adrenailha), Dunas do Mo\u00e7ambique.<\/figcaption>\n\t\t\t\t\t\t\t\t\t\t<\/figure>\n\t\t\t\t\t\t\t\t\t<\/div>\n\t\t\t\t<\/div>\n\t\t\t\t<\/div>\n\t\t<div class=\"elementor-element elementor-element-40083b15 e-flex e-con-boxed e-con e-parent\" data-id=\"40083b15\" data-element_type=\"container\" data-e-type=\"container\">\n\t\t\t\t\t<div class=\"e-con-inner\">\n\t\t\t\t<div class=\"elementor-element elementor-element-72c7a6be elementor-widget elementor-widget-heading\" data-id=\"72c7a6be\" data-element_type=\"widget\" data-e-type=\"widget\" data-widget_type=\"heading.default\">\n\t\t\t\t<div class=\"elementor-widget-container\">\n\t\t\t\t\t<h2 class=\"elementor-heading-title elementor-size-default\">Dicas r\u00e1pidas pra curtir melhor\n<\/h2>\t\t\t\t<\/div>\n\t\t\t\t<\/div>\n\t\t\t\t<div class=\"elementor-element elementor-element-4f7d6d23 elementor-widget elementor-widget-text-editor\" data-id=\"4f7d6d23\" data-element_type=\"widget\" data-e-type=\"widget\" data-widget_type=\"text-editor.default\">\n\t\t\t\t<div class=\"elementor-widget-container\">\n\t\t\t\t\t\t\t\t\t<ul><li style=\"font-weight: 400;\" aria-level=\"1\"><span style=\"font-weight: 400;\">Use <strong>t\u00eanis fechado<\/strong> e roupas confort\u00e1veis<\/span><\/li><li style=\"font-weight: 400;\" aria-level=\"1\"><span style=\"font-weight: 400;\"><strong>Protetor solar<\/strong> \u00e9 essencial!<\/span><\/li><li style=\"font-weight: 400;\" aria-level=\"1\"><span style=\"font-weight: 400;\">Leve <strong>\u00e1gua e lanches<\/strong><\/span><\/li><li style=\"font-weight: 400;\" aria-level=\"1\"><span style=\"font-weight: 400;\">V\u00e1 com disposi\u00e7\u00e3o: subir as dunas cansa, mas vale cada descida!<\/span><\/li><\/ul>\t\t\t\t\t\t\t\t<\/div>\n\t\t\t\t<\/div>\n\t\t\t\t\t<\/div>\n\t\t\t\t<\/div>\n\t\t<div class=\"elementor-element elementor-element-43fdb422 e-flex e-con-boxed e-con e-parent\" data-id=\"43fdb422\" data-element_type=\"container\" data-e-type=\"container\">\n\t\t\t\t\t<div class=\"e-con-inner\">\n\t\t\t\t<div class=\"elementor-element elementor-element-8bd7139 elementor-widget elementor-widget-heading\" data-id=\"8bd7139\" data-element_type=\"widget\" data-e-type=\"widget\" data-widget_type=\"heading.default\">\n\t\t\t\t<div class=\"elementor-widget-container\">\n\t\t\t\t\t<h2 class=\"elementor-heading-title elementor-size-default\">Vale a pena incluir no roteiro?<\/h2>\t\t\t\t<\/div>\n\t\t\t\t<\/div>\n\t\t\t\t<div class=\"elementor-element elementor-element-3523c50d elementor-widget elementor-widget-text-editor\" data-id=\"3523c50d\" data-element_type=\"widget\" data-e-type=\"widget\" data-widget_type=\"text-editor.default\">\n\t\t\t\t<div class=\"elementor-widget-container\">\n\t\t\t\t\t\t\t\t\t<p><span style=\"font-weight: 400;\">Sem d\u00favida! O sandboard em Florian\u00f3polis \u00e9 uma experi\u00eancia diferente, divertida e que foge totalmente do \u00f3bvio. \u00c9 aquele tipo de passeio que rende boas hist\u00f3rias, boas fotos e uma lembran\u00e7a \u00fanica da viagem.<\/span><\/p><p><span style=\"text-decoration: underline;\"><strong><a href=\"https:\/\/www.viator.com\/tours\/Florianopolis\/Surf-the-dunes-of-Floripa-Sandboard-by-Adrenailha\/d22387-199897P2?pid=P00134303&amp;mcid=42383&amp;medium=link&amp;campaign=sandboard\">Reserve Agora<\/a><\/strong><\/span><span style=\"font-weight: 400;\"> seu sandboard nas dunas de Floripa e viva essa experi\u00eancia!<\/span><\/p>\t\t\t\t\t\t\t\t<\/div>\n\t\t\t\t<\/div>\n\t\t\t\t<div class=\"elementor-element elementor-element-34ea795a elementor-widget elementor-widget-image\" data-id=\"34ea795a\" data-element_type=\"widget\" data-e-type=\"widget\" data-widget_type=\"image.default\">\n\t\t\t\t<div class=\"elementor-widget-container\">\n\t\t\t\t\t\t\t\t\t\t\t\t<figure class=\"wp-caption\">\n\t\t\t\t\t\t\t\t\t\t<img decoding=\"async\" src=\"https:\/\/www.pelago.com\/img\/products\/BR-Brazil\/sandboard-experience-by-adrenailha\/fe717b6e-6bd4-4f2c-a9ac-1c700878da2b_sandboard-experience-by-adrenailha-large.webp\" title=\"\" alt=\"\" loading=\"lazy\" \/>\t\t\t\t\t\t\t\t\t\t\t<figcaption class=\"widget-image-caption wp-caption-text\">Sandboard (Adrenailha), Dunas do Mo\u00e7ambique.<\/figcaption>\n\t\t\t\t\t\t\t\t\t\t<\/figure>\n\t\t\t\t\t\t\t\t\t<\/div>\n\t\t\t\t<\/div>\n\t\t\t\t<div class=\"elementor-element elementor-element-1926ccf elementor-widget elementor-widget-spacer\" data-id=\"1926ccf\" data-element_type=\"widget\" data-e-type=\"widget\" data-widget_type=\"spacer.default\">\n\t\t\t\t<div class=\"elementor-widget-container\">\n\t\t\t\t\t\t\t<div class=\"elementor-spacer\">\n\t\t\t<div class=\"elementor-spacer-inner\"><\/div>\n\t\t<\/div>\n\t\t\t\t\t\t<\/div>\n\t\t\t\t<\/div>\n\t\t\t\t\t<\/div>\n\t\t\t\t<\/div>\n\t\t<div class=\"elementor-element elementor-element-39ba521b e-flex e-con-boxed e-con e-parent\" data-id=\"39ba521b\" data-element_type=\"container\" data-e-type=\"container\">\n\t\t\t\t\t<div class=\"e-con-inner\">\n\t\t<div class=\"elementor-element elementor-element-55a962e e-con-full e-flex e-con e-child\" data-id=\"55a962e\" data-element_type=\"container\" data-e-type=\"container\">\n\t\t\t\t<div class=\"elementor-element elementor-element-693c0170 elementor-widget__width-initial elementor-widget elementor-widget-image\" data-id=\"693c0170\" data-element_type=\"widget\" data-e-type=\"widget\" data-widget_type=\"image.default\">\n\t\t\t\t<div class=\"elementor-widget-container\">\n\t\t\t\t\t\t\t\t\t\t\t\t\t\t\t<img fetchpriority=\"high\" decoding=\"async\" width=\"1024\" height=\"1024\" src=\"https:\/\/thebestofflorianopolis.com\/wp-content\/uploads\/2025\/08\/20250803_164311-edited-1-1024x1024.jpg\" class=\"attachment-large size-large wp-image-2265\" alt=\"\" srcset=\"https:\/\/thebestofflorianopolis.com\/wp-content\/uploads\/2025\/08\/20250803_164311-edited-1-1024x1024.jpg 1024w, https:\/\/thebestofflorianopolis.com\/wp-content\/uploads\/2025\/08\/20250803_164311-edited-1-300x300.jpg 300w, https:\/\/thebestofflorianopolis.com\/wp-content\/uploads\/2025\/08\/20250803_164311-edited-1-150x150.jpg 150w, https:\/\/thebestofflorianopolis.com\/wp-content\/uploads\/2025\/08\/20250803_164311-edited-1-768x769.jpg 768w, https:\/\/thebestofflorianopolis.com\/wp-content\/uploads\/2025\/08\/20250803_164311-edited-1-1536x1536.jpg 1536w, https:\/\/thebestofflorianopolis.com\/wp-content\/uploads\/2025\/08\/20250803_164311-edited-1-2046x2048.jpg 2046w, https:\/\/thebestofflorianopolis.com\/wp-content\/uploads\/2025\/08\/20250803_164311-edited-1-12x12.jpg 12w\" sizes=\"(max-width: 1024px) 100vw, 1024px\" \/>\t\t\t\t\t\t\t\t\t\t\t\t\t\t\t<\/div>\n\t\t\t\t<\/div>\n\t\t\t\t<\/div>\n\t\t<div class=\"elementor-element elementor-element-7bffd4 e-con-full e-flex e-con e-child\" data-id=\"7bffd4\" data-element_type=\"container\" data-e-type=\"container\">\n\t\t\t\t<div class=\"elementor-element elementor-element-23587187 elementor-widget elementor-widget-text-editor\" data-id=\"23587187\" data-element_type=\"widget\" data-e-type=\"widget\" data-widget_type=\"text-editor.default\">\n\t\t\t\t<div class=\"elementor-widget-container\">\n\t\t\t\t\t\t\t\t\t<p><b>Gabriela Scherer Sim\u00f5es Lopes<\/b><\/p>\t\t\t\t\t\t\t\t<\/div>\n\t\t\t\t<\/div>\n\t\t\t\t<div class=\"elementor-element elementor-element-2f50e8dc elementor-widget elementor-widget-text-editor\" data-id=\"2f50e8dc\" data-element_type=\"widget\" data-e-type=\"widget\" data-widget_type=\"text-editor.default\">\n\t\t\t\t<div class=\"elementor-widget-container\">\n\t\t\t\t\t\t\t\t\t<p><i>Autora<\/i><\/p>\t\t\t\t\t\t\t\t<\/div>\n\t\t\t\t<\/div>\n\t\t\t\t<div class=\"elementor-element elementor-element-273c3648 elementor-widget elementor-widget-text-editor\" data-id=\"273c3648\" data-element_type=\"widget\" data-e-type=\"widget\" data-widget_type=\"text-editor.default\">\n\t\t\t\t<div class=\"elementor-widget-container\">\n\t\t\t\t\t\t\t\t\t<p data-start=\"54\" data-end=\"288\">Sou estudante de cinema, apaixonada por cultura e hist\u00f3rias que conectam pessoas. Dan\u00e7o h\u00e1 mais de sete anos e j\u00e1 explorei sete pa\u00edses em busca de novas inspira\u00e7\u00f5es. Entre uma foto e uma boa conversa, sigo vivendo a arte todos os dias.<\/p>\t\t\t\t\t\t\t\t<\/div>\n\t\t\t\t<\/div>\n\t\t\t\t<\/div>\n\t\t\t\t\t<\/div>\n\t\t\t\t<\/div>\n\t\t\t\t<\/div>","protected":false},"excerpt":{"rendered":"<p>Sandboard nas Dunas de Floripa Emo\u00e7\u00e3o e Vistas Incr\u00edveis com a Adrenailha 26 de Janeiro de 2026 Florian\u00f3polis \u00e9 famosa pelas praias, surf e natureza, mas pouca gente imagina que tamb\u00e9m d\u00e1 pra \u201csurfar\u201d na areia. Sim! O sandboard nas dunas de Floripa \u00e9 uma forma incr\u00edvel de explorar Florian\u00f3polis de um jeito fora do &hellip;<\/p>\n<p class=\"read-more\"> <a class=\"\" href=\"https:\/\/thebestofflorianopolis.com\/en\/sandboard-nas-dunas-de-floripa-emocao-e-vistas-incriveis-com-a-adrenailha\/\"> <span class=\"screen-reader-text\">Sandboard nas Dunas de Floripa: Emo\u00e7\u00e3o e Vistas Incr\u00edveis com a Adrenailha<\/span> Read More &raquo;<\/a><\/p>","protected":false},"author":1,"featured_media":0,"parent":0,"menu_order":0,"comment_status":"closed","ping_status":"closed","template":"","meta":{"site-sidebar-layout":"no-sidebar","site-content-layout":"page-builder","ast-site-content-layout":"full-width-container","site-content-style":"default","site-sidebar-style":"default","ast-global-header-display":"","ast-banner-title-visibility":"","ast-main-header-display":"","ast-hfb-above-header-display":"","ast-hfb-below-header-display":"","ast-hfb-mobile-header-display":"","site-post-title":"disabled","ast-breadcrumbs-content":"","ast-featured-img":"disabled","footer-sml-layout":"","theme-transparent-header-meta":"","adv-header-id-meta":"","stick-header-meta":"","header-above-stick-meta":"","header-main-stick-meta":"","header-below-stick-meta":"","astra-migrate-meta-layouts":"set","footnotes":""},"class_list":["post-2584","page","type-page","status-publish","hentry"],"_links":{"self":[{"href":"https:\/\/thebestofflorianopolis.com\/en\/wp-json\/wp\/v2\/pages\/2584","targetHints":{"allow":["GET"]}}],"collection":[{"href":"https:\/\/thebestofflorianopolis.com\/en\/wp-json\/wp\/v2\/pages"}],"about":[{"href":"https:\/\/thebestofflorianopolis.com\/en\/wp-json\/wp\/v2\/types\/page"}],"author":[{"embeddable":true,"href":"https:\/\/thebestofflorianopolis.com\/en\/wp-json\/wp\/v2\/users\/1"}],"replies":[{"embeddable":true,"href":"https:\/\/thebestofflorianopolis.com\/en\/wp-json\/wp\/v2\/comments?post=2584"}],"version-history":[{"count":19,"href":"https:\/\/thebestofflorianopolis.com\/en\/wp-json\/wp\/v2\/pages\/2584\/revisions"}],"predecessor-version":[{"id":2733,"href":"https:\/\/thebestofflorianopolis.com\/en\/wp-json\/wp\/v2\/pages\/2584\/revisions\/2733"}],"wp:attachment":[{"href":"https:\/\/thebestofflorianopolis.com\/en\/wp-json\/wp\/v2\/media?parent=2584"}],"curies":[{"name":"wp","href":"https:\/\/api.w.org\/{rel}","templated":true}]}}