{"id":2082,"date":"2023-12-03T20:45:24","date_gmt":"2023-12-03T20:45:24","guid":{"rendered":"https:\/\/thebestofflorianopolis.com\/?page_id=2082"},"modified":"2024-02-04T20:19:03","modified_gmt":"2024-02-04T20:19:03","slug":"hiking-tour-lagoinha-do-leste","status":"publish","type":"page","link":"https:\/\/thebestofflorianopolis.com\/en\/hiking-tour-lagoinha-do-leste\/","title":{"rendered":"Hiking Tour Lagoinha do Leste"},"content":{"rendered":"<div data-elementor-type=\"wp-page\" data-elementor-id=\"2082\" class=\"elementor elementor-2082\">\n\t\t\t\t<div class=\"elementor-element elementor-element-1ceb7618 e-flex e-con-boxed e-con e-parent\" data-id=\"1ceb7618\" data-element_type=\"container\" data-e-type=\"container\">\n\t\t\t\t\t<div class=\"e-con-inner\">\n\t\t\t\t<div class=\"elementor-element elementor-element-3927cf76 elementor-widget elementor-widget-text-editor\" data-id=\"3927cf76\" data-element_type=\"widget\" data-e-type=\"widget\" data-widget_type=\"text-editor.default\">\n\t\t\t\t<div class=\"elementor-widget-container\">\n\t\t\t\t\t\t\t\t\t\n<script type=\"text\/javascript\" src=\"https:\/\/widgets.bokun.io\/assets\/javascripts\/apps\/build\/BokunWidgetsLoader.js?bookingChannelUUID=83335284-3ff5-462a-b734-47def97228e5\" async><\/script>\n     \n    <div class=\"bokunWidget\" data-src=\"https:\/\/widgets.bokun.io\/online-sales\/83335284-3ff5-462a-b734-47def97228e5\/experience\/823627\"><\/div>\n    <noscript>Please enable javascript in your browser to book<\/noscript>\n\n\t\t\t\t\t\t\t\t<\/div>\n\t\t\t\t<\/div>\n\t\t\t\t\t<\/div>\n\t\t\t\t<\/div>\n\t\t<div class=\"elementor-element elementor-element-93a6149 e-flex e-con-boxed e-con e-parent\" data-id=\"93a6149\" data-element_type=\"container\" data-e-type=\"container\">\n\t\t\t\t\t<div class=\"e-con-inner\">\n\t\t<div class=\"elementor-element elementor-element-099be1b e-flex e-con-boxed e-con e-child\" data-id=\"099be1b\" data-element_type=\"container\" data-e-type=\"container\">\n\t\t\t\t\t<div class=\"e-con-inner\">\n\t\t\t\t<div class=\"elementor-element elementor-element-a65615d elementor-widget elementor-widget-text-editor\" data-id=\"a65615d\" data-element_type=\"widget\" data-e-type=\"widget\" data-widget_type=\"text-editor.default\">\n\t\t\t\t<div class=\"elementor-widget-container\">\n\t\t\t\t\t\t\t\t\t<p><span style=\"color: #555555; font-family: -apple-system, BlinkMacSystemFont, 'Segoe UI', Roboto, Oxygen-Sans, Ubuntu, Cantarell, 'Helvetica Neue', sans-serif; font-size: 15px;\"><div class=\"wprev-slider\" id=\"wprev-slider-1\"><ul><style>#wprev-slider-1 .wprev_preview_bradius_T1 {border-radius: 7px;}#wprev-slider-1 .wprev_preview_bg1_T1 {background:#ffffff;}#wprev-slider-1 .wprev_preview_bg2_T1 {background:;}#wprev-slider-1 .wprev_preview_tcolor1_T1 {color:;}#wprev-slider-1 .wprev_preview_tcolor2_T1 {color:;}#wprev-slider-1 .wprev_preview_bg1_T1::after{ border-top: 30px solid #ffffff; }<\/style><style><\/style><li>\t\t<div class=\"wptripadvisor_t1_outer_div w3_wprs-row-padding\">\r\n\t\t\t\t<div class=\"wptripadvisor_t1_DIV_1 w3_wprs-col l4\">\r\n\t\t\t<div class=\"wptripadvisor_t1_DIV_2 wprev_preview_bg1_T1 wprev_preview_bradius_T1\">\r\n\t\t\t\t<p class=\"wptripadvisor_t1_P_3 wprev_preview_tcolor1_T1\">\r\n\t\t\t\t\t<span class=\"wptripadvisor_star_imgs_T1\"><img decoding=\"async\" src=\"https:\/\/thebestofflorianopolis.com\/wp-content\/plugins\/wp-tripadvisor-review-slider\/public\/partials\/imgs\/tripadvisor_stars_5.png\" alt=\"star rating\" class=\"wptripadvisor_t1_star_img_file\">&nbsp;&nbsp;<\/span><span class=\"wprevrevtitle\">\u00a1Visita absolutamente recomendable! La gu\u00eda ofrece una gran combinaci\u00f3n de informaci\u00f3n y presta atenci\u00f3n a la seguridad de los participantes.<\/span>&nbsp;&#8211;&nbsp;\u00a1Recorrido absolutamente recomendable! La gu\u00eda ofrece una gran combinaci\u00f3n de informaci\u00f3n y presta atenci\u00f3n a la seguridad de los participantes.\t\t\t\t<\/p>\r\n\t\t\t\t\t\t\t\t<a href=\"https:\/\/www.tripadvisor.com.mx\/Attraction_Review-g303576-d26584893-Reviews-Isaac-Florianopolis_State_of_Santa_Catarina.html\" target=\"_blank\" rel=\"nofollow\"><img decoding=\"async\" src=\"https:\/\/thebestofflorianopolis.com\/wp-content\/plugins\/wp-tripadvisor-review-slider\/public\/partials\/imgs\/tripadvisor_outline.png\" alt=\"tripadvisor logo\" class=\"wptripadvisor_t1_tripadvisor_logo\"><\/a>\t\t\t<\/div><span class=\"wptripadvisor_t1_A_8\"><img decoding=\"async\" src=\"https:\/\/media-cdn.tripadvisor.com\/media\/photo-l\/1a\/f6\/ef\/73\/default-avatar-2020-13.jpg\" alt=\"avatar thumb\" class=\"wptripadvisor_t1_IMG_4\" loading=\"lazy\"\/><\/span> <span class=\"wptripadvisor_t1_SPAN_5 wprev_preview_tcolor2_T1\">David D<br\/><span class=\"wprev_showdate_T1\">January 14, 2024<\/span> <\/span>\r\n\t\t<\/div>\r\n\t\t\t<div class=\"wptripadvisor_t1_DIV_1 w3_wprs-col l4\">\r\n\t\t\t<div class=\"wptripadvisor_t1_DIV_2 wprev_preview_bg1_T1 wprev_preview_bradius_T1\">\r\n\t\t\t\t<p class=\"wptripadvisor_t1_P_3 wprev_preview_tcolor1_T1\">\r\n\t\t\t\t\t<span class=\"wptripadvisor_star_imgs_T1\"><img decoding=\"async\" src=\"https:\/\/thebestofflorianopolis.com\/wp-content\/plugins\/wp-tripadvisor-review-slider\/public\/partials\/imgs\/tripadvisor_stars_5.png\" alt=\"star rating\" class=\"wptripadvisor_t1_star_img_file\">&nbsp;&nbsp;<\/span><span class=\"wprevrevtitle\">10\/10<\/span>&nbsp;&#8211;&nbsp;Gran recorrido por el centro de la ciudad con un gu\u00eda que habla perfectamente ingl\u00e9s. Los visitantes obtienen una buena visi\u00f3n general de los lugares m\u00e1s importantes e informaci\u00f3n cultural<a class='wprs_rd_more'>&#8230; read more<\/a><span class='wprs_rd_more_text' style='display:none;'> e hist\u00f3rica relacionada.<\/span>\t\t\t\t<\/p>\r\n\t\t\t\t\t\t\t\t<a href=\"https:\/\/www.tripadvisor.com.mx\/Attraction_Review-g303576-d26584893-Reviews-Isaac-Florianopolis_State_of_Santa_Catarina.html\" target=\"_blank\" rel=\"nofollow\"><img decoding=\"async\" src=\"https:\/\/thebestofflorianopolis.com\/wp-content\/plugins\/wp-tripadvisor-review-slider\/public\/partials\/imgs\/tripadvisor_outline.png\" alt=\"tripadvisor logo\" class=\"wptripadvisor_t1_tripadvisor_logo\"><\/a>\t\t\t<\/div><span class=\"wptripadvisor_t1_A_8\"><img decoding=\"async\" src=\"https:\/\/media-cdn.tripadvisor.com\/media\/photo-l\/1a\/f6\/ef\/73\/default-avatar-2020-13.jpg\" alt=\"avatar thumb\" class=\"wptripadvisor_t1_IMG_4\" loading=\"lazy\"\/><\/span> <span class=\"wptripadvisor_t1_SPAN_5 wprev_preview_tcolor2_T1\">David D<br\/><span class=\"wprev_showdate_T1\">January 14, 2024<\/span> <\/span>\r\n\t\t<\/div>\r\n\t\t\t<div class=\"wptripadvisor_t1_DIV_1 w3_wprs-col l4\">\r\n\t\t\t<div class=\"wptripadvisor_t1_DIV_2 wprev_preview_bg1_T1 wprev_preview_bradius_T1\">\r\n\t\t\t\t<p class=\"wptripadvisor_t1_P_3 wprev_preview_tcolor1_T1\">\r\n\t\t\t\t\t<span class=\"wptripadvisor_star_imgs_T1\"><img decoding=\"async\" src=\"https:\/\/thebestofflorianopolis.com\/wp-content\/plugins\/wp-tripadvisor-review-slider\/public\/partials\/imgs\/tripadvisor_stars_5.png\" alt=\"star rating\" class=\"wptripadvisor_t1_star_img_file\">&nbsp;&nbsp;<\/span><span class=\"wprevrevtitle\">Mejor gu\u00eda tur\u00edstico en Florian\u00f3polis<\/span>&nbsp;&#8211;&nbsp;Excelentes recorridos personalizados por Floripa. Isaac tiene un gran conocimiento de la historia y la cultura de Brasil y, en particular, de esta zona. Apreciamos tanto un recorrido a pie<a class='wprs_rd_more'>&#8230; read more<\/a><span class='wprs_rd_more_text' style='display:none;'> por la parte hist\u00f3rica de la ciudad como un recorrido por la isla. Fue completamente complaciente con nuestras necesidades y disponibilidad, as\u00ed como con el clima. \u00a1Una calificaci\u00f3n de 5 estrellas! !<\/span>\t\t\t\t<\/p>\r\n\t\t\t\t\t\t\t\t<a href=\"https:\/\/www.tripadvisor.com.mx\/Attraction_Review-g303576-d26584893-Reviews-Isaac-Florianopolis_State_of_Santa_Catarina.html\" target=\"_blank\" rel=\"nofollow\"><img decoding=\"async\" src=\"https:\/\/thebestofflorianopolis.com\/wp-content\/plugins\/wp-tripadvisor-review-slider\/public\/partials\/imgs\/tripadvisor_outline.png\" alt=\"tripadvisor logo\" class=\"wptripadvisor_t1_tripadvisor_logo\"><\/a>\t\t\t<\/div><span class=\"wptripadvisor_t1_A_8\"><img decoding=\"async\" src=\"https:\/\/media-cdn.tripadvisor.com\/media\/photo-l\/07\/d0\/e3\/ce\/roslyn-m.jpg\" alt=\"avatar thumb\" class=\"wptripadvisor_t1_IMG_4\" loading=\"lazy\"\/><\/span> <span class=\"wptripadvisor_t1_SPAN_5 wprev_preview_tcolor2_T1\">Roslyn M<br\/><span class=\"wprev_showdate_T1\">October 4, 2023<\/span> <\/span>\r\n\t\t<\/div>\r\n\t\t<\/div>\r\n<!-- This file should primarily consist of HTML with a little bit of PHP. -->\r\n<\/li><li style=\"display:none;\">\t\t<div class=\"wptripadvisor_t1_outer_div w3_wprs-row-padding\">\r\n\t\t\t\t<div class=\"wptripadvisor_t1_DIV_1 w3_wprs-col l4\">\r\n\t\t\t<div class=\"wptripadvisor_t1_DIV_2 wprev_preview_bg1_T1 wprev_preview_bradius_T1\">\r\n\t\t\t\t<p class=\"wptripadvisor_t1_P_3 wprev_preview_tcolor1_T1\">\r\n\t\t\t\t\t<span class=\"wptripadvisor_star_imgs_T1\"><img decoding=\"async\" src=\"https:\/\/thebestofflorianopolis.com\/wp-content\/plugins\/wp-tripadvisor-review-slider\/public\/partials\/imgs\/tripadvisor_stars_5.png\" alt=\"star rating\" class=\"wptripadvisor_t1_star_img_file\">&nbsp;&nbsp;<\/span>Maravillosa experiencia, la mejor forma de conocer los lugares m\u00e1s ic\u00f3nicos del centro de la Isla. Gran gu\u00eda, muy simp\u00e1tico, buenas historias y las mejores fotos!!!. Menci\u00f3n honrosa para el<a class='wprs_rd_more'>&#8230; read more<\/a><span class='wprs_rd_more_text' style='display:none;'> caldo de ca\u00f1a!!! Un manjar!!!<\/span>\t\t\t\t<\/p>\r\n\t\t\t\t\t\t\t\t<a href=\"https:\/\/www.tripadvisor.com.mx\/Attraction_Review-g303576-d26584893-Reviews-Isaac-Florianopolis_State_of_Santa_Catarina.html\" target=\"_blank\" rel=\"nofollow\"><img decoding=\"async\" src=\"https:\/\/thebestofflorianopolis.com\/wp-content\/plugins\/wp-tripadvisor-review-slider\/public\/partials\/imgs\/tripadvisor_outline.png\" alt=\"tripadvisor logo\" class=\"wptripadvisor_t1_tripadvisor_logo\"><\/a>\t\t\t<\/div><span class=\"wptripadvisor_t1_A_8\"><img decoding=\"async\" src=\"https:\/\/media-cdn.tripadvisor.com\/media\/photo-l\/1a\/f6\/ef\/9c\/default-avatar-2020-14.jpg\" alt=\"avatar thumb\" class=\"wptripadvisor_t1_IMG_4\" loading=\"lazy\"\/><\/span> <span class=\"wptripadvisor_t1_SPAN_5 wprev_preview_tcolor2_T1\">E2753ZZconnieb<br\/><span class=\"wprev_showdate_T1\">January 6, 2024<\/span> <\/span>\r\n\t\t<\/div>\r\n\t\t\t<div class=\"wptripadvisor_t1_DIV_1 w3_wprs-col l4\">\r\n\t\t\t<div class=\"wptripadvisor_t1_DIV_2 wprev_preview_bg1_T1 wprev_preview_bradius_T1\">\r\n\t\t\t\t<p class=\"wptripadvisor_t1_P_3 wprev_preview_tcolor1_T1\">\r\n\t\t\t\t\t<span class=\"wptripadvisor_star_imgs_T1\"><img decoding=\"async\" src=\"https:\/\/thebestofflorianopolis.com\/wp-content\/plugins\/wp-tripadvisor-review-slider\/public\/partials\/imgs\/tripadvisor_stars_5.png\" alt=\"star rating\" class=\"wptripadvisor_t1_star_img_file\">&nbsp;&nbsp;<\/span><span class=\"wprevrevtitle\">Confiable, amigable, de mente abierta.<\/span>&nbsp;&#8211;&nbsp;Este chico dirige su propia empresa que ofrece diferentes tours y pone mucho esfuerzo en cada uno de ellos. Muy bien educado, amigable, confiable y multiling\u00fce.\t\t\t\t<\/p>\r\n\t\t\t\t\t\t\t\t<a href=\"https:\/\/www.tripadvisor.com.mx\/Attraction_Review-g303576-d26584893-Reviews-Isaac-Florianopolis_State_of_Santa_Catarina.html\" target=\"_blank\" rel=\"nofollow\"><img decoding=\"async\" src=\"https:\/\/thebestofflorianopolis.com\/wp-content\/plugins\/wp-tripadvisor-review-slider\/public\/partials\/imgs\/tripadvisor_outline.png\" alt=\"tripadvisor logo\" class=\"wptripadvisor_t1_tripadvisor_logo\"><\/a>\t\t\t<\/div><span class=\"wptripadvisor_t1_A_8\"><img decoding=\"async\" src=\"https:\/\/media-cdn.tripadvisor.com\/media\/photo-l\/1a\/f6\/ef\/73\/default-avatar-2020-13.jpg\" alt=\"avatar thumb\" class=\"wptripadvisor_t1_IMG_4\" loading=\"lazy\"\/><\/span> <span class=\"wptripadvisor_t1_SPAN_5 wprev_preview_tcolor2_T1\">David D<br\/><span class=\"wprev_showdate_T1\">January 14, 2024<\/span> <\/span>\r\n\t\t<\/div>\r\n\t\t\t<div class=\"wptripadvisor_t1_DIV_1 w3_wprs-col l4\">\r\n\t\t\t<div class=\"wptripadvisor_t1_DIV_2 wprev_preview_bg1_T1 wprev_preview_bradius_T1\">\r\n\t\t\t\t<p class=\"wptripadvisor_t1_P_3 wprev_preview_tcolor1_T1\">\r\n\t\t\t\t\t<span class=\"wptripadvisor_star_imgs_T1\"><img decoding=\"async\" src=\"https:\/\/thebestofflorianopolis.com\/wp-content\/plugins\/wp-tripadvisor-review-slider\/public\/partials\/imgs\/tripadvisor_stars_5.png\" alt=\"star rating\" class=\"wptripadvisor_t1_star_img_file\">&nbsp;&nbsp;<\/span><span class=\"wprevrevtitle\">Mejor gu\u00eda tur\u00edstico en Florian\u00f3polis<\/span>&nbsp;&#8211;&nbsp;Nos lo pasamos genial con Isaac. Se tom\u00f3 el tiempo para conocernos, fue amigable, conoc\u00eda bien la historia y la cultura. Tambi\u00e9n fue amable con nuestro peque\u00f1o grupo, asegur\u00e1ndose de<a class='wprs_rd_more'>&#8230; read more<\/a><span class='wprs_rd_more_text' style='display:none;'> que nos sinti\u00e9ramos seguros a nuestro regreso a nuestro hotel.<\/span>\t\t\t\t<\/p>\r\n\t\t\t\t\t\t\t\t<a href=\"https:\/\/www.tripadvisor.com.mx\/Attraction_Review-g303576-d26584893-Reviews-Isaac-Florianopolis_State_of_Santa_Catarina.html\" target=\"_blank\" rel=\"nofollow\"><img decoding=\"async\" src=\"https:\/\/thebestofflorianopolis.com\/wp-content\/plugins\/wp-tripadvisor-review-slider\/public\/partials\/imgs\/tripadvisor_outline.png\" alt=\"tripadvisor logo\" class=\"wptripadvisor_t1_tripadvisor_logo\"><\/a>\t\t\t<\/div><span class=\"wptripadvisor_t1_A_8\"><img decoding=\"async\" src=\"https:\/\/media-cdn.tripadvisor.com\/media\/photo-l\/1a\/f6\/ec\/3d\/default-avatar-2020-1.jpg\" alt=\"avatar thumb\" class=\"wptripadvisor_t1_IMG_4\" loading=\"lazy\"\/><\/span> <span class=\"wptripadvisor_t1_SPAN_5 wprev_preview_tcolor2_T1\">roslynmannon<br\/><span class=\"wprev_showdate_T1\">November 5, 2023<\/span> <\/span>\r\n\t\t<\/div>\r\n\t\t<\/div>\r\n<!-- This file should primarily consist of HTML with a little bit of PHP. -->\r\n<\/li><\/ul><\/div>\r\n<\/span><\/p>\t\t\t\t\t\t\t\t<\/div>\n\t\t\t\t<\/div>\n\t\t\t\t\t<\/div>\n\t\t\t\t<\/div>\n\t\t\t\t\t<\/div>\n\t\t\t\t<\/div>\n\t\t\t\t<\/div>","protected":false},"excerpt":{"rendered":"<p>Please enable javascript in your browser to book<\/p>","protected":false},"author":1,"featured_media":0,"parent":0,"menu_order":0,"comment_status":"closed","ping_status":"closed","template":"","meta":{"site-sidebar-layout":"default","site-content-layout":"","ast-site-content-layout":"default","site-content-style":"default","site-sidebar-style":"default","ast-global-header-display":"","ast-banner-title-visibility":"","ast-main-header-display":"","ast-hfb-above-header-display":"","ast-hfb-below-header-display":"","ast-hfb-mobile-header-display":"","site-post-title":"disabled","ast-breadcrumbs-content":"","ast-featured-img":"","footer-sml-layout":"","theme-transparent-header-meta":"","adv-header-id-meta":"","stick-header-meta":"","header-above-stick-meta":"","header-main-stick-meta":"","header-below-stick-meta":"","astra-migrate-meta-layouts":"set","footnotes":""},"class_list":["post-2082","page","type-page","status-publish","hentry"],"_links":{"self":[{"href":"https:\/\/thebestofflorianopolis.com\/en\/wp-json\/wp\/v2\/pages\/2082","targetHints":{"allow":["GET"]}}],"collection":[{"href":"https:\/\/thebestofflorianopolis.com\/en\/wp-json\/wp\/v2\/pages"}],"about":[{"href":"https:\/\/thebestofflorianopolis.com\/en\/wp-json\/wp\/v2\/types\/page"}],"author":[{"embeddable":true,"href":"https:\/\/thebestofflorianopolis.com\/en\/wp-json\/wp\/v2\/users\/1"}],"replies":[{"embeddable":true,"href":"https:\/\/thebestofflorianopolis.com\/en\/wp-json\/wp\/v2\/comments?post=2082"}],"version-history":[{"count":11,"href":"https:\/\/thebestofflorianopolis.com\/en\/wp-json\/wp\/v2\/pages\/2082\/revisions"}],"predecessor-version":[{"id":2158,"href":"https:\/\/thebestofflorianopolis.com\/en\/wp-json\/wp\/v2\/pages\/2082\/revisions\/2158"}],"wp:attachment":[{"href":"https:\/\/thebestofflorianopolis.com\/en\/wp-json\/wp\/v2\/media?parent=2082"}],"curies":[{"name":"wp","href":"https:\/\/api.w.org\/{rel}","templated":true}]}}