{"id":1782,"date":"2023-10-09T17:47:43","date_gmt":"2023-10-09T17:47:43","guid":{"rendered":"https:\/\/thebestofflorianopolis.com\/?page_id=1782"},"modified":"2026-03-30T19:30:04","modified_gmt":"2026-03-30T19:30:04","slug":"articles","status":"publish","type":"page","link":"https:\/\/thebestofflorianopolis.com\/en\/articles\/","title":{"rendered":"Articles"},"content":{"rendered":"<div data-elementor-type=\"wp-page\" data-elementor-id=\"1782\" class=\"elementor elementor-1782\">\n\t\t\t\t\t\t<section class=\"elementor-section elementor-top-section elementor-element elementor-element-77d1c4c8 elementor-section-height-min-height elementor-section-boxed elementor-section-height-default elementor-section-items-middle\" data-id=\"77d1c4c8\" data-element_type=\"section\" data-e-type=\"section\" data-settings=\"{&quot;background_background&quot;:&quot;classic&quot;}\">\n\t\t\t\t\t\t\t<div class=\"elementor-background-overlay\"><\/div>\n\t\t\t\t\t\t\t<div class=\"elementor-container elementor-column-gap-default\">\n\t\t\t\t\t<div class=\"elementor-column elementor-col-100 elementor-top-column elementor-element elementor-element-a2fd50b\" data-id=\"a2fd50b\" data-element_type=\"column\" data-e-type=\"column\">\n\t\t\t<div class=\"elementor-widget-wrap elementor-element-populated\">\n\t\t\t\t\t\t<div class=\"elementor-element elementor-element-657cb2fd elementor-widget elementor-widget-heading\" data-id=\"657cb2fd\" data-element_type=\"widget\" data-e-type=\"widget\" data-widget_type=\"heading.default\">\n\t\t\t\t<div class=\"elementor-widget-container\">\n\t\t\t\t\t<h1 class=\"elementor-heading-title elementor-size-default\">Articles<\/h1>\t\t\t\t<\/div>\n\t\t\t\t<\/div>\n\t\t\t\t\t<\/div>\n\t\t<\/div>\n\t\t\t\t\t<\/div>\n\t\t<\/section>\n\t\t<div class=\"elementor-element elementor-element-789a6a4 e-flex e-con-boxed e-con e-parent\" data-id=\"789a6a4\" data-element_type=\"container\" data-e-type=\"container\">\n\t\t\t\t\t<div class=\"e-con-inner\">\n\t\t\t\t<div class=\"elementor-element elementor-element-ccfb251 elementor-widget-divider--view-line elementor-widget elementor-widget-divider\" data-id=\"ccfb251\" data-element_type=\"widget\" data-e-type=\"widget\" data-widget_type=\"divider.default\">\n\t\t\t\t<div class=\"elementor-widget-container\">\n\t\t\t\t\t\t\t<div class=\"elementor-divider\">\n\t\t\t<span class=\"elementor-divider-separator\">\n\t\t\t\t\t\t<\/span>\n\t\t<\/div>\n\t\t\t\t\t\t<\/div>\n\t\t\t\t<\/div>\n\t\t\t\t\t<\/div>\n\t\t\t\t<\/div>\n\t\t<div class=\"elementor-element elementor-element-dc921f6 e-con-full e-flex e-con e-parent\" data-id=\"dc921f6\" data-element_type=\"container\" data-e-type=\"container\">\n\t\t<div class=\"elementor-element elementor-element-9c430be e-con-full e-flex e-con e-child\" data-id=\"9c430be\" data-element_type=\"container\" data-e-type=\"container\">\n\t\t\t\t<div class=\"elementor-element elementor-element-2d02e9c elementor-widget__width-initial elementor-widget elementor-widget-image\" data-id=\"2d02e9c\" data-element_type=\"widget\" data-e-type=\"widget\" data-widget_type=\"image.default\">\n\t\t\t\t<div class=\"elementor-widget-container\">\n\t\t\t\t\t\t\t\t\t\t\t\t\t\t\t\t<a href=\"https:\/\/thebestofflorianopolis.com\/en\/passeio-de-caiaque-em-floripa-trilha-aquatica-na-lagoa-e-rio-vermelho\/\">\n\t\t\t\t\t\t\t<img fetchpriority=\"high\" decoding=\"async\" width=\"1024\" height=\"745\" src=\"https:\/\/thebestofflorianopolis.com\/wp-content\/uploads\/2026\/03\/caption-1024x745.jpg\" class=\"attachment-large size-large wp-image-2906\" alt=\"\" srcset=\"https:\/\/thebestofflorianopolis.com\/wp-content\/uploads\/2026\/03\/caption-1024x745.jpg 1024w, https:\/\/thebestofflorianopolis.com\/wp-content\/uploads\/2026\/03\/caption-300x218.jpg 300w, https:\/\/thebestofflorianopolis.com\/wp-content\/uploads\/2026\/03\/caption-768x559.jpg 768w, https:\/\/thebestofflorianopolis.com\/wp-content\/uploads\/2026\/03\/caption-18x12.jpg 18w, https:\/\/thebestofflorianopolis.com\/wp-content\/uploads\/2026\/03\/caption.jpg 1100w\" sizes=\"(max-width: 1024px) 100vw, 1024px\" \/>\t\t\t\t\t\t\t\t<\/a>\n\t\t\t\t\t\t\t\t\t\t\t\t\t\t\t<\/div>\n\t\t\t\t<\/div>\n\t\t\t\t<div class=\"elementor-element elementor-element-7d793fe elementor-widget__width-initial elementor-widget elementor-widget-heading\" data-id=\"7d793fe\" data-element_type=\"widget\" data-e-type=\"widget\" data-widget_type=\"heading.default\">\n\t\t\t\t<div class=\"elementor-widget-container\">\n\t\t\t\t\t<h3 class=\"elementor-heading-title elementor-size-default\"><a href=\"https:\/\/thebestofflorianopolis.com\/en\/passeio-de-caiaque-em-floripa-trilha-aquatica-na-lagoa-e-rio-vermelho\/\">Passeio de Caiaque em Florian\u00f3polis: Trilha Aqu\u00e1tica na Lagoa e Rio Vermelho<\/a><\/h3>\t\t\t\t<\/div>\n\t\t\t\t<\/div>\n\t\t\t\t<\/div>\n\t\t<div class=\"elementor-element elementor-element-fa16b0d e-con-full e-flex e-con e-child\" data-id=\"fa16b0d\" data-element_type=\"container\" data-e-type=\"container\">\n\t\t\t\t<div class=\"elementor-element elementor-element-4256b9f elementor-widget__width-initial elementor-widget elementor-widget-image\" data-id=\"4256b9f\" data-element_type=\"widget\" data-e-type=\"widget\" data-widget_type=\"image.default\">\n\t\t\t\t<div class=\"elementor-widget-container\">\n\t\t\t\t\t\t\t\t\t\t\t\t\t\t\t\t<a href=\"https:\/\/thebestofflorianopolis.com\/en\/melhores-trilhas-de-florianopolis-8-caminhadas-imperdiveis-na-ilha-da-magia\/\">\n\t\t\t\t\t\t\t<img decoding=\"async\" width=\"1024\" height=\"768\" src=\"https:\/\/thebestofflorianopolis.com\/wp-content\/uploads\/2026\/03\/20260211_111649-1024x768.jpg\" class=\"attachment-large size-large wp-image-2803\" alt=\"\" srcset=\"https:\/\/thebestofflorianopolis.com\/wp-content\/uploads\/2026\/03\/20260211_111649-1024x768.jpg 1024w, https:\/\/thebestofflorianopolis.com\/wp-content\/uploads\/2026\/03\/20260211_111649-300x225.jpg 300w, https:\/\/thebestofflorianopolis.com\/wp-content\/uploads\/2026\/03\/20260211_111649-768x576.jpg 768w, https:\/\/thebestofflorianopolis.com\/wp-content\/uploads\/2026\/03\/20260211_111649-1536x1152.jpg 1536w, https:\/\/thebestofflorianopolis.com\/wp-content\/uploads\/2026\/03\/20260211_111649-2048x1536.jpg 2048w, https:\/\/thebestofflorianopolis.com\/wp-content\/uploads\/2026\/03\/20260211_111649-16x12.jpg 16w\" sizes=\"(max-width: 1024px) 100vw, 1024px\" \/>\t\t\t\t\t\t\t\t<\/a>\n\t\t\t\t\t\t\t\t\t\t\t\t\t\t\t<\/div>\n\t\t\t\t<\/div>\n\t\t\t\t<div class=\"elementor-element elementor-element-38d0f22 elementor-widget__width-initial elementor-widget elementor-widget-heading\" data-id=\"38d0f22\" data-element_type=\"widget\" data-e-type=\"widget\" data-widget_type=\"heading.default\">\n\t\t\t\t<div class=\"elementor-widget-container\">\n\t\t\t\t\t<h3 class=\"elementor-heading-title elementor-size-default\"><a href=\"https:\/\/thebestofflorianopolis.com\/en\/melhores-trilhas-de-florianopolis-8-caminhadas-imperdiveis-na-ilha-da-magia\/\">Melhores Trilhas de Floripa: 8 Caminhadas Imperd\u00edveis na Ilha da Magia<\/a><\/h3>\t\t\t\t<\/div>\n\t\t\t\t<\/div>\n\t\t\t\t<\/div>\n\t\t<div class=\"elementor-element elementor-element-d2a32e1 e-con-full e-flex e-con e-child\" data-id=\"d2a32e1\" data-element_type=\"container\" data-e-type=\"container\">\n\t\t\t\t<div class=\"elementor-element elementor-element-b3b2756 elementor-widget__width-initial elementor-widget elementor-widget-image\" data-id=\"b3b2756\" data-element_type=\"widget\" data-e-type=\"widget\" data-widget_type=\"image.default\">\n\t\t\t\t<div class=\"elementor-widget-container\">\n\t\t\t\t\t\t\t\t\t\t\t\t\t\t\t\t<a href=\"https:\/\/thebestofflorianopolis.com\/en\/aprenda-a-surfar-na-ilha-da-magia-aula-de-surf-com-instrutor-qualificado-em-florianopolis\/\">\n\t\t\t\t\t\t\t<img decoding=\"async\" src=\"https:\/\/dynamic-media.tacdn.com\/media\/photo-o\/2f\/37\/dd\/68\/caption.jpg?w=1400&#038;h=1000&#038;s=1\" title=\"\" alt=\"\" loading=\"lazy\" \/>\t\t\t\t\t\t\t\t<\/a>\n\t\t\t\t\t\t\t\t\t\t\t\t\t\t\t<\/div>\n\t\t\t\t<\/div>\n\t\t\t\t<div class=\"elementor-element elementor-element-d6511fe elementor-widget elementor-widget-heading\" data-id=\"d6511fe\" data-element_type=\"widget\" data-e-type=\"widget\" data-widget_type=\"heading.default\">\n\t\t\t\t<div class=\"elementor-widget-container\">\n\t\t\t\t\t<h3 class=\"elementor-heading-title elementor-size-default\"><a href=\"https:\/\/thebestofflorianopolis.com\/en\/aprenda-a-surfar-na-ilha-da-magia-aula-de-surf-com-instrutor-qualificado-em-florianopolis\/\">Aprenda a Surfar na Ilha da Magia: Aula de Surf com Instrutor em Florian\u00f3polis<\/a><\/h3>\t\t\t\t<\/div>\n\t\t\t\t<\/div>\n\t\t\t\t<\/div>\n\t\t<div class=\"elementor-element elementor-element-3eaf725 e-con-full e-flex e-con e-child\" data-id=\"3eaf725\" data-element_type=\"container\" data-e-type=\"container\">\n\t\t\t\t<div class=\"elementor-element elementor-element-4c962ca elementor-widget__width-initial elementor-widget elementor-widget-image\" data-id=\"4c962ca\" data-element_type=\"widget\" data-e-type=\"widget\" data-widget_type=\"image.default\">\n\t\t\t\t<div class=\"elementor-widget-container\">\n\t\t\t\t\t\t\t\t\t\t\t\t\t\t\t\t<a href=\"https:\/\/thebestofflorianopolis.com\/en\/sandboard-nas-dunas-de-floripa-emocao-e-vistas-incriveis-com-a-adrenailha\/\">\n\t\t\t\t\t\t\t<img decoding=\"async\" width=\"1024\" height=\"768\" src=\"https:\/\/thebestofflorianopolis.com\/wp-content\/uploads\/2026\/01\/sandboard.jpg\" class=\"attachment-large size-large wp-image-2708\" alt=\"\" \/>\t\t\t\t\t\t\t\t<\/a>\n\t\t\t\t\t\t\t\t\t\t\t\t\t\t\t<\/div>\n\t\t\t\t<\/div>\n\t\t\t\t<div class=\"elementor-element elementor-element-a946f68 elementor-widget elementor-widget-heading\" data-id=\"a946f68\" data-element_type=\"widget\" data-e-type=\"widget\" data-widget_type=\"heading.default\">\n\t\t\t\t<div class=\"elementor-widget-container\">\n\t\t\t\t\t<h3 class=\"elementor-heading-title elementor-size-default\"><a href=\"https:\/\/thebestofflorianopolis.com\/en\/sandboard-nas-dunas-de-floripa-emocao-e-vistas-incriveis-com-a-adrenailha\/\">Sandboard nas Dunas de Floripa: Emo\u00e7\u00e3o e Vistas Incr\u00edveis com a Adrenailha<\/a><\/h3>\t\t\t\t<\/div>\n\t\t\t\t<\/div>\n\t\t\t\t<\/div>\n\t\t<div class=\"elementor-element elementor-element-89cbd6d e-con-full e-flex e-con e-child\" data-id=\"89cbd6d\" data-element_type=\"container\" data-e-type=\"container\">\n\t\t\t\t<div class=\"elementor-element elementor-element-a85998a elementor-widget__width-initial elementor-widget elementor-widget-image\" data-id=\"a85998a\" data-element_type=\"widget\" data-e-type=\"widget\" data-widget_type=\"image.default\">\n\t\t\t\t<div class=\"elementor-widget-container\">\n\t\t\t\t\t\t\t\t\t\t\t\t\t\t\t\t<a href=\"https:\/\/thebestofflorianopolis.com\/en\/rafting-no-rio-cubatao-aventura-e-natureza-na-grande-florianopolis\/\">\n\t\t\t\t\t\t\t<img decoding=\"async\" src=\"https:\/\/media.tacdn.com\/media\/photo-m\/1280\/2f\/1a\/66\/00\/caption.jpg\" title=\"\" alt=\"\" loading=\"lazy\" \/>\t\t\t\t\t\t\t\t<\/a>\n\t\t\t\t\t\t\t\t\t\t\t\t\t\t\t<\/div>\n\t\t\t\t<\/div>\n\t\t\t\t<div class=\"elementor-element elementor-element-efadd43 elementor-widget elementor-widget-heading\" data-id=\"efadd43\" data-element_type=\"widget\" data-e-type=\"widget\" data-widget_type=\"heading.default\">\n\t\t\t\t<div class=\"elementor-widget-container\">\n\t\t\t\t\t<h3 class=\"elementor-heading-title elementor-size-default\"><a href=\"https:\/\/thebestofflorianopolis.com\/en\/rafting-no-rio-cubatao-aventura-e-natureza-na-grande-florianopolis\/\">Rafting no Rio Cubat\u00e3o: Aventura e Natureza na Grande Florian\u00f3polis<\/a><\/h3>\t\t\t\t<\/div>\n\t\t\t\t<\/div>\n\t\t\t\t<\/div>\n\t\t<div class=\"elementor-element elementor-element-e34bde1 e-con-full e-flex e-con e-child\" data-id=\"e34bde1\" data-element_type=\"container\" data-e-type=\"container\">\n\t\t\t\t<div class=\"elementor-element elementor-element-b5a329c elementor-widget__width-initial elementor-widget elementor-widget-image\" data-id=\"b5a329c\" data-element_type=\"widget\" data-e-type=\"widget\" data-widget_type=\"image.default\">\n\t\t\t\t<div class=\"elementor-widget-container\">\n\t\t\t\t\t\t\t\t\t\t\t\t\t\t\t\t<a href=\"https:\/\/thebestofflorianopolis.com\/en\/floripa-city-tour-by-bus-o-passeio-de-onibus-mais-completo-para-conhecer-florianopolis\/\">\n\t\t\t\t\t\t\t<img loading=\"lazy\" decoding=\"async\" width=\"1024\" height=\"768\" src=\"https:\/\/thebestofflorianopolis.com\/wp-content\/uploads\/2026\/01\/bus-1-1024x768.jpg\" class=\"attachment-large size-large wp-image-2704\" alt=\"\" srcset=\"https:\/\/thebestofflorianopolis.com\/wp-content\/uploads\/2026\/01\/bus-1-1024x768.jpg 1024w, https:\/\/thebestofflorianopolis.com\/wp-content\/uploads\/2026\/01\/bus-1-300x225.jpg 300w, https:\/\/thebestofflorianopolis.com\/wp-content\/uploads\/2026\/01\/bus-1-768x576.jpg 768w, https:\/\/thebestofflorianopolis.com\/wp-content\/uploads\/2026\/01\/bus-1-16x12.jpg 16w, https:\/\/thebestofflorianopolis.com\/wp-content\/uploads\/2026\/01\/bus-1.jpg 1200w\" sizes=\"(max-width: 1024px) 100vw, 1024px\" \/>\t\t\t\t\t\t\t\t<\/a>\n\t\t\t\t\t\t\t\t\t\t\t\t\t\t\t<\/div>\n\t\t\t\t<\/div>\n\t\t\t\t<div class=\"elementor-element elementor-element-56ab063 elementor-widget elementor-widget-heading\" data-id=\"56ab063\" data-element_type=\"widget\" data-e-type=\"widget\" data-widget_type=\"heading.default\">\n\t\t\t\t<div class=\"elementor-widget-container\">\n\t\t\t\t\t<h3 class=\"elementor-heading-title elementor-size-default\"><a href=\"https:\/\/thebestofflorianopolis.com\/en\/floripa-city-tour-by-bus-o-passeio-de-onibus-mais-completo-para-conhecer-florianopolis\/\">Floripa City Tour by Bus: o Passeio mais Completo para conhecer Floripa<\/a><\/h3>\t\t\t\t<\/div>\n\t\t\t\t<\/div>\n\t\t\t\t<\/div>\n\t\t<div class=\"elementor-element elementor-element-f376e9e e-con-full e-flex e-con e-child\" data-id=\"f376e9e\" data-element_type=\"container\" data-e-type=\"container\">\n\t\t\t\t<div class=\"elementor-element elementor-element-08dc9e5 elementor-widget__width-initial elementor-widget elementor-widget-image\" data-id=\"08dc9e5\" data-element_type=\"widget\" data-e-type=\"widget\" data-widget_type=\"image.default\">\n\t\t\t\t<div class=\"elementor-widget-container\">\n\t\t\t\t\t\t\t\t\t\t\t\t\t\t\t\t<a href=\"https:\/\/thebestofflorianopolis.com\/en\/11-coisas-para-fazer-em-floripa-em-dias-de-chuva\/\">\n\t\t\t\t\t\t\t<img loading=\"lazy\" decoding=\"async\" width=\"1024\" height=\"768\" src=\"https:\/\/thebestofflorianopolis.com\/wp-content\/uploads\/2026\/01\/20250725_144932.jpg\" class=\"attachment-large size-large wp-image-2705\" alt=\"\" \/>\t\t\t\t\t\t\t\t<\/a>\n\t\t\t\t\t\t\t\t\t\t\t\t\t\t\t<\/div>\n\t\t\t\t<\/div>\n\t\t\t\t<div class=\"elementor-element elementor-element-0bbc726 elementor-widget elementor-widget-heading\" data-id=\"0bbc726\" data-element_type=\"widget\" data-e-type=\"widget\" data-widget_type=\"heading.default\">\n\t\t\t\t<div class=\"elementor-widget-container\">\n\t\t\t\t\t<h3 class=\"elementor-heading-title elementor-size-default\"><a href=\"https:\/\/thebestofflorianopolis.com\/en\/11-coisas-para-fazer-em-floripa-em-dias-de-chuva\/\">11 Coisas para Fazer em Floripa em Dias de Chuva<\/a><\/h3>\t\t\t\t<\/div>\n\t\t\t\t<\/div>\n\t\t\t\t<\/div>\n\t\t<div class=\"elementor-element elementor-element-3dc1f35 e-con-full e-flex e-con e-child\" data-id=\"3dc1f35\" data-element_type=\"container\" data-e-type=\"container\">\n\t\t\t\t<div class=\"elementor-element elementor-element-6f04c35 elementor-widget__width-initial elementor-widget elementor-widget-image\" data-id=\"6f04c35\" data-element_type=\"widget\" data-e-type=\"widget\" data-widget_type=\"image.default\">\n\t\t\t\t<div class=\"elementor-widget-container\">\n\t\t\t\t\t\t\t\t\t\t\t\t\t\t\t\t<a href=\"https:\/\/thebestofflorianopolis.com\/en\/onde-comer-comida-de-rua-em-florianopolis-guia-completo-com-dicas-locais\/\">\n\t\t\t\t\t\t\t<img loading=\"lazy\" decoding=\"async\" width=\"1\" height=\"1\" src=\"https:\/\/thebestofflorianopolis.com\/wp-content\/uploads\/2026\/01\/20250802_114613-1.jpg\" class=\"attachment-large size-large wp-image-2706\" alt=\"\" \/>\t\t\t\t\t\t\t\t<\/a>\n\t\t\t\t\t\t\t\t\t\t\t\t\t\t\t<\/div>\n\t\t\t\t<\/div>\n\t\t\t\t<div class=\"elementor-element elementor-element-4a6d02a elementor-widget elementor-widget-heading\" data-id=\"4a6d02a\" data-element_type=\"widget\" data-e-type=\"widget\" data-widget_type=\"heading.default\">\n\t\t\t\t<div class=\"elementor-widget-container\">\n\t\t\t\t\t<h3 class=\"elementor-heading-title elementor-size-default\"><a href=\"https:\/\/thebestofflorianopolis.com\/en\/onde-comer-comida-de-rua-em-florianopolis-guia-completo-com-dicas-locais\/\">Onde Comer Comida de Rua em Florian\u00f3polis: Guia Completo com Dicas Locais<\/a><\/h3>\t\t\t\t<\/div>\n\t\t\t\t<\/div>\n\t\t\t\t<\/div>\n\t\t<div class=\"elementor-element elementor-element-001a800 e-con-full e-flex e-con e-child\" data-id=\"001a800\" data-element_type=\"container\" data-e-type=\"container\">\n\t\t\t\t<div class=\"elementor-element elementor-element-e1b04ed elementor-widget__width-initial elementor-widget elementor-widget-image\" data-id=\"e1b04ed\" data-element_type=\"widget\" data-e-type=\"widget\" data-widget_type=\"image.default\">\n\t\t\t\t<div class=\"elementor-widget-container\">\n\t\t\t\t\t\t\t\t\t\t\t\t\t\t\t\t<a href=\"https:\/\/thebestofflorianopolis.com\/en\/historic-center\/\">\n\t\t\t\t\t\t\t<img loading=\"lazy\" decoding=\"async\" width=\"1\" height=\"1\" src=\"https:\/\/thebestofflorianopolis.com\/wp-content\/uploads\/2026\/01\/20260117_1505020.jpg\" class=\"attachment-large size-large wp-image-2707\" alt=\"\" \/>\t\t\t\t\t\t\t\t<\/a>\n\t\t\t\t\t\t\t\t\t\t\t\t\t\t\t<\/div>\n\t\t\t\t<\/div>\n\t\t\t\t<div class=\"elementor-element elementor-element-f4b264f elementor-widget__width-initial elementor-widget elementor-widget-heading\" data-id=\"f4b264f\" data-element_type=\"widget\" data-e-type=\"widget\" data-widget_type=\"heading.default\">\n\t\t\t\t<div class=\"elementor-widget-container\">\n\t\t\t\t\t<h3 class=\"elementor-heading-title elementor-size-default\"><a href=\"https:\/\/thebestofflorianopolis.com\/en\/historic-center\/\">Vale a Pena Ficar no Centro de Florian\u00f3polis?<\/a><\/h3>\t\t\t\t<\/div>\n\t\t\t\t<\/div>\n\t\t\t\t<\/div>\n\t\t<div class=\"elementor-element elementor-element-5d3d64c e-con-full e-flex e-con e-child\" data-id=\"5d3d64c\" data-element_type=\"container\" data-e-type=\"container\">\n\t\t\t\t<div class=\"elementor-element elementor-element-21a32ad elementor-widget__width-initial elementor-widget elementor-widget-image\" data-id=\"21a32ad\" data-element_type=\"widget\" data-e-type=\"widget\" data-widget_type=\"image.default\">\n\t\t\t\t<div class=\"elementor-widget-container\">\n\t\t\t\t\t\t\t\t\t\t\t\t\t\t\t\t<a href=\"https:\/\/thebestofflorianopolis.com\/en\/trilha-da-lagoinha-do-leste-e-morro-da-coroa\/\">\n\t\t\t\t\t\t\t<img loading=\"lazy\" decoding=\"async\" width=\"1\" height=\"1\" src=\"https:\/\/thebestofflorianopolis.com\/wp-content\/uploads\/2026\/01\/20231202_101510.jpg\" class=\"attachment-large size-large wp-image-2709\" alt=\"\" \/>\t\t\t\t\t\t\t\t<\/a>\n\t\t\t\t\t\t\t\t\t\t\t\t\t\t\t<\/div>\n\t\t\t\t<\/div>\n\t\t\t\t<div class=\"elementor-element elementor-element-3e5ecca elementor-widget elementor-widget-heading\" data-id=\"3e5ecca\" data-element_type=\"widget\" data-e-type=\"widget\" data-widget_type=\"heading.default\">\n\t\t\t\t<div class=\"elementor-widget-container\">\n\t\t\t\t\t<h3 class=\"elementor-heading-title elementor-size-default\"><a href=\"https:\/\/thebestofflorianopolis.com\/en\/trilha-da-lagoinha-do-leste-e-morro-da-coroa\/\">Trilha da Lagoinha do Leste e Morro da Coroa<\/a><\/h3>\t\t\t\t<\/div>\n\t\t\t\t<\/div>\n\t\t\t\t<\/div>\n\t\t\t\t<\/div>\n\t\t<div class=\"elementor-element elementor-element-082340c e-flex e-con-boxed e-con e-parent\" data-id=\"082340c\" data-element_type=\"container\" data-e-type=\"container\">\n\t\t\t\t\t<div class=\"e-con-inner\">\n\t\t\t\t<div class=\"elementor-element elementor-element-4fccbc1 elementor-widget-divider--view-line elementor-widget elementor-widget-divider\" data-id=\"4fccbc1\" data-element_type=\"widget\" data-e-type=\"widget\" data-widget_type=\"divider.default\">\n\t\t\t\t<div class=\"elementor-widget-container\">\n\t\t\t\t\t\t\t<div class=\"elementor-divider\">\n\t\t\t<span class=\"elementor-divider-separator\">\n\t\t\t\t\t\t<\/span>\n\t\t<\/div>\n\t\t\t\t\t\t<\/div>\n\t\t\t\t<\/div>\n\t\t\t\t\t<\/div>\n\t\t\t\t<\/div>\n\t\t\t\t<\/div>","protected":false},"excerpt":{"rendered":"<p>Artigos Passeio de Caiaque em Florian\u00f3polis: Trilha Aqu\u00e1tica na Lagoa e Rio Vermelho Melhores Trilhas de Floripa: 8 Caminhadas Imperd\u00edveis na Ilha da Magia Aprenda a Surfar na Ilha da Magia: Aula de Surf com Instrutor em Florian\u00f3polis Sandboard nas Dunas de Floripa: Emo\u00e7\u00e3o e Vistas Incr\u00edveis com a Adrenailha Rafting no Rio Cubat\u00e3o: Aventura &hellip;<\/p>\n<p class=\"read-more\"> <a class=\"\" href=\"https:\/\/thebestofflorianopolis.com\/en\/articles\/\"> <span class=\"screen-reader-text\">Articles<\/span> Read More &raquo;<\/a><\/p>","protected":false},"author":1,"featured_media":0,"parent":0,"menu_order":0,"comment_status":"closed","ping_status":"closed","template":"","meta":{"site-sidebar-layout":"no-sidebar","site-content-layout":"page-builder","ast-site-content-layout":"full-width-container","site-content-style":"default","site-sidebar-style":"default","ast-global-header-display":"","ast-banner-title-visibility":"","ast-main-header-display":"","ast-hfb-above-header-display":"","ast-hfb-below-header-display":"","ast-hfb-mobile-header-display":"","site-post-title":"disabled","ast-breadcrumbs-content":"","ast-featured-img":"disabled","footer-sml-layout":"","theme-transparent-header-meta":"enabled","adv-header-id-meta":"","stick-header-meta":"","header-above-stick-meta":"","header-main-stick-meta":"","header-below-stick-meta":"","astra-migrate-meta-layouts":"set","footnotes":""},"class_list":["post-1782","page","type-page","status-publish","hentry"],"_links":{"self":[{"href":"https:\/\/thebestofflorianopolis.com\/en\/wp-json\/wp\/v2\/pages\/1782","targetHints":{"allow":["GET"]}}],"collection":[{"href":"https:\/\/thebestofflorianopolis.com\/en\/wp-json\/wp\/v2\/pages"}],"about":[{"href":"https:\/\/thebestofflorianopolis.com\/en\/wp-json\/wp\/v2\/types\/page"}],"author":[{"embeddable":true,"href":"https:\/\/thebestofflorianopolis.com\/en\/wp-json\/wp\/v2\/users\/1"}],"replies":[{"embeddable":true,"href":"https:\/\/thebestofflorianopolis.com\/en\/wp-json\/wp\/v2\/comments?post=1782"}],"version-history":[{"count":109,"href":"https:\/\/thebestofflorianopolis.com\/en\/wp-json\/wp\/v2\/pages\/1782\/revisions"}],"predecessor-version":[{"id":2909,"href":"https:\/\/thebestofflorianopolis.com\/en\/wp-json\/wp\/v2\/pages\/1782\/revisions\/2909"}],"wp:attachment":[{"href":"https:\/\/thebestofflorianopolis.com\/en\/wp-json\/wp\/v2\/media?parent=1782"}],"curies":[{"name":"wp","href":"https:\/\/api.w.org\/{rel}","templated":true}]}}